{"id":375,"date":"2021-06-03T00:52:32","date_gmt":"2021-06-03T00:52:32","guid":{"rendered":"https:\/\/ebookifa.com\/wp\/?post_type=product&#038;p=375"},"modified":"2022-04-19T19:13:37","modified_gmt":"2022-04-19T19:13:37","slug":"ifa-recompondra-nuestro-mundo-roto","status":"publish","type":"product","link":"https:\/\/ebookifa.com\/wp\/producto\/ifa-recompondra-nuestro-mundo-roto\/","title":{"rendered":"Ifa Recompondra Nuestro Mundo Roto"},"content":{"rendered":"<div class=\"page\" title=\"Page 2\">\n<div class=\"layoutArea\">\n<div class=\"column\">\n<p><strong>I\u0301ndice <\/strong><\/p>\n<p>Prefacio<\/p>\n<\/div>\n<\/div>\n<div class=\"layoutArea\">\n<div class=\"column\">\n<p><span style=\"font-size: 16px;\">Notas sobre la tipografi\u0301a y el uso de las palabras <\/span><\/p>\n<p><span style=\"font-size: 16px;\">El Sr. Por la fuerza y el deterioro del Mundo <\/span><\/p>\n<p><span style=\"font-size: 16px;\">Un nuevo convenio<\/span><\/p>\n<p><span style=\"font-size: 16px;\">La misio\u0301n del A\u0300wi\u0301se <\/span><\/p>\n<p><span style=\"font-size: 16px;\">Conferencias mundiales de O\u0300ri\u0300sa\u0300<\/span><\/p>\n<p><span style=\"font-size: 16px;\">Valores de la religio\u0301n O\u0300ri\u0300sa\u0300<\/span><\/p>\n<p><span style=\"font-size: 16px;\">La vida de Abi\u0301mbo\u0301la\u0301<\/span><\/p>\n<p><span style=\"font-size: 16px;\">Mitologi\u0301a Yoru\u0300ba\u0301 (la tierra como O\u0300ri\u0300sa\u0300)<\/span><\/p>\n<p><span style=\"font-size: 16px;\">Liderazgo Yoru\u0300ba\u0301<\/span><\/p>\n<p><span style=\"font-size: 16px;\">Palabras Poderosas<\/span><\/p>\n<p><span style=\"font-size: 16px;\">O\u0300sa-i\u0300n<\/span><\/p>\n<p><span style=\"font-size: 16px;\">Erinle\u0300<\/span><\/p>\n<p><span style=\"font-size: 16px;\">O\u0300gu\u0301n<\/span><\/p>\n<p><span style=\"font-size: 16px;\">Sa\u0300ngo\u0301<\/span><\/p>\n<p><span style=\"font-size: 16px;\">I\u0300beji\u0301\u00a0<\/span><\/p>\n<\/div>\n<\/div>\n<\/div>\n<div class=\"page\" title=\"Page 3\">\n<div class=\"layoutArea\">\n<div class=\"column\">\n<p>El sacrificio como forma de cura<\/p>\n<p>Mitologi\u0301as rivales<\/p>\n<p>Ifa\u0301 y la gente Yoru\u0300ba\u0301<\/p>\n<p>Textos escritos y orales<\/p>\n<p>Versos de Ifa\u0301<\/p>\n<p>Religio\u0301n Yoru\u0300ba\u0301, religio\u0301n del mundo<\/p>\n<p>La nacio\u0301n Yoru\u0300ba\u0301 dentro de la comunidad Africana occidental<\/p>\n<p>Lu\u0300ku\u0300mi: Yoru\u0300ba\u0301 en Cuba<\/p>\n<p>Astrologi\u0301a<\/p>\n<p>Tiempo<\/p>\n<p>Te\u0301rminos Lu\u0300ku\u0300mi\/Yoru\u0300ba\u0301<\/p>\n<p>Ba\u0300ta\u0301, Du\u0300ndu\u0301n y la literatura del Tambor<\/p>\n<p>Lenguaje y genero<\/p>\n<p>Problemas de traduccio\u0301n<\/p>\n<p>Genero<\/p>\n<p>&nbsp;<\/p>\n<\/div>\n<\/div>\n<\/div>\n","protected":false},"excerpt":{"rendered":"<p>I\u0301ndice Prefacio Notas sobre la tipografi\u0301a y el uso de las palabras El Sr. Por la fuerza y el deterioro del Mundo Un nuevo convenio La misio\u0301n del A\u0300wi\u0301se Conferencias mundiales de O\u0300ri\u0300sa\u0300 Valores de la religio\u0301n O\u0300ri\u0300sa\u0300 La vida de Abi\u0301mbo\u0301la\u0301 Mitologi\u0301a Yoru\u0300ba\u0301 (la tierra como O\u0300ri\u0300sa\u0300) Liderazgo Yoru\u0300ba\u0301 Palabras Poderosas O\u0300sa-i\u0300n Erinle\u0300 O\u0300gu\u0301n [&hellip;]<\/p>\n","protected":false},"featured_media":675,"comment_status":"open","ping_status":"closed","template":"","meta":{"_eb_attr":"","site-sidebar-layout":"default","site-content-layout":"default","ast-site-content-layout":"default","site-content-style":"default","site-sidebar-style":"default","ast-global-header-display":"","ast-banner-title-visibility":"","ast-main-header-display":"","ast-hfb-above-header-display":"","ast-hfb-below-header-display":"","ast-hfb-mobile-header-display":"","site-post-title":"","ast-breadcrumbs-content":"","ast-featured-img":"","footer-sml-layout":"","ast-disable-related-posts":"","theme-transparent-header-meta":"default","adv-header-id-meta":"","stick-header-meta":"","header-above-stick-meta":"","header-main-stick-meta":"","header-below-stick-meta":"","astra-migrate-meta-layouts":"default","ast-page-background-enabled":"default","ast-page-background-meta":{"desktop":{"background-color":"","background-image":"","background-repeat":"repeat","background-position":"center center","background-size":"auto","background-attachment":"scroll","background-type":"","background-media":"","overlay-type":"","overlay-color":"","overlay-opacity":"","overlay-gradient":""},"tablet":{"background-color":"","background-image":"","background-repeat":"repeat","background-position":"center center","background-size":"auto","background-attachment":"scroll","background-type":"","background-media":"","overlay-type":"","overlay-color":"","overlay-opacity":"","overlay-gradient":""},"mobile":{"background-color":"","background-image":"","background-repeat":"repeat","background-position":"center center","background-size":"auto","background-attachment":"scroll","background-type":"","background-media":"","overlay-type":"","overlay-color":"","overlay-opacity":"","overlay-gradient":""}},"ast-content-background-meta":{"desktop":{"background-color":"var(--ast-global-color-5)","background-image":"","background-repeat":"repeat","background-position":"center center","background-size":"auto","background-attachment":"scroll","background-type":"","background-media":"","overlay-type":"","overlay-color":"","overlay-opacity":"","overlay-gradient":""},"tablet":{"background-color":"var(--ast-global-color-5)","background-image":"","background-repeat":"repeat","background-position":"center center","background-size":"auto","background-attachment":"scroll","background-type":"","background-media":"","overlay-type":"","overlay-color":"","overlay-opacity":"","overlay-gradient":""},"mobile":{"background-color":"var(--ast-global-color-5)","background-image":"","background-repeat":"repeat","background-position":"center center","background-size":"auto","background-attachment":"scroll","background-type":"","background-media":"","overlay-type":"","overlay-color":"","overlay-opacity":"","overlay-gradient":""}}},"product_brand":[],"product_cat":[77],"product_tag":[],"class_list":{"0":"post-375","1":"product","2":"type-product","3":"status-publish","4":"has-post-thumbnail","6":"product_cat-libros-en-espanol","7":"desktop-align-left","8":"tablet-align-left","9":"mobile-align-left","11":"first","12":"instock","13":"sale","14":"shipping-taxable","15":"purchasable","16":"product-type-simple"},"yoast_head":"<!-- This site is optimized with the Yoast SEO plugin v27.4 - https:\/\/yoast.com\/product\/yoast-seo-wordpress\/ -->\n<title>Ifa Recompondra Nuestro Mundo Roto - E-book Ifa Store<\/title>\n<meta name=\"description\" content=\"Notas sobre la tipograf\u00eda y el uso de las palabrasEl Sr. Por la fuerza y el deterioro del MundoUn nuevo convenioLa misi\u00f3n del \u00c0w\u00edse\" \/>\n<meta name=\"robots\" content=\"index, follow, max-snippet:-1, max-image-preview:large, max-video-preview:-1\" \/>\n<link rel=\"canonical\" href=\"https:\/\/ebookifa.com\/wp\/producto\/ifa-recompondra-nuestro-mundo-roto\/\" \/>\n<meta property=\"og:locale\" content=\"en_US\" \/>\n<meta property=\"og:type\" content=\"article\" \/>\n<meta property=\"og:title\" content=\"Ifa Recompondra Nuestro Mundo Roto - E-book Ifa Store\" \/>\n<meta property=\"og:description\" content=\"Notas sobre la tipograf\u00eda y el uso de las palabrasEl Sr. Por la fuerza y el deterioro del MundoUn nuevo convenioLa misi\u00f3n del \u00c0w\u00edse\" \/>\n<meta property=\"og:url\" content=\"https:\/\/ebookifa.com\/wp\/producto\/ifa-recompondra-nuestro-mundo-roto\/\" \/>\n<meta property=\"og:site_name\" content=\"E-book Ifa Store\" \/>\n<meta property=\"article:modified_time\" content=\"2022-04-19T19:13:37+00:00\" \/>\n<meta property=\"og:image\" content=\"https:\/\/ebookifa.com\/wp\/wp-content\/uploads\/2021\/06\/51BQ6JgFrrL._SX342_SY445_QL70_ML2_.jpeg\" \/>\n\t<meta property=\"og:image:width\" content=\"295\" \/>\n\t<meta property=\"og:image:height\" content=\"445\" \/>\n\t<meta property=\"og:image:type\" content=\"image\/jpeg\" \/>\n<meta name=\"twitter:card\" content=\"summary_large_image\" \/>\n<meta name=\"twitter:label1\" content=\"Est. reading time\" \/>\n\t<meta name=\"twitter:data1\" content=\"1 minute\" \/>\n<script type=\"application\/ld+json\" class=\"yoast-schema-graph\">{\"@context\":\"https:\\\/\\\/schema.org\",\"@graph\":[{\"@type\":\"WebPage\",\"@id\":\"https:\\\/\\\/ebookifa.com\\\/wp\\\/producto\\\/ifa-recompondra-nuestro-mundo-roto\\\/\",\"url\":\"https:\\\/\\\/ebookifa.com\\\/wp\\\/producto\\\/ifa-recompondra-nuestro-mundo-roto\\\/\",\"name\":\"Ifa Recompondra Nuestro Mundo Roto - E-book Ifa Store\",\"isPartOf\":{\"@id\":\"https:\\\/\\\/ebookifa.com\\\/wp\\\/#website\"},\"primaryImageOfPage\":{\"@id\":\"https:\\\/\\\/ebookifa.com\\\/wp\\\/producto\\\/ifa-recompondra-nuestro-mundo-roto\\\/#primaryimage\"},\"image\":{\"@id\":\"https:\\\/\\\/ebookifa.com\\\/wp\\\/producto\\\/ifa-recompondra-nuestro-mundo-roto\\\/#primaryimage\"},\"thumbnailUrl\":\"https:\\\/\\\/ebookifa.com\\\/wp\\\/wp-content\\\/uploads\\\/2021\\\/06\\\/51BQ6JgFrrL._SX342_SY445_QL70_ML2_.jpeg\",\"datePublished\":\"2021-06-03T00:52:32+00:00\",\"dateModified\":\"2022-04-19T19:13:37+00:00\",\"description\":\"Notas sobre la tipograf\u00eda y el uso de las palabrasEl Sr. Por la fuerza y el deterioro del MundoUn nuevo convenioLa misi\u00f3n del \u00c0w\u00edse\",\"breadcrumb\":{\"@id\":\"https:\\\/\\\/ebookifa.com\\\/wp\\\/producto\\\/ifa-recompondra-nuestro-mundo-roto\\\/#breadcrumb\"},\"inLanguage\":\"en-US\",\"potentialAction\":[{\"@type\":\"ReadAction\",\"target\":[\"https:\\\/\\\/ebookifa.com\\\/wp\\\/producto\\\/ifa-recompondra-nuestro-mundo-roto\\\/\"]}]},{\"@type\":\"ImageObject\",\"inLanguage\":\"en-US\",\"@id\":\"https:\\\/\\\/ebookifa.com\\\/wp\\\/producto\\\/ifa-recompondra-nuestro-mundo-roto\\\/#primaryimage\",\"url\":\"https:\\\/\\\/ebookifa.com\\\/wp\\\/wp-content\\\/uploads\\\/2021\\\/06\\\/51BQ6JgFrrL._SX342_SY445_QL70_ML2_.jpeg\",\"contentUrl\":\"https:\\\/\\\/ebookifa.com\\\/wp\\\/wp-content\\\/uploads\\\/2021\\\/06\\\/51BQ6JgFrrL._SX342_SY445_QL70_ML2_.jpeg\",\"width\":295,\"height\":445},{\"@type\":\"BreadcrumbList\",\"@id\":\"https:\\\/\\\/ebookifa.com\\\/wp\\\/producto\\\/ifa-recompondra-nuestro-mundo-roto\\\/#breadcrumb\",\"itemListElement\":[{\"@type\":\"ListItem\",\"position\":1,\"name\":\"Portada\",\"item\":\"https:\\\/\\\/ebookifa.com\\\/wp\\\/\"},{\"@type\":\"ListItem\",\"position\":2,\"name\":\"Store\",\"item\":\"https:\\\/\\\/ebookifa.com\\\/wp\\\/tienda\\\/\"},{\"@type\":\"ListItem\",\"position\":3,\"name\":\"Ifa Recompondra Nuestro Mundo Roto\"}]},{\"@type\":\"WebSite\",\"@id\":\"https:\\\/\\\/ebookifa.com\\\/wp\\\/#website\",\"url\":\"https:\\\/\\\/ebookifa.com\\\/wp\\\/\",\"name\":\"E-book Ifa Store\",\"description\":\"My WordPress Blog\",\"publisher\":{\"@id\":\"https:\\\/\\\/ebookifa.com\\\/wp\\\/#\\\/schema\\\/person\\\/f9caa434d3fd96bdb215d86e20928259\"},\"potentialAction\":[{\"@type\":\"SearchAction\",\"target\":{\"@type\":\"EntryPoint\",\"urlTemplate\":\"https:\\\/\\\/ebookifa.com\\\/wp\\\/?s={search_term_string}\"},\"query-input\":{\"@type\":\"PropertyValueSpecification\",\"valueRequired\":true,\"valueName\":\"search_term_string\"}}],\"inLanguage\":\"en-US\"},{\"@type\":[\"Person\",\"Organization\"],\"@id\":\"https:\\\/\\\/ebookifa.com\\\/wp\\\/#\\\/schema\\\/person\\\/f9caa434d3fd96bdb215d86e20928259\",\"name\":\"admin\",\"image\":{\"@type\":\"ImageObject\",\"inLanguage\":\"en-US\",\"@id\":\"https:\\\/\\\/ebookifa.com\\\/wp\\\/wp-content\\\/uploads\\\/2021\\\/04\\\/cropped-large-2.png\",\"url\":\"https:\\\/\\\/ebookifa.com\\\/wp\\\/wp-content\\\/uploads\\\/2021\\\/04\\\/cropped-large-2.png\",\"contentUrl\":\"https:\\\/\\\/ebookifa.com\\\/wp\\\/wp-content\\\/uploads\\\/2021\\\/04\\\/cropped-large-2.png\",\"width\":600,\"height\":391,\"caption\":\"admin\"},\"logo\":{\"@id\":\"https:\\\/\\\/ebookifa.com\\\/wp\\\/wp-content\\\/uploads\\\/2021\\\/04\\\/cropped-large-2.png\"},\"sameAs\":[\"https:\\\/\\\/ebookifa.com\\\/wp\"]}]}<\/script>\n<!-- \/ Yoast SEO plugin. -->","yoast_head_json":{"title":"Ifa Recompondra Nuestro Mundo Roto - E-book Ifa Store","description":"Notas sobre la tipograf\u00eda y el uso de las palabrasEl Sr. Por la fuerza y el deterioro del MundoUn nuevo convenioLa misi\u00f3n del \u00c0w\u00edse","robots":{"index":"index","follow":"follow","max-snippet":"max-snippet:-1","max-image-preview":"max-image-preview:large","max-video-preview":"max-video-preview:-1"},"canonical":"https:\/\/ebookifa.com\/wp\/producto\/ifa-recompondra-nuestro-mundo-roto\/","og_locale":"en_US","og_type":"article","og_title":"Ifa Recompondra Nuestro Mundo Roto - E-book Ifa Store","og_description":"Notas sobre la tipograf\u00eda y el uso de las palabrasEl Sr. Por la fuerza y el deterioro del MundoUn nuevo convenioLa misi\u00f3n del \u00c0w\u00edse","og_url":"https:\/\/ebookifa.com\/wp\/producto\/ifa-recompondra-nuestro-mundo-roto\/","og_site_name":"E-book Ifa Store","article_modified_time":"2022-04-19T19:13:37+00:00","og_image":[{"width":295,"height":445,"url":"https:\/\/ebookifa.com\/wp\/wp-content\/uploads\/2021\/06\/51BQ6JgFrrL._SX342_SY445_QL70_ML2_.jpeg","type":"image\/jpeg"}],"twitter_card":"summary_large_image","twitter_misc":{"Est. reading time":"1 minute"},"schema":{"@context":"https:\/\/schema.org","@graph":[{"@type":"WebPage","@id":"https:\/\/ebookifa.com\/wp\/producto\/ifa-recompondra-nuestro-mundo-roto\/","url":"https:\/\/ebookifa.com\/wp\/producto\/ifa-recompondra-nuestro-mundo-roto\/","name":"Ifa Recompondra Nuestro Mundo Roto - E-book Ifa Store","isPartOf":{"@id":"https:\/\/ebookifa.com\/wp\/#website"},"primaryImageOfPage":{"@id":"https:\/\/ebookifa.com\/wp\/producto\/ifa-recompondra-nuestro-mundo-roto\/#primaryimage"},"image":{"@id":"https:\/\/ebookifa.com\/wp\/producto\/ifa-recompondra-nuestro-mundo-roto\/#primaryimage"},"thumbnailUrl":"https:\/\/ebookifa.com\/wp\/wp-content\/uploads\/2021\/06\/51BQ6JgFrrL._SX342_SY445_QL70_ML2_.jpeg","datePublished":"2021-06-03T00:52:32+00:00","dateModified":"2022-04-19T19:13:37+00:00","description":"Notas sobre la tipograf\u00eda y el uso de las palabrasEl Sr. Por la fuerza y el deterioro del MundoUn nuevo convenioLa misi\u00f3n del \u00c0w\u00edse","breadcrumb":{"@id":"https:\/\/ebookifa.com\/wp\/producto\/ifa-recompondra-nuestro-mundo-roto\/#breadcrumb"},"inLanguage":"en-US","potentialAction":[{"@type":"ReadAction","target":["https:\/\/ebookifa.com\/wp\/producto\/ifa-recompondra-nuestro-mundo-roto\/"]}]},{"@type":"ImageObject","inLanguage":"en-US","@id":"https:\/\/ebookifa.com\/wp\/producto\/ifa-recompondra-nuestro-mundo-roto\/#primaryimage","url":"https:\/\/ebookifa.com\/wp\/wp-content\/uploads\/2021\/06\/51BQ6JgFrrL._SX342_SY445_QL70_ML2_.jpeg","contentUrl":"https:\/\/ebookifa.com\/wp\/wp-content\/uploads\/2021\/06\/51BQ6JgFrrL._SX342_SY445_QL70_ML2_.jpeg","width":295,"height":445},{"@type":"BreadcrumbList","@id":"https:\/\/ebookifa.com\/wp\/producto\/ifa-recompondra-nuestro-mundo-roto\/#breadcrumb","itemListElement":[{"@type":"ListItem","position":1,"name":"Portada","item":"https:\/\/ebookifa.com\/wp\/"},{"@type":"ListItem","position":2,"name":"Store","item":"https:\/\/ebookifa.com\/wp\/tienda\/"},{"@type":"ListItem","position":3,"name":"Ifa Recompondra Nuestro Mundo Roto"}]},{"@type":"WebSite","@id":"https:\/\/ebookifa.com\/wp\/#website","url":"https:\/\/ebookifa.com\/wp\/","name":"E-book Ifa Store","description":"My WordPress Blog","publisher":{"@id":"https:\/\/ebookifa.com\/wp\/#\/schema\/person\/f9caa434d3fd96bdb215d86e20928259"},"potentialAction":[{"@type":"SearchAction","target":{"@type":"EntryPoint","urlTemplate":"https:\/\/ebookifa.com\/wp\/?s={search_term_string}"},"query-input":{"@type":"PropertyValueSpecification","valueRequired":true,"valueName":"search_term_string"}}],"inLanguage":"en-US"},{"@type":["Person","Organization"],"@id":"https:\/\/ebookifa.com\/wp\/#\/schema\/person\/f9caa434d3fd96bdb215d86e20928259","name":"admin","image":{"@type":"ImageObject","inLanguage":"en-US","@id":"https:\/\/ebookifa.com\/wp\/wp-content\/uploads\/2021\/04\/cropped-large-2.png","url":"https:\/\/ebookifa.com\/wp\/wp-content\/uploads\/2021\/04\/cropped-large-2.png","contentUrl":"https:\/\/ebookifa.com\/wp\/wp-content\/uploads\/2021\/04\/cropped-large-2.png","width":600,"height":391,"caption":"admin"},"logo":{"@id":"https:\/\/ebookifa.com\/wp\/wp-content\/uploads\/2021\/04\/cropped-large-2.png"},"sameAs":["https:\/\/ebookifa.com\/wp"]}]}},"_links":{"self":[{"href":"https:\/\/ebookifa.com\/wp\/wp-json\/wp\/v2\/product\/375","targetHints":{"allow":["GET"]}}],"collection":[{"href":"https:\/\/ebookifa.com\/wp\/wp-json\/wp\/v2\/product"}],"about":[{"href":"https:\/\/ebookifa.com\/wp\/wp-json\/wp\/v2\/types\/product"}],"replies":[{"embeddable":true,"href":"https:\/\/ebookifa.com\/wp\/wp-json\/wp\/v2\/comments?post=375"}],"wp:featuredmedia":[{"embeddable":true,"href":"https:\/\/ebookifa.com\/wp\/wp-json\/wp\/v2\/media\/675"}],"wp:attachment":[{"href":"https:\/\/ebookifa.com\/wp\/wp-json\/wp\/v2\/media?parent=375"}],"wp:term":[{"taxonomy":"product_brand","embeddable":true,"href":"https:\/\/ebookifa.com\/wp\/wp-json\/wp\/v2\/product_brand?post=375"},{"taxonomy":"product_cat","embeddable":true,"href":"https:\/\/ebookifa.com\/wp\/wp-json\/wp\/v2\/product_cat?post=375"},{"taxonomy":"product_tag","embeddable":true,"href":"https:\/\/ebookifa.com\/wp\/wp-json\/wp\/v2\/product_tag?post=375"}],"curies":[{"name":"wp","href":"https:\/\/api.w.org\/{rel}","templated":true}]}}