{"id":364,"date":"2021-06-01T22:05:44","date_gmt":"2021-06-01T22:05:44","guid":{"rendered":"https:\/\/ebookifa.com\/wp\/?post_type=product&#038;p=364"},"modified":"2021-06-01T22:07:55","modified_gmt":"2021-06-01T22:07:55","slug":"akose-ifa-libro-del-exito","status":"publish","type":"product","link":"https:\/\/ebookifa.com\/wp\/producto\/akose-ifa-libro-del-exito\/","title":{"rendered":"Akose Ifa Libro del Exito"},"content":{"rendered":"<p><strong>Resumen<\/strong><\/p>\n<ol>\n<li>Adelante<\/li>\n<li>Acerca de El Libro<\/li>\n<li>Medicina para Atraer Gente a tu Negocio (<em>itaja<\/em>)<\/li>\n<li>Avance Financiero (<em>A<\/em><em>\u1e63<\/em><em>ina<\/em>)<\/li>\n<li><strong>Medicina para satisfacer las necesidades financieras (<em>Asiri Bibo<\/em>)<\/strong><\/li>\n<\/ol>\n<p>Ingredientes<\/p>\n<p>Preparaci\u00f3n<\/p>\n<ol start=\"4\">\n<li><strong>Lib\u00e9rate de Esclavitud Espiritual (<em>Atude<\/em>)<\/strong><\/li>\n<\/ol>\n<p>Ingredientes<\/p>\n<p>Preparaci\u00f3n<\/p>\n<ol start=\"5\">\n<li><strong>Misericordia y el Avance Financiero (<em>Eyonu A<\/em><em>\u1e63<\/em><em>ina<\/em>)<\/strong><\/li>\n<li>Para que los clientes vengan y te favorezcan, y Para que vendas tu\u00a0<span style=\"font-size: 16px;\">producto pronto (<\/span><em style=\"font-size: 16px;\">Aw<\/em><em style=\"font-size: 16px;\">\u1ecd<\/em><em style=\"font-size: 16px;\">ro<\/em><span style=\"font-size: 16px;\">) \u00a0 \u00a0 \u00a0 \u00a0 \u00a0 \u00a0 \u00a0 \u00a0 \u00a0 \u00a0 \u00a0 \u00a0 \u00a0 \u00a0 \u00a0 \u00a0 \u00a0 \u00a0 \u00a0 \u00a0 \u00a0 \u00a0 \u00a0 \u00a0 \u00a0 \u00a0 \u00a0 \u00a0 \u00a0 \u00a0 \u00a0\u00a0<\/span><\/li>\n<\/ol>\n<ol start=\"7\">\n<li>Medicina para que las personas te traigan fortuna (<em>Ki Won Fi Ire<\/em> <em>Wawa Ri<\/em>)<\/li>\n<li>Misericordia y Avance Financieros (<em>Eyonu<\/em> <em>A<\/em><em>\u1e63<\/em><em>ina<\/em>)<\/li>\n<li>Para que la Gente te Perd\u00f3n (<em>Aforijin<\/em>)<\/li>\n<li>Misericordia (<em>Eyonu<\/em>)<\/li>\n<li>\u00c9xito Financiero (<em>Awure<\/em>)<\/li>\n<li><span style=\"font-size: 16px;\">Encantaciones<\/span><\/li>\n<\/ol>\n<ol start=\"12\">\n<li><strong>Para que Personas te den Dinero<\/strong><\/li>\n<\/ol>\n<p>Ingredientes<\/p>\n<p>Preparaci\u00f3n<\/p>\n<p>Usos<\/p>\n<ol start=\"13\">\n<li><strong>Medicina para satisfacer las necesidades financieras (Bib o Asiri)<\/strong><\/li>\n<\/ol>\n<p>Ingredientes<\/p>\n<p>Preparaci\u00f3n<\/p>\n<p>Usos<\/p>\n<ol start=\"14\">\n<li><strong>Perd\u00f3n y El Avance Financiero (Eyonu <em>A<\/em><em>\u1e63<\/em><em>ina<\/em>)<\/strong><\/li>\n<\/ol>\n<p>Ingredientes<\/p>\n<p>Preparaci\u00f3n<\/p>\n<p>Usos<\/p>\n<ol start=\"15\">\n<li><strong>Avance Financiero (A\u1e63ina)<\/strong><\/li>\n<\/ol>\n<p>Ingredientes<\/p>\n<p>Preparaci\u00f3n<\/p>\n<p>Usos<\/p>\n<ol start=\"16\">\n<li><strong>Para que Vendas tu Producto R\u00e1pido (<em>Itaja<\/em>)<\/strong><\/li>\n<\/ol>\n<p>Ingredientes<\/p>\n<p>Preparaci\u00f3n<\/p>\n<p>Usos<\/p>\n<ol start=\"17\">\n<li><strong>Para Quitar una Maldici\u00f3n (<em>Pa Egun Run<\/em>)<\/strong><\/li>\n<\/ol>\n<p>Ingredientes<\/p>\n<p>Preparaci\u00f3n<\/p>\n<p>Usos<\/p>\n<ol start=\"18\">\n<li><strong>Perd\u00f3n de los Mayores de la Noche (<em>Eyonu Aye<\/em>)<\/strong><\/li>\n<\/ol>\n<p>Ingredientes<\/p>\n<p>Preparaci\u00f3n<\/p>\n<p>Usos<\/p>\n<ol start=\"19\">\n<li><strong>\u00c9xito Financiero (<em>Awure<\/em>)<\/strong><\/li>\n<\/ol>\n<p>Ingredientes<\/p>\n<p>Preparaci\u00f3n<\/p>\n<p>Usos<\/p>\n<p><strong>20. Para que las Gente te de Dinero (<em>Atewo Gba<\/em>)<\/strong><\/p>\n<p>Ingredientes<\/p>\n<p>Preparaci\u00f3n<\/p>\n<p>Usos<\/p>\n<ol start=\"21\">\n<li><strong>Misericordia y \u00c9xito Financiero (<em>Eyonu Awure<\/em>)<\/strong><\/li>\n<\/ol>\n<p>Ingredientes<\/p>\n<p>Preparaci\u00f3n<\/p>\n<p>Usos<\/p>\n<ol start=\"22\">\n<li><strong>Para Los Mayores de la Noche que te den Apoyo Financiero (<em>A<\/em><em>\u1e63<\/em><em>ina<\/em> <em>Iyami<\/em>)<\/strong><\/li>\n<\/ol>\n<p>Ingredientes<\/p>\n<p>Preparaci\u00f3n<\/p>\n<p>Usos<\/p>\n<ol start=\"23\">\n<li><strong>Para que Las Gente Tenga Misericordia a Ti (<em>Eyonu<\/em>)<\/strong><\/li>\n<\/ol>\n<p>Ingredientes<\/p>\n<p>Preparaci\u00f3n<\/p>\n<p>Usos<\/p>\n<ol start=\"24\">\n<li><strong>Para que Las Gente Tenga Misericordia a Ti (<em>Eyonu<\/em>)<\/strong><\/li>\n<\/ol>\n<p>Ingredientes<\/p>\n<p>Preparaci\u00f3n<\/p>\n<p>Usos<\/p>\n<ol start=\"25\">\n<li><strong>Para Los Mayores de la Noche tengan Misericordia Por Ti (<em>Eyonu Aye<\/em>)<\/strong><\/li>\n<\/ol>\n<p>Ingredientes<\/p>\n<p>Preparaci\u00f3n<\/p>\n<p>Usos<\/p>\n<ol start=\"26\">\n<li><strong>Para Poder Cubrir Tus Sus Necesidades Financieros (<em>Basiri<\/em>)<\/strong><\/li>\n<\/ol>\n<p>Ingredientes<\/p>\n<p>Preparaci\u00f3n<\/p>\n<p>Usos<\/p>\n<ol start=\"27\">\n<li><strong>Lib\u00e9rate de Esclavitud Espiritual (<em>Atude<\/em>)<\/strong><\/li>\n<\/ol>\n<p>Ingredientes<\/p>\n<p>Preparaci\u00f3n<\/p>\n<p>Usos<\/p>\n<ol start=\"28\">\n<li><strong>\u00c9xito Financiero (<em>Awure<\/em>)<\/strong><\/li>\n<\/ol>\n<p>Ingredientes<\/p>\n<p>Preparaci\u00f3n<\/p>\n<p>Usos<\/p>\n<ol start=\"29\">\n<li><strong>\u00c9xito Financiero (<em>Awure<\/em>)<\/strong><\/li>\n<\/ol>\n<p>Ingredientes<\/p>\n<p>Preparaci\u00f3n<\/p>\n<p>Usos<\/p>\n<ol start=\"30\">\n<li><strong>Para Que Puedas Cubrir sus Necesidades Financieras (<em>Asiri Bibo<\/em>)<\/strong><\/li>\n<\/ol>\n<p>Ingredientes<\/p>\n<p>Preparaci\u00f3n<\/p>\n<ol start=\"31\">\n<li><strong>\u00c9xito Financiero (<em>Awure<\/em>)<\/strong><\/li>\n<\/ol>\n<p>Ingredientes<\/p>\n<p>Preparaci\u00f3n<\/p>\n<p>Usos<\/p>\n<ol start=\"32\">\n<li><strong>\u00c9xito Financiero (<em>Awure<\/em>)<\/strong><\/li>\n<\/ol>\n<p>Ingredientes<\/p>\n<p>Preparaci\u00f3n<\/p>\n<p>Usos<\/p>\n<ol start=\"33\">\n<li><strong>\u00c9xito Financiero (<em>Awure<\/em>)<\/strong><\/li>\n<\/ol>\n<p>Preparaci\u00f3n<\/p>\n<p>Usos<\/p>\n<ol start=\"34\">\n<li><strong>Para Ver Su Dinero Cubrir sus Cuentas Financieras (<em>Asiri Bibo<\/em>)<\/strong><\/li>\n<\/ol>\n<p>Ingredientes<\/p>\n<p>Preparaci\u00f3n<\/p>\n<p>Usos<\/p>\n<ol start=\"35\">\n<li><strong>Para Ver Su Dinero Cubrir sus Cuentas Financieras (<em>Asiri Bibo<\/em>)<\/strong><\/li>\n<\/ol>\n<p>Ingredientes<\/p>\n<p>Preparaci\u00f3n<\/p>\n<p>Usos<\/p>\n<ol start=\"36\">\n<li><strong>\u00c9xito Financiero (<em>Awure<\/em>)<\/strong><\/li>\n<\/ol>\n<p>Ingredientes<\/p>\n<p>Preparaci\u00f3n<\/p>\n<p>Usos<\/p>\n<p>&nbsp;<\/p>\n<ul>\n<li>*Nota* Cuando, Un<strong> atare, <\/strong>(<em>Aframomum melegueta<\/em>) aparece en la lista, se usa toda una vaina completa. A menos que se indique lo contrario.<\/li>\n<li>*Nota* Todos los jabones se usan por la ma\u00f1ana, antes de irse a el trabajo.<\/li>\n<\/ul>\n<p>&nbsp;<\/p>\n","protected":false},"excerpt":{"rendered":"<p>Resumen Adelante Acerca de El Libro Medicina para Atraer Gente a tu Negocio (itaja) Avance Financiero (A\u1e63ina) Medicina para satisfacer las necesidades financieras (Asiri Bibo) Ingredientes Preparaci\u00f3n Lib\u00e9rate de Esclavitud Espiritual (Atude) Ingredientes Preparaci\u00f3n Misericordia y el Avance Financiero (Eyonu A\u1e63ina) Para que los clientes vengan y te favorezcan, y Para que vendas tu\u00a0producto pronto [&hellip;]<\/p>\n","protected":false},"featured_media":365,"comment_status":"open","ping_status":"closed","template":"","meta":{"_eb_attr":"","site-sidebar-layout":"default","site-content-layout":"default","ast-site-content-layout":"default","site-content-style":"default","site-sidebar-style":"default","ast-global-header-display":"","ast-banner-title-visibility":"","ast-main-header-display":"","ast-hfb-above-header-display":"","ast-hfb-below-header-display":"","ast-hfb-mobile-header-display":"","site-post-title":"","ast-breadcrumbs-content":"","ast-featured-img":"","footer-sml-layout":"","ast-disable-related-posts":"","theme-transparent-header-meta":"default","adv-header-id-meta":"","stick-header-meta":"","header-above-stick-meta":"","header-main-stick-meta":"","header-below-stick-meta":"","astra-migrate-meta-layouts":"default","ast-page-background-enabled":"default","ast-page-background-meta":{"desktop":{"background-color":"","background-image":"","background-repeat":"repeat","background-position":"center center","background-size":"auto","background-attachment":"scroll","background-type":"","background-media":"","overlay-type":"","overlay-color":"","overlay-opacity":"","overlay-gradient":""},"tablet":{"background-color":"","background-image":"","background-repeat":"repeat","background-position":"center center","background-size":"auto","background-attachment":"scroll","background-type":"","background-media":"","overlay-type":"","overlay-color":"","overlay-opacity":"","overlay-gradient":""},"mobile":{"background-color":"","background-image":"","background-repeat":"repeat","background-position":"center center","background-size":"auto","background-attachment":"scroll","background-type":"","background-media":"","overlay-type":"","overlay-color":"","overlay-opacity":"","overlay-gradient":""}},"ast-content-background-meta":{"desktop":{"background-color":"var(--ast-global-color-5)","background-image":"","background-repeat":"repeat","background-position":"center center","background-size":"auto","background-attachment":"scroll","background-type":"","background-media":"","overlay-type":"","overlay-color":"","overlay-opacity":"","overlay-gradient":""},"tablet":{"background-color":"var(--ast-global-color-5)","background-image":"","background-repeat":"repeat","background-position":"center center","background-size":"auto","background-attachment":"scroll","background-type":"","background-media":"","overlay-type":"","overlay-color":"","overlay-opacity":"","overlay-gradient":""},"mobile":{"background-color":"var(--ast-global-color-5)","background-image":"","background-repeat":"repeat","background-position":"center center","background-size":"auto","background-attachment":"scroll","background-type":"","background-media":"","overlay-type":"","overlay-color":"","overlay-opacity":"","overlay-gradient":""}}},"product_brand":[],"product_cat":[77],"product_tag":[],"class_list":{"0":"post-364","1":"product","2":"type-product","3":"status-publish","4":"has-post-thumbnail","6":"product_cat-libros-en-espanol","7":"desktop-align-left","8":"tablet-align-left","9":"mobile-align-left","11":"first","12":"instock","13":"sale","14":"shipping-taxable","15":"purchasable","16":"product-type-simple"},"yoast_head":"<!-- This site is optimized with the Yoast SEO plugin v27.4 - https:\/\/yoast.com\/product\/yoast-seo-wordpress\/ -->\n<title>Akose Ifa Libro del Exito - E-book Ifa Store<\/title>\n<meta name=\"description\" content=\"Diferentes tipos de medicinas como prepararlas sus ingredientes encantamientos y como deben usarse todo en espa\u00f1ol\" \/>\n<meta name=\"robots\" content=\"index, follow, max-snippet:-1, max-image-preview:large, max-video-preview:-1\" \/>\n<link rel=\"canonical\" href=\"https:\/\/ebookifa.com\/wp\/producto\/akose-ifa-libro-del-exito\/\" \/>\n<meta property=\"og:locale\" content=\"en_US\" \/>\n<meta property=\"og:type\" content=\"article\" \/>\n<meta property=\"og:title\" content=\"Akose Ifa Libro del Exito - E-book Ifa Store\" \/>\n<meta property=\"og:description\" content=\"Diferentes tipos de medicinas como prepararlas sus ingredientes encantamientos y como deben usarse todo en espa\u00f1ol\" \/>\n<meta property=\"og:url\" content=\"https:\/\/ebookifa.com\/wp\/producto\/akose-ifa-libro-del-exito\/\" \/>\n<meta property=\"og:site_name\" content=\"E-book Ifa Store\" \/>\n<meta property=\"article:modified_time\" content=\"2021-06-01T22:07:55+00:00\" \/>\n<meta property=\"og:image\" content=\"https:\/\/ebookifa.com\/wp\/wp-content\/uploads\/2021\/06\/Captura-de-Pantalla-2021-06-01-a-las-5.57.50-p.-m..png\" \/>\n\t<meta property=\"og:image:width\" content=\"596\" \/>\n\t<meta property=\"og:image:height\" content=\"565\" \/>\n\t<meta property=\"og:image:type\" content=\"image\/png\" \/>\n<meta name=\"twitter:card\" content=\"summary_large_image\" \/>\n<meta name=\"twitter:label1\" content=\"Est. reading time\" \/>\n\t<meta name=\"twitter:data1\" content=\"2 minutes\" \/>\n<script type=\"application\/ld+json\" class=\"yoast-schema-graph\">{\"@context\":\"https:\\\/\\\/schema.org\",\"@graph\":[{\"@type\":\"WebPage\",\"@id\":\"https:\\\/\\\/ebookifa.com\\\/wp\\\/producto\\\/akose-ifa-libro-del-exito\\\/\",\"url\":\"https:\\\/\\\/ebookifa.com\\\/wp\\\/producto\\\/akose-ifa-libro-del-exito\\\/\",\"name\":\"Akose Ifa Libro del Exito - E-book Ifa Store\",\"isPartOf\":{\"@id\":\"https:\\\/\\\/ebookifa.com\\\/wp\\\/#website\"},\"primaryImageOfPage\":{\"@id\":\"https:\\\/\\\/ebookifa.com\\\/wp\\\/producto\\\/akose-ifa-libro-del-exito\\\/#primaryimage\"},\"image\":{\"@id\":\"https:\\\/\\\/ebookifa.com\\\/wp\\\/producto\\\/akose-ifa-libro-del-exito\\\/#primaryimage\"},\"thumbnailUrl\":\"https:\\\/\\\/ebookifa.com\\\/wp\\\/wp-content\\\/uploads\\\/2021\\\/06\\\/Captura-de-Pantalla-2021-06-01-a-las-5.57.50-p.-m..png\",\"datePublished\":\"2021-06-01T22:05:44+00:00\",\"dateModified\":\"2021-06-01T22:07:55+00:00\",\"description\":\"Diferentes tipos de medicinas como prepararlas sus ingredientes encantamientos y como deben usarse todo en espa\u00f1ol\",\"breadcrumb\":{\"@id\":\"https:\\\/\\\/ebookifa.com\\\/wp\\\/producto\\\/akose-ifa-libro-del-exito\\\/#breadcrumb\"},\"inLanguage\":\"en-US\",\"potentialAction\":[{\"@type\":\"ReadAction\",\"target\":[\"https:\\\/\\\/ebookifa.com\\\/wp\\\/producto\\\/akose-ifa-libro-del-exito\\\/\"]}]},{\"@type\":\"ImageObject\",\"inLanguage\":\"en-US\",\"@id\":\"https:\\\/\\\/ebookifa.com\\\/wp\\\/producto\\\/akose-ifa-libro-del-exito\\\/#primaryimage\",\"url\":\"https:\\\/\\\/ebookifa.com\\\/wp\\\/wp-content\\\/uploads\\\/2021\\\/06\\\/Captura-de-Pantalla-2021-06-01-a-las-5.57.50-p.-m..png\",\"contentUrl\":\"https:\\\/\\\/ebookifa.com\\\/wp\\\/wp-content\\\/uploads\\\/2021\\\/06\\\/Captura-de-Pantalla-2021-06-01-a-las-5.57.50-p.-m..png\",\"width\":596,\"height\":565},{\"@type\":\"BreadcrumbList\",\"@id\":\"https:\\\/\\\/ebookifa.com\\\/wp\\\/producto\\\/akose-ifa-libro-del-exito\\\/#breadcrumb\",\"itemListElement\":[{\"@type\":\"ListItem\",\"position\":1,\"name\":\"Portada\",\"item\":\"https:\\\/\\\/ebookifa.com\\\/wp\\\/\"},{\"@type\":\"ListItem\",\"position\":2,\"name\":\"Store\",\"item\":\"https:\\\/\\\/ebookifa.com\\\/wp\\\/tienda\\\/\"},{\"@type\":\"ListItem\",\"position\":3,\"name\":\"Akose Ifa Libro del Exito\"}]},{\"@type\":\"WebSite\",\"@id\":\"https:\\\/\\\/ebookifa.com\\\/wp\\\/#website\",\"url\":\"https:\\\/\\\/ebookifa.com\\\/wp\\\/\",\"name\":\"E-book Ifa Store\",\"description\":\"My WordPress Blog\",\"publisher\":{\"@id\":\"https:\\\/\\\/ebookifa.com\\\/wp\\\/#\\\/schema\\\/person\\\/f9caa434d3fd96bdb215d86e20928259\"},\"potentialAction\":[{\"@type\":\"SearchAction\",\"target\":{\"@type\":\"EntryPoint\",\"urlTemplate\":\"https:\\\/\\\/ebookifa.com\\\/wp\\\/?s={search_term_string}\"},\"query-input\":{\"@type\":\"PropertyValueSpecification\",\"valueRequired\":true,\"valueName\":\"search_term_string\"}}],\"inLanguage\":\"en-US\"},{\"@type\":[\"Person\",\"Organization\"],\"@id\":\"https:\\\/\\\/ebookifa.com\\\/wp\\\/#\\\/schema\\\/person\\\/f9caa434d3fd96bdb215d86e20928259\",\"name\":\"admin\",\"image\":{\"@type\":\"ImageObject\",\"inLanguage\":\"en-US\",\"@id\":\"https:\\\/\\\/ebookifa.com\\\/wp\\\/wp-content\\\/uploads\\\/2021\\\/04\\\/cropped-large-2.png\",\"url\":\"https:\\\/\\\/ebookifa.com\\\/wp\\\/wp-content\\\/uploads\\\/2021\\\/04\\\/cropped-large-2.png\",\"contentUrl\":\"https:\\\/\\\/ebookifa.com\\\/wp\\\/wp-content\\\/uploads\\\/2021\\\/04\\\/cropped-large-2.png\",\"width\":600,\"height\":391,\"caption\":\"admin\"},\"logo\":{\"@id\":\"https:\\\/\\\/ebookifa.com\\\/wp\\\/wp-content\\\/uploads\\\/2021\\\/04\\\/cropped-large-2.png\"},\"sameAs\":[\"https:\\\/\\\/ebookifa.com\\\/wp\"]}]}<\/script>\n<!-- \/ Yoast SEO plugin. -->","yoast_head_json":{"title":"Akose Ifa Libro del Exito - E-book Ifa Store","description":"Diferentes tipos de medicinas como prepararlas sus ingredientes encantamientos y como deben usarse todo en espa\u00f1ol","robots":{"index":"index","follow":"follow","max-snippet":"max-snippet:-1","max-image-preview":"max-image-preview:large","max-video-preview":"max-video-preview:-1"},"canonical":"https:\/\/ebookifa.com\/wp\/producto\/akose-ifa-libro-del-exito\/","og_locale":"en_US","og_type":"article","og_title":"Akose Ifa Libro del Exito - E-book Ifa Store","og_description":"Diferentes tipos de medicinas como prepararlas sus ingredientes encantamientos y como deben usarse todo en espa\u00f1ol","og_url":"https:\/\/ebookifa.com\/wp\/producto\/akose-ifa-libro-del-exito\/","og_site_name":"E-book Ifa Store","article_modified_time":"2021-06-01T22:07:55+00:00","og_image":[{"width":596,"height":565,"url":"https:\/\/ebookifa.com\/wp\/wp-content\/uploads\/2021\/06\/Captura-de-Pantalla-2021-06-01-a-las-5.57.50-p.-m..png","type":"image\/png"}],"twitter_card":"summary_large_image","twitter_misc":{"Est. reading time":"2 minutes"},"schema":{"@context":"https:\/\/schema.org","@graph":[{"@type":"WebPage","@id":"https:\/\/ebookifa.com\/wp\/producto\/akose-ifa-libro-del-exito\/","url":"https:\/\/ebookifa.com\/wp\/producto\/akose-ifa-libro-del-exito\/","name":"Akose Ifa Libro del Exito - E-book Ifa Store","isPartOf":{"@id":"https:\/\/ebookifa.com\/wp\/#website"},"primaryImageOfPage":{"@id":"https:\/\/ebookifa.com\/wp\/producto\/akose-ifa-libro-del-exito\/#primaryimage"},"image":{"@id":"https:\/\/ebookifa.com\/wp\/producto\/akose-ifa-libro-del-exito\/#primaryimage"},"thumbnailUrl":"https:\/\/ebookifa.com\/wp\/wp-content\/uploads\/2021\/06\/Captura-de-Pantalla-2021-06-01-a-las-5.57.50-p.-m..png","datePublished":"2021-06-01T22:05:44+00:00","dateModified":"2021-06-01T22:07:55+00:00","description":"Diferentes tipos de medicinas como prepararlas sus ingredientes encantamientos y como deben usarse todo en espa\u00f1ol","breadcrumb":{"@id":"https:\/\/ebookifa.com\/wp\/producto\/akose-ifa-libro-del-exito\/#breadcrumb"},"inLanguage":"en-US","potentialAction":[{"@type":"ReadAction","target":["https:\/\/ebookifa.com\/wp\/producto\/akose-ifa-libro-del-exito\/"]}]},{"@type":"ImageObject","inLanguage":"en-US","@id":"https:\/\/ebookifa.com\/wp\/producto\/akose-ifa-libro-del-exito\/#primaryimage","url":"https:\/\/ebookifa.com\/wp\/wp-content\/uploads\/2021\/06\/Captura-de-Pantalla-2021-06-01-a-las-5.57.50-p.-m..png","contentUrl":"https:\/\/ebookifa.com\/wp\/wp-content\/uploads\/2021\/06\/Captura-de-Pantalla-2021-06-01-a-las-5.57.50-p.-m..png","width":596,"height":565},{"@type":"BreadcrumbList","@id":"https:\/\/ebookifa.com\/wp\/producto\/akose-ifa-libro-del-exito\/#breadcrumb","itemListElement":[{"@type":"ListItem","position":1,"name":"Portada","item":"https:\/\/ebookifa.com\/wp\/"},{"@type":"ListItem","position":2,"name":"Store","item":"https:\/\/ebookifa.com\/wp\/tienda\/"},{"@type":"ListItem","position":3,"name":"Akose Ifa Libro del Exito"}]},{"@type":"WebSite","@id":"https:\/\/ebookifa.com\/wp\/#website","url":"https:\/\/ebookifa.com\/wp\/","name":"E-book Ifa Store","description":"My WordPress Blog","publisher":{"@id":"https:\/\/ebookifa.com\/wp\/#\/schema\/person\/f9caa434d3fd96bdb215d86e20928259"},"potentialAction":[{"@type":"SearchAction","target":{"@type":"EntryPoint","urlTemplate":"https:\/\/ebookifa.com\/wp\/?s={search_term_string}"},"query-input":{"@type":"PropertyValueSpecification","valueRequired":true,"valueName":"search_term_string"}}],"inLanguage":"en-US"},{"@type":["Person","Organization"],"@id":"https:\/\/ebookifa.com\/wp\/#\/schema\/person\/f9caa434d3fd96bdb215d86e20928259","name":"admin","image":{"@type":"ImageObject","inLanguage":"en-US","@id":"https:\/\/ebookifa.com\/wp\/wp-content\/uploads\/2021\/04\/cropped-large-2.png","url":"https:\/\/ebookifa.com\/wp\/wp-content\/uploads\/2021\/04\/cropped-large-2.png","contentUrl":"https:\/\/ebookifa.com\/wp\/wp-content\/uploads\/2021\/04\/cropped-large-2.png","width":600,"height":391,"caption":"admin"},"logo":{"@id":"https:\/\/ebookifa.com\/wp\/wp-content\/uploads\/2021\/04\/cropped-large-2.png"},"sameAs":["https:\/\/ebookifa.com\/wp"]}]}},"_links":{"self":[{"href":"https:\/\/ebookifa.com\/wp\/wp-json\/wp\/v2\/product\/364","targetHints":{"allow":["GET"]}}],"collection":[{"href":"https:\/\/ebookifa.com\/wp\/wp-json\/wp\/v2\/product"}],"about":[{"href":"https:\/\/ebookifa.com\/wp\/wp-json\/wp\/v2\/types\/product"}],"replies":[{"embeddable":true,"href":"https:\/\/ebookifa.com\/wp\/wp-json\/wp\/v2\/comments?post=364"}],"wp:featuredmedia":[{"embeddable":true,"href":"https:\/\/ebookifa.com\/wp\/wp-json\/wp\/v2\/media\/365"}],"wp:attachment":[{"href":"https:\/\/ebookifa.com\/wp\/wp-json\/wp\/v2\/media?parent=364"}],"wp:term":[{"taxonomy":"product_brand","embeddable":true,"href":"https:\/\/ebookifa.com\/wp\/wp-json\/wp\/v2\/product_brand?post=364"},{"taxonomy":"product_cat","embeddable":true,"href":"https:\/\/ebookifa.com\/wp\/wp-json\/wp\/v2\/product_cat?post=364"},{"taxonomy":"product_tag","embeddable":true,"href":"https:\/\/ebookifa.com\/wp\/wp-json\/wp\/v2\/product_tag?post=364"}],"curies":[{"name":"wp","href":"https:\/\/api.w.org\/{rel}","templated":true}]}}