{"id":296,"date":"2021-05-14T01:51:41","date_gmt":"2021-05-14T01:51:41","guid":{"rendered":"https:\/\/ebookifa.com\/wp\/?post_type=product&#038;p=296"},"modified":"2021-05-14T01:52:18","modified_gmt":"2021-05-14T01:52:18","slug":"oraciones-y-encantamientos-a-la-manera-africana","status":"publish","type":"product","link":"https:\/\/ebookifa.com\/wp\/producto\/oraciones-y-encantamientos-a-la-manera-africana\/","title":{"rendered":"Oraciones y encantamientos a la manera africana"},"content":{"rendered":"<p><strong>TABLA DE CONTENIDOS<\/strong><\/p>\n<p><strong>APORO EJO<\/strong><\/p>\n<p>PARA SACAR EL VENENO DE SERPIENTE<\/p>\n<p><strong>TI AFI NGBA YAN KALE LOWO AIYE<\/strong><\/p>\n<p>PARA CURAR UNA PERSONA ENFERMA, ESPECIALMENTE CUANDO TU NO SABES DE QUE ESTA SUFRIENDO LA PERSONA O SI SOSPECHAS DE UN ATAQUE<\/p>\n<p><strong>ASIRI BIBO<\/strong><\/p>\n<p>PARA OBTENER DINERO INMEDIATAMENTE PARA SASTIFACER SUS NECESIDADES<\/p>\n<p><strong>KI KU MA TETE PANI<\/strong><\/p>\n<p>PARA LARGA VIDA Y PROTECCION CONTRA LA MUERTE SUBITA<\/p>\n<p><strong>ASINA<\/strong><\/p>\n<p>PARA ABRIRSE LOS CAMINOS DE UNO PARA (LAS OPORTUNIDADES Y LA RIQUEZA)<\/p>\n<p><strong>PARA EL ASE<\/strong><\/p>\n<p><strong>ISEGUN AWON OTA<\/strong><\/p>\n<p>VICTORIA SOBRE LOS ENEMIGOS DE UNO<\/p>\n<p><strong>IMULE AIYE<\/strong><\/p>\n<p>PARA FORMAR UN PACTO CON LAS BRUJAS<\/p>\n<p><strong>ADAPADA ASASI<\/strong><\/p>\n<p>PARA ENVIAR DE VUELTA AQUIEN ENVIO ALGUN ATAQUE SIQUICO O MAGIA NEGRA<\/p>\n<p><strong>APE GIDI<\/strong><\/p>\n<p>ESTO ES PARA LLAMAR A AQUEL A QUIEN SE AMA, AL QUE SE A IDO, O AQUIEN ESTA RENUENTE O QUE NO DESEA LLEGAR A DONDE UNO ESTA\u00a0 O SOLO PARA ATORMENTAR A LA PERSONA EN SU SUE\u00d1O AL PROYECTAR LA IMAGEN DE UNO EN EL SUE\u00d1O DE EL O ELLA<\/p>\n<p><strong>ASASI<\/strong><\/p>\n<p>PARA HACER DA\u00d1O A ALGUIEN ATRAVEZ DE LA MAGIA NEGRA<\/p>\n<p><strong>AJATUKA<\/strong><\/p>\n<p>ESTO SIGNIFICA CAUSAR SEPARACION ENTRE DOS PARTES .PUEDE SER ESPOSO Y ESPOSA, UN JEFE Y SUS EMPLEADOS O HASTA DOS AMIGOS O AMANTES<\/p>\n<p><strong>ASASI<\/strong><\/p>\n<p>Para da\u00f1ar o colocar una maldici\u00f3n a alguien<\/p>\n<p><strong>TI ABA NLO FUN EJO (CASO JUDICIAL)<\/strong><\/p>\n<p>USE ESTA PREPARACION EL DIA QUE TENGA UN CASO JUDICIAL PARA SER ATENDIDO<\/p>\n<p><strong>TI A FI NGBE ALARA DIDE<\/strong><\/p>\n<p>ESTO ES USADO ESPECIALMENTE PARA HACER REGRESAR LA SALUD A UNA PERSONA MUY ENFERMA O TRAERLO DE UN ESTADO DE INCONCIENCIA A UN ESTADO CONCIENTE. ES MUY EFECTIVO. TAMBIEN SI UN OBJETO A SIDO METIDO DENTRO DE UNA PERSONA ESPIRITUAL(CAUSANDO DOLOR EXTREMO PARA AQUELLA PERSONA) ESTE RITUAL PUEDE SER USADO PARA REMOVERLO.<\/p>\n<p><strong>ASASI<\/strong><\/p>\n<p>PARA ENGA\u00d1AR A ALGUIEN, HACERLE PERDER SU TRABAJO, HACERLE COMETER ERRORES. DEPENDIENDO DEL DESEO QUE USTED COLOQUE MIENTRAS HACE EL ENCANTAMIENTO<\/p>\n<p><strong>ISORA<\/strong><\/p>\n<p>ESTO SIGNIFICA PROTECCION EN LA ACTUALIDAD, YA SEA DE FUERZAS VISIBLES O INVISIBLES SON PODEROSAS Y EFECTIVAS<\/p>\n<p><strong>ISORA<\/strong><\/p>\n<p>Esta f\u00f3rmula es muy poderosa tal que si usted ha sido amenazado con ser asesinado al d\u00eda siguiente si usted hace este encantamiento usted ser\u00e1 salvado. Es una f\u00f3rmula de protecci\u00f3n muy poderosa. Es un gran legado. Gu\u00e1rdelo bien.<\/p>\n<p><strong>EYONU<\/strong><\/p>\n<p>Esto es para la buena suerte y asegurarse de que la gente le guste y le respeten es muy eficaz.<\/p>\n<p>&nbsp;<\/p>\n","protected":false},"excerpt":{"rendered":"<p>TABLA DE CONTENIDOS APORO EJO PARA SACAR EL VENENO DE SERPIENTE TI AFI NGBA YAN KALE LOWO AIYE PARA CURAR UNA PERSONA ENFERMA, ESPECIALMENTE CUANDO TU NO SABES DE QUE ESTA SUFRIENDO LA PERSONA O SI SOSPECHAS DE UN ATAQUE ASIRI BIBO PARA OBTENER DINERO INMEDIATAMENTE PARA SASTIFACER SUS NECESIDADES KI KU MA TETE PANI [&hellip;]<\/p>\n","protected":false},"featured_media":186,"comment_status":"open","ping_status":"closed","template":"","meta":{"_eb_attr":"","site-sidebar-layout":"default","site-content-layout":"default","ast-site-content-layout":"default","site-content-style":"default","site-sidebar-style":"default","ast-global-header-display":"","ast-banner-title-visibility":"","ast-main-header-display":"","ast-hfb-above-header-display":"","ast-hfb-below-header-display":"","ast-hfb-mobile-header-display":"","site-post-title":"","ast-breadcrumbs-content":"","ast-featured-img":"","footer-sml-layout":"","ast-disable-related-posts":"","theme-transparent-header-meta":"default","adv-header-id-meta":"","stick-header-meta":"","header-above-stick-meta":"","header-main-stick-meta":"","header-below-stick-meta":"","astra-migrate-meta-layouts":"default","ast-page-background-enabled":"default","ast-page-background-meta":{"desktop":{"background-color":"","background-image":"","background-repeat":"repeat","background-position":"center center","background-size":"auto","background-attachment":"scroll","background-type":"","background-media":"","overlay-type":"","overlay-color":"","overlay-opacity":"","overlay-gradient":""},"tablet":{"background-color":"","background-image":"","background-repeat":"repeat","background-position":"center center","background-size":"auto","background-attachment":"scroll","background-type":"","background-media":"","overlay-type":"","overlay-color":"","overlay-opacity":"","overlay-gradient":""},"mobile":{"background-color":"","background-image":"","background-repeat":"repeat","background-position":"center center","background-size":"auto","background-attachment":"scroll","background-type":"","background-media":"","overlay-type":"","overlay-color":"","overlay-opacity":"","overlay-gradient":""}},"ast-content-background-meta":{"desktop":{"background-color":"var(--ast-global-color-5)","background-image":"","background-repeat":"repeat","background-position":"center center","background-size":"auto","background-attachment":"scroll","background-type":"","background-media":"","overlay-type":"","overlay-color":"","overlay-opacity":"","overlay-gradient":""},"tablet":{"background-color":"var(--ast-global-color-5)","background-image":"","background-repeat":"repeat","background-position":"center center","background-size":"auto","background-attachment":"scroll","background-type":"","background-media":"","overlay-type":"","overlay-color":"","overlay-opacity":"","overlay-gradient":""},"mobile":{"background-color":"var(--ast-global-color-5)","background-image":"","background-repeat":"repeat","background-position":"center center","background-size":"auto","background-attachment":"scroll","background-type":"","background-media":"","overlay-type":"","overlay-color":"","overlay-opacity":"","overlay-gradient":""}}},"product_brand":[],"product_cat":[77],"product_tag":[],"class_list":{"0":"post-296","1":"product","2":"type-product","3":"status-publish","4":"has-post-thumbnail","6":"product_cat-libros-en-espanol","7":"desktop-align-left","8":"tablet-align-left","9":"mobile-align-left","11":"first","12":"instock","13":"sale","14":"shipping-taxable","15":"purchasable","16":"product-type-simple"},"yoast_head":"<!-- This site is optimized with the Yoast SEO plugin v27.5 - https:\/\/yoast.com\/product\/yoast-seo-wordpress\/ -->\n<title>Oraciones y encantamientos a la manera africana - E-book Ifa Store<\/title>\n<meta name=\"description\" content=\"APORO EJOPARA SACAR EL VENENO DE SERPIENTETI AFI NGBA YAN KALE LOWO AIYEPARA CURAR UNA PERSONA ENFERMA, ESPECIALMENTE CUANDO TU NO SABES\" \/>\n<meta name=\"robots\" content=\"index, follow, max-snippet:-1, max-image-preview:large, max-video-preview:-1\" \/>\n<link rel=\"canonical\" href=\"https:\/\/ebookifa.com\/wp\/producto\/oraciones-y-encantamientos-a-la-manera-africana\/\" \/>\n<meta property=\"og:locale\" content=\"en_US\" \/>\n<meta property=\"og:type\" content=\"article\" \/>\n<meta property=\"og:title\" content=\"Oraciones y encantamientos a la manera africana - E-book Ifa Store\" \/>\n<meta property=\"og:description\" content=\"APORO EJOPARA SACAR EL VENENO DE SERPIENTETI AFI NGBA YAN KALE LOWO AIYEPARA CURAR UNA PERSONA ENFERMA, ESPECIALMENTE CUANDO TU NO SABES\" \/>\n<meta property=\"og:url\" content=\"https:\/\/ebookifa.com\/wp\/producto\/oraciones-y-encantamientos-a-la-manera-africana\/\" \/>\n<meta property=\"og:site_name\" content=\"E-book Ifa Store\" \/>\n<meta property=\"article:modified_time\" content=\"2021-05-14T01:52:18+00:00\" \/>\n<meta property=\"og:image\" content=\"https:\/\/ebookifa.com\/wp\/wp-content\/uploads\/2021\/04\/Captura-de-Pantalla-2021-04-16-a-las-5.18.32-p.-m..png\" \/>\n\t<meta property=\"og:image:width\" content=\"653\" \/>\n\t<meta property=\"og:image:height\" content=\"867\" \/>\n\t<meta property=\"og:image:type\" content=\"image\/png\" \/>\n<meta name=\"twitter:card\" content=\"summary_large_image\" \/>\n<meta name=\"twitter:label1\" content=\"Est. reading time\" \/>\n\t<meta name=\"twitter:data1\" content=\"2 minutes\" \/>\n<script type=\"application\/ld+json\" class=\"yoast-schema-graph\">{\"@context\":\"https:\\\/\\\/schema.org\",\"@graph\":[{\"@type\":\"WebPage\",\"@id\":\"https:\\\/\\\/ebookifa.com\\\/wp\\\/producto\\\/oraciones-y-encantamientos-a-la-manera-africana\\\/\",\"url\":\"https:\\\/\\\/ebookifa.com\\\/wp\\\/producto\\\/oraciones-y-encantamientos-a-la-manera-africana\\\/\",\"name\":\"Oraciones y encantamientos a la manera africana - E-book Ifa Store\",\"isPartOf\":{\"@id\":\"https:\\\/\\\/ebookifa.com\\\/wp\\\/#website\"},\"primaryImageOfPage\":{\"@id\":\"https:\\\/\\\/ebookifa.com\\\/wp\\\/producto\\\/oraciones-y-encantamientos-a-la-manera-africana\\\/#primaryimage\"},\"image\":{\"@id\":\"https:\\\/\\\/ebookifa.com\\\/wp\\\/producto\\\/oraciones-y-encantamientos-a-la-manera-africana\\\/#primaryimage\"},\"thumbnailUrl\":\"https:\\\/\\\/ebookifa.com\\\/wp\\\/wp-content\\\/uploads\\\/2021\\\/04\\\/Captura-de-Pantalla-2021-04-16-a-las-5.18.32-p.-m..png\",\"datePublished\":\"2021-05-14T01:51:41+00:00\",\"dateModified\":\"2021-05-14T01:52:18+00:00\",\"description\":\"APORO EJOPARA SACAR EL VENENO DE SERPIENTETI AFI NGBA YAN KALE LOWO AIYEPARA CURAR UNA PERSONA ENFERMA, ESPECIALMENTE CUANDO TU NO SABES\",\"breadcrumb\":{\"@id\":\"https:\\\/\\\/ebookifa.com\\\/wp\\\/producto\\\/oraciones-y-encantamientos-a-la-manera-africana\\\/#breadcrumb\"},\"inLanguage\":\"en-US\",\"potentialAction\":[{\"@type\":\"ReadAction\",\"target\":[\"https:\\\/\\\/ebookifa.com\\\/wp\\\/producto\\\/oraciones-y-encantamientos-a-la-manera-africana\\\/\"]}]},{\"@type\":\"ImageObject\",\"inLanguage\":\"en-US\",\"@id\":\"https:\\\/\\\/ebookifa.com\\\/wp\\\/producto\\\/oraciones-y-encantamientos-a-la-manera-africana\\\/#primaryimage\",\"url\":\"https:\\\/\\\/ebookifa.com\\\/wp\\\/wp-content\\\/uploads\\\/2021\\\/04\\\/Captura-de-Pantalla-2021-04-16-a-las-5.18.32-p.-m..png\",\"contentUrl\":\"https:\\\/\\\/ebookifa.com\\\/wp\\\/wp-content\\\/uploads\\\/2021\\\/04\\\/Captura-de-Pantalla-2021-04-16-a-las-5.18.32-p.-m..png\",\"width\":653,\"height\":867},{\"@type\":\"BreadcrumbList\",\"@id\":\"https:\\\/\\\/ebookifa.com\\\/wp\\\/producto\\\/oraciones-y-encantamientos-a-la-manera-africana\\\/#breadcrumb\",\"itemListElement\":[{\"@type\":\"ListItem\",\"position\":1,\"name\":\"Portada\",\"item\":\"https:\\\/\\\/ebookifa.com\\\/wp\\\/\"},{\"@type\":\"ListItem\",\"position\":2,\"name\":\"Store\",\"item\":\"https:\\\/\\\/ebookifa.com\\\/wp\\\/tienda\\\/\"},{\"@type\":\"ListItem\",\"position\":3,\"name\":\"Oraciones y encantamientos a la manera africana\"}]},{\"@type\":\"WebSite\",\"@id\":\"https:\\\/\\\/ebookifa.com\\\/wp\\\/#website\",\"url\":\"https:\\\/\\\/ebookifa.com\\\/wp\\\/\",\"name\":\"E-book Ifa Store\",\"description\":\"My WordPress Blog\",\"publisher\":{\"@id\":\"https:\\\/\\\/ebookifa.com\\\/wp\\\/#\\\/schema\\\/person\\\/f9caa434d3fd96bdb215d86e20928259\"},\"potentialAction\":[{\"@type\":\"SearchAction\",\"target\":{\"@type\":\"EntryPoint\",\"urlTemplate\":\"https:\\\/\\\/ebookifa.com\\\/wp\\\/?s={search_term_string}\"},\"query-input\":{\"@type\":\"PropertyValueSpecification\",\"valueRequired\":true,\"valueName\":\"search_term_string\"}}],\"inLanguage\":\"en-US\"},{\"@type\":[\"Person\",\"Organization\"],\"@id\":\"https:\\\/\\\/ebookifa.com\\\/wp\\\/#\\\/schema\\\/person\\\/f9caa434d3fd96bdb215d86e20928259\",\"name\":\"admin\",\"image\":{\"@type\":\"ImageObject\",\"inLanguage\":\"en-US\",\"@id\":\"https:\\\/\\\/ebookifa.com\\\/wp\\\/wp-content\\\/uploads\\\/2021\\\/04\\\/cropped-large-2.png\",\"url\":\"https:\\\/\\\/ebookifa.com\\\/wp\\\/wp-content\\\/uploads\\\/2021\\\/04\\\/cropped-large-2.png\",\"contentUrl\":\"https:\\\/\\\/ebookifa.com\\\/wp\\\/wp-content\\\/uploads\\\/2021\\\/04\\\/cropped-large-2.png\",\"width\":600,\"height\":391,\"caption\":\"admin\"},\"logo\":{\"@id\":\"https:\\\/\\\/ebookifa.com\\\/wp\\\/wp-content\\\/uploads\\\/2021\\\/04\\\/cropped-large-2.png\"},\"sameAs\":[\"https:\\\/\\\/ebookifa.com\\\/wp\"]}]}<\/script>\n<!-- \/ Yoast SEO plugin. -->","yoast_head_json":{"title":"Oraciones y encantamientos a la manera africana - E-book Ifa Store","description":"APORO EJOPARA SACAR EL VENENO DE SERPIENTETI AFI NGBA YAN KALE LOWO AIYEPARA CURAR UNA PERSONA ENFERMA, ESPECIALMENTE CUANDO TU NO SABES","robots":{"index":"index","follow":"follow","max-snippet":"max-snippet:-1","max-image-preview":"max-image-preview:large","max-video-preview":"max-video-preview:-1"},"canonical":"https:\/\/ebookifa.com\/wp\/producto\/oraciones-y-encantamientos-a-la-manera-africana\/","og_locale":"en_US","og_type":"article","og_title":"Oraciones y encantamientos a la manera africana - E-book Ifa Store","og_description":"APORO EJOPARA SACAR EL VENENO DE SERPIENTETI AFI NGBA YAN KALE LOWO AIYEPARA CURAR UNA PERSONA ENFERMA, ESPECIALMENTE CUANDO TU NO SABES","og_url":"https:\/\/ebookifa.com\/wp\/producto\/oraciones-y-encantamientos-a-la-manera-africana\/","og_site_name":"E-book Ifa Store","article_modified_time":"2021-05-14T01:52:18+00:00","og_image":[{"width":653,"height":867,"url":"https:\/\/ebookifa.com\/wp\/wp-content\/uploads\/2021\/04\/Captura-de-Pantalla-2021-04-16-a-las-5.18.32-p.-m..png","type":"image\/png"}],"twitter_card":"summary_large_image","twitter_misc":{"Est. reading time":"2 minutes"},"schema":{"@context":"https:\/\/schema.org","@graph":[{"@type":"WebPage","@id":"https:\/\/ebookifa.com\/wp\/producto\/oraciones-y-encantamientos-a-la-manera-africana\/","url":"https:\/\/ebookifa.com\/wp\/producto\/oraciones-y-encantamientos-a-la-manera-africana\/","name":"Oraciones y encantamientos a la manera africana - E-book Ifa Store","isPartOf":{"@id":"https:\/\/ebookifa.com\/wp\/#website"},"primaryImageOfPage":{"@id":"https:\/\/ebookifa.com\/wp\/producto\/oraciones-y-encantamientos-a-la-manera-africana\/#primaryimage"},"image":{"@id":"https:\/\/ebookifa.com\/wp\/producto\/oraciones-y-encantamientos-a-la-manera-africana\/#primaryimage"},"thumbnailUrl":"https:\/\/ebookifa.com\/wp\/wp-content\/uploads\/2021\/04\/Captura-de-Pantalla-2021-04-16-a-las-5.18.32-p.-m..png","datePublished":"2021-05-14T01:51:41+00:00","dateModified":"2021-05-14T01:52:18+00:00","description":"APORO EJOPARA SACAR EL VENENO DE SERPIENTETI AFI NGBA YAN KALE LOWO AIYEPARA CURAR UNA PERSONA ENFERMA, ESPECIALMENTE CUANDO TU NO SABES","breadcrumb":{"@id":"https:\/\/ebookifa.com\/wp\/producto\/oraciones-y-encantamientos-a-la-manera-africana\/#breadcrumb"},"inLanguage":"en-US","potentialAction":[{"@type":"ReadAction","target":["https:\/\/ebookifa.com\/wp\/producto\/oraciones-y-encantamientos-a-la-manera-africana\/"]}]},{"@type":"ImageObject","inLanguage":"en-US","@id":"https:\/\/ebookifa.com\/wp\/producto\/oraciones-y-encantamientos-a-la-manera-africana\/#primaryimage","url":"https:\/\/ebookifa.com\/wp\/wp-content\/uploads\/2021\/04\/Captura-de-Pantalla-2021-04-16-a-las-5.18.32-p.-m..png","contentUrl":"https:\/\/ebookifa.com\/wp\/wp-content\/uploads\/2021\/04\/Captura-de-Pantalla-2021-04-16-a-las-5.18.32-p.-m..png","width":653,"height":867},{"@type":"BreadcrumbList","@id":"https:\/\/ebookifa.com\/wp\/producto\/oraciones-y-encantamientos-a-la-manera-africana\/#breadcrumb","itemListElement":[{"@type":"ListItem","position":1,"name":"Portada","item":"https:\/\/ebookifa.com\/wp\/"},{"@type":"ListItem","position":2,"name":"Store","item":"https:\/\/ebookifa.com\/wp\/tienda\/"},{"@type":"ListItem","position":3,"name":"Oraciones y encantamientos a la manera africana"}]},{"@type":"WebSite","@id":"https:\/\/ebookifa.com\/wp\/#website","url":"https:\/\/ebookifa.com\/wp\/","name":"E-book Ifa Store","description":"My WordPress Blog","publisher":{"@id":"https:\/\/ebookifa.com\/wp\/#\/schema\/person\/f9caa434d3fd96bdb215d86e20928259"},"potentialAction":[{"@type":"SearchAction","target":{"@type":"EntryPoint","urlTemplate":"https:\/\/ebookifa.com\/wp\/?s={search_term_string}"},"query-input":{"@type":"PropertyValueSpecification","valueRequired":true,"valueName":"search_term_string"}}],"inLanguage":"en-US"},{"@type":["Person","Organization"],"@id":"https:\/\/ebookifa.com\/wp\/#\/schema\/person\/f9caa434d3fd96bdb215d86e20928259","name":"admin","image":{"@type":"ImageObject","inLanguage":"en-US","@id":"https:\/\/ebookifa.com\/wp\/wp-content\/uploads\/2021\/04\/cropped-large-2.png","url":"https:\/\/ebookifa.com\/wp\/wp-content\/uploads\/2021\/04\/cropped-large-2.png","contentUrl":"https:\/\/ebookifa.com\/wp\/wp-content\/uploads\/2021\/04\/cropped-large-2.png","width":600,"height":391,"caption":"admin"},"logo":{"@id":"https:\/\/ebookifa.com\/wp\/wp-content\/uploads\/2021\/04\/cropped-large-2.png"},"sameAs":["https:\/\/ebookifa.com\/wp"]}]}},"_links":{"self":[{"href":"https:\/\/ebookifa.com\/wp\/wp-json\/wp\/v2\/product\/296","targetHints":{"allow":["GET"]}}],"collection":[{"href":"https:\/\/ebookifa.com\/wp\/wp-json\/wp\/v2\/product"}],"about":[{"href":"https:\/\/ebookifa.com\/wp\/wp-json\/wp\/v2\/types\/product"}],"replies":[{"embeddable":true,"href":"https:\/\/ebookifa.com\/wp\/wp-json\/wp\/v2\/comments?post=296"}],"wp:featuredmedia":[{"embeddable":true,"href":"https:\/\/ebookifa.com\/wp\/wp-json\/wp\/v2\/media\/186"}],"wp:attachment":[{"href":"https:\/\/ebookifa.com\/wp\/wp-json\/wp\/v2\/media?parent=296"}],"wp:term":[{"taxonomy":"product_brand","embeddable":true,"href":"https:\/\/ebookifa.com\/wp\/wp-json\/wp\/v2\/product_brand?post=296"},{"taxonomy":"product_cat","embeddable":true,"href":"https:\/\/ebookifa.com\/wp\/wp-json\/wp\/v2\/product_cat?post=296"},{"taxonomy":"product_tag","embeddable":true,"href":"https:\/\/ebookifa.com\/wp\/wp-json\/wp\/v2\/product_tag?post=296"}],"curies":[{"name":"wp","href":"https:\/\/api.w.org\/{rel}","templated":true}]}}