{"id":280,"date":"2021-05-12T21:48:59","date_gmt":"2021-05-12T21:48:59","guid":{"rendered":"https:\/\/ebookifa.com\/wp\/?post_type=product&#038;p=280"},"modified":"2021-12-28T23:13:48","modified_gmt":"2021-12-28T23:13:48","slug":"odu-orisa-volumen-1","status":"publish","type":"product","link":"https:\/\/ebookifa.com\/wp\/producto\/odu-orisa-volumen-1\/","title":{"rendered":"Odu Orisa volumen 1"},"content":{"rendered":"<p>Obra basada en la tradici\u00f3n del or\u00e1culo de \u00f2r\u00ecs\u00e0 de los 16 caur\u00edes del subgrupo yor\u00f9b\u00e1-nag\u00f3, las historias son las originales, totalmente en el idioma yor\u00f9b\u00e1 y traducidas al espa\u00f1ol. Existen muchos libros basados en od\u00f9-if\u00e1, pero casi ninguno basado en od\u00f9-\u00f2r\u00ecs\u00e0 tradicional, que son los versos e historias relacionadas con el culto de \u00f2r\u00ecs\u00e0, las cuales se cantan o recitan cuando se hace la adivinaci\u00f3n con 16 caur\u00edes (buzios o caracoles). Este primer volumen contiene los odu: Okanran, Ejioko, Ogunda e Irosun.<\/p>\n<div class=\"page\" title=\"Page 1\">\n<div class=\"section\">\n<div class=\"layoutArea\">\n<div class=\"column\">\n<p><strong>Volumen 1<\/strong><\/p>\n<p>OKANRAN<\/p>\n<p>EJIOKO<\/p>\n<p>OGUNDA<\/p>\n<p>IROSUN<\/p>\n<\/div>\n<\/div>\n<\/div>\n<\/div>\n","protected":false},"excerpt":{"rendered":"<p>Obra basada en la tradici\u00f3n del or\u00e1culo de \u00f2r\u00ecs\u00e0 de los 16 caur\u00edes del subgrupo yor\u00f9b\u00e1-nag\u00f3, las historias son las originales, totalmente en el idioma yor\u00f9b\u00e1 y traducidas al espa\u00f1ol. Existen muchos libros basados en od\u00f9-if\u00e1, pero casi ninguno basado en od\u00f9-\u00f2r\u00ecs\u00e0 tradicional, que son los versos e historias relacionadas con el culto de \u00f2r\u00ecs\u00e0, [&hellip;]<\/p>\n","protected":false},"featured_media":281,"comment_status":"open","ping_status":"closed","template":"","meta":{"_eb_attr":"","site-sidebar-layout":"default","site-content-layout":"default","ast-site-content-layout":"default","site-content-style":"default","site-sidebar-style":"default","ast-global-header-display":"","ast-banner-title-visibility":"","ast-main-header-display":"","ast-hfb-above-header-display":"","ast-hfb-below-header-display":"","ast-hfb-mobile-header-display":"","site-post-title":"","ast-breadcrumbs-content":"","ast-featured-img":"","footer-sml-layout":"","ast-disable-related-posts":"","theme-transparent-header-meta":"default","adv-header-id-meta":"","stick-header-meta":"","header-above-stick-meta":"","header-main-stick-meta":"","header-below-stick-meta":"","astra-migrate-meta-layouts":"default","ast-page-background-enabled":"default","ast-page-background-meta":{"desktop":{"background-color":"","background-image":"","background-repeat":"repeat","background-position":"center center","background-size":"auto","background-attachment":"scroll","background-type":"","background-media":"","overlay-type":"","overlay-color":"","overlay-opacity":"","overlay-gradient":""},"tablet":{"background-color":"","background-image":"","background-repeat":"repeat","background-position":"center center","background-size":"auto","background-attachment":"scroll","background-type":"","background-media":"","overlay-type":"","overlay-color":"","overlay-opacity":"","overlay-gradient":""},"mobile":{"background-color":"","background-image":"","background-repeat":"repeat","background-position":"center center","background-size":"auto","background-attachment":"scroll","background-type":"","background-media":"","overlay-type":"","overlay-color":"","overlay-opacity":"","overlay-gradient":""}},"ast-content-background-meta":{"desktop":{"background-color":"var(--ast-global-color-5)","background-image":"","background-repeat":"repeat","background-position":"center center","background-size":"auto","background-attachment":"scroll","background-type":"","background-media":"","overlay-type":"","overlay-color":"","overlay-opacity":"","overlay-gradient":""},"tablet":{"background-color":"var(--ast-global-color-5)","background-image":"","background-repeat":"repeat","background-position":"center center","background-size":"auto","background-attachment":"scroll","background-type":"","background-media":"","overlay-type":"","overlay-color":"","overlay-opacity":"","overlay-gradient":""},"mobile":{"background-color":"var(--ast-global-color-5)","background-image":"","background-repeat":"repeat","background-position":"center center","background-size":"auto","background-attachment":"scroll","background-type":"","background-media":"","overlay-type":"","overlay-color":"","overlay-opacity":"","overlay-gradient":""}}},"product_brand":[],"product_cat":[77],"product_tag":[],"class_list":{"0":"post-280","1":"product","2":"type-product","3":"status-publish","4":"has-post-thumbnail","6":"product_cat-libros-en-espanol","7":"desktop-align-left","8":"tablet-align-left","9":"mobile-align-left","11":"first","12":"instock","13":"sale","14":"shipping-taxable","15":"purchasable","16":"product-type-simple"},"yoast_head":"<!-- This site is optimized with the Yoast SEO plugin v27.4 - https:\/\/yoast.com\/product\/yoast-seo-wordpress\/ -->\n<title>Odu Orisa volumen 1 - E-book Ifa Store<\/title>\n<meta name=\"description\" content=\"Obra basada en la tradici\u00f3n del or\u00e1culo de \u00f2r\u00ecs\u00e0 de los 16 caur\u00edes del subgrupo yor\u00f9b\u00e1-nag\u00f3, las historias son las originales\" \/>\n<meta name=\"robots\" content=\"index, follow, max-snippet:-1, max-image-preview:large, max-video-preview:-1\" \/>\n<link rel=\"canonical\" href=\"https:\/\/ebookifa.com\/wp\/producto\/odu-orisa-volumen-1\/\" \/>\n<meta property=\"og:locale\" content=\"en_US\" \/>\n<meta property=\"og:type\" content=\"article\" \/>\n<meta property=\"og:title\" content=\"Odu Orisa volumen 1 - E-book Ifa Store\" \/>\n<meta property=\"og:description\" content=\"Obra basada en la tradici\u00f3n del or\u00e1culo de \u00f2r\u00ecs\u00e0 de los 16 caur\u00edes del subgrupo yor\u00f9b\u00e1-nag\u00f3, las historias son las originales\" \/>\n<meta property=\"og:url\" content=\"https:\/\/ebookifa.com\/wp\/producto\/odu-orisa-volumen-1\/\" \/>\n<meta property=\"og:site_name\" content=\"E-book Ifa Store\" \/>\n<meta property=\"article:modified_time\" content=\"2021-12-28T23:13:48+00:00\" \/>\n<meta property=\"og:image\" content=\"https:\/\/ebookifa.com\/wp\/wp-content\/uploads\/2021\/05\/Captura-de-Pantalla-2021-05-12-a-las-5.43.27-p.-m..png\" \/>\n\t<meta property=\"og:image:width\" content=\"575\" \/>\n\t<meta property=\"og:image:height\" content=\"727\" \/>\n\t<meta property=\"og:image:type\" content=\"image\/png\" \/>\n<meta name=\"twitter:card\" content=\"summary_large_image\" \/>\n<meta name=\"twitter:label1\" content=\"Est. reading time\" \/>\n\t<meta name=\"twitter:data1\" content=\"1 minute\" \/>\n<script type=\"application\/ld+json\" class=\"yoast-schema-graph\">{\"@context\":\"https:\\\/\\\/schema.org\",\"@graph\":[{\"@type\":\"WebPage\",\"@id\":\"https:\\\/\\\/ebookifa.com\\\/wp\\\/producto\\\/odu-orisa-volumen-1\\\/\",\"url\":\"https:\\\/\\\/ebookifa.com\\\/wp\\\/producto\\\/odu-orisa-volumen-1\\\/\",\"name\":\"Odu Orisa volumen 1 - E-book Ifa Store\",\"isPartOf\":{\"@id\":\"https:\\\/\\\/ebookifa.com\\\/wp\\\/#website\"},\"primaryImageOfPage\":{\"@id\":\"https:\\\/\\\/ebookifa.com\\\/wp\\\/producto\\\/odu-orisa-volumen-1\\\/#primaryimage\"},\"image\":{\"@id\":\"https:\\\/\\\/ebookifa.com\\\/wp\\\/producto\\\/odu-orisa-volumen-1\\\/#primaryimage\"},\"thumbnailUrl\":\"https:\\\/\\\/ebookifa.com\\\/wp\\\/wp-content\\\/uploads\\\/2021\\\/05\\\/Captura-de-Pantalla-2021-05-12-a-las-5.43.27-p.-m..png\",\"datePublished\":\"2021-05-12T21:48:59+00:00\",\"dateModified\":\"2021-12-28T23:13:48+00:00\",\"description\":\"Obra basada en la tradici\u00f3n del or\u00e1culo de \u00f2r\u00ecs\u00e0 de los 16 caur\u00edes del subgrupo yor\u00f9b\u00e1-nag\u00f3, las historias son las originales\",\"breadcrumb\":{\"@id\":\"https:\\\/\\\/ebookifa.com\\\/wp\\\/producto\\\/odu-orisa-volumen-1\\\/#breadcrumb\"},\"inLanguage\":\"en-US\",\"potentialAction\":[{\"@type\":\"ReadAction\",\"target\":[\"https:\\\/\\\/ebookifa.com\\\/wp\\\/producto\\\/odu-orisa-volumen-1\\\/\"]}]},{\"@type\":\"ImageObject\",\"inLanguage\":\"en-US\",\"@id\":\"https:\\\/\\\/ebookifa.com\\\/wp\\\/producto\\\/odu-orisa-volumen-1\\\/#primaryimage\",\"url\":\"https:\\\/\\\/ebookifa.com\\\/wp\\\/wp-content\\\/uploads\\\/2021\\\/05\\\/Captura-de-Pantalla-2021-05-12-a-las-5.43.27-p.-m..png\",\"contentUrl\":\"https:\\\/\\\/ebookifa.com\\\/wp\\\/wp-content\\\/uploads\\\/2021\\\/05\\\/Captura-de-Pantalla-2021-05-12-a-las-5.43.27-p.-m..png\",\"width\":575,\"height\":727},{\"@type\":\"BreadcrumbList\",\"@id\":\"https:\\\/\\\/ebookifa.com\\\/wp\\\/producto\\\/odu-orisa-volumen-1\\\/#breadcrumb\",\"itemListElement\":[{\"@type\":\"ListItem\",\"position\":1,\"name\":\"Portada\",\"item\":\"https:\\\/\\\/ebookifa.com\\\/wp\\\/\"},{\"@type\":\"ListItem\",\"position\":2,\"name\":\"Store\",\"item\":\"https:\\\/\\\/ebookifa.com\\\/wp\\\/tienda\\\/\"},{\"@type\":\"ListItem\",\"position\":3,\"name\":\"Odu Orisa volumen 1\"}]},{\"@type\":\"WebSite\",\"@id\":\"https:\\\/\\\/ebookifa.com\\\/wp\\\/#website\",\"url\":\"https:\\\/\\\/ebookifa.com\\\/wp\\\/\",\"name\":\"E-book Ifa Store\",\"description\":\"My WordPress Blog\",\"publisher\":{\"@id\":\"https:\\\/\\\/ebookifa.com\\\/wp\\\/#\\\/schema\\\/person\\\/f9caa434d3fd96bdb215d86e20928259\"},\"potentialAction\":[{\"@type\":\"SearchAction\",\"target\":{\"@type\":\"EntryPoint\",\"urlTemplate\":\"https:\\\/\\\/ebookifa.com\\\/wp\\\/?s={search_term_string}\"},\"query-input\":{\"@type\":\"PropertyValueSpecification\",\"valueRequired\":true,\"valueName\":\"search_term_string\"}}],\"inLanguage\":\"en-US\"},{\"@type\":[\"Person\",\"Organization\"],\"@id\":\"https:\\\/\\\/ebookifa.com\\\/wp\\\/#\\\/schema\\\/person\\\/f9caa434d3fd96bdb215d86e20928259\",\"name\":\"admin\",\"image\":{\"@type\":\"ImageObject\",\"inLanguage\":\"en-US\",\"@id\":\"https:\\\/\\\/ebookifa.com\\\/wp\\\/wp-content\\\/uploads\\\/2021\\\/04\\\/cropped-large-2.png\",\"url\":\"https:\\\/\\\/ebookifa.com\\\/wp\\\/wp-content\\\/uploads\\\/2021\\\/04\\\/cropped-large-2.png\",\"contentUrl\":\"https:\\\/\\\/ebookifa.com\\\/wp\\\/wp-content\\\/uploads\\\/2021\\\/04\\\/cropped-large-2.png\",\"width\":600,\"height\":391,\"caption\":\"admin\"},\"logo\":{\"@id\":\"https:\\\/\\\/ebookifa.com\\\/wp\\\/wp-content\\\/uploads\\\/2021\\\/04\\\/cropped-large-2.png\"},\"sameAs\":[\"https:\\\/\\\/ebookifa.com\\\/wp\"]}]}<\/script>\n<!-- \/ Yoast SEO plugin. -->","yoast_head_json":{"title":"Odu Orisa volumen 1 - E-book Ifa Store","description":"Obra basada en la tradici\u00f3n del or\u00e1culo de \u00f2r\u00ecs\u00e0 de los 16 caur\u00edes del subgrupo yor\u00f9b\u00e1-nag\u00f3, las historias son las originales","robots":{"index":"index","follow":"follow","max-snippet":"max-snippet:-1","max-image-preview":"max-image-preview:large","max-video-preview":"max-video-preview:-1"},"canonical":"https:\/\/ebookifa.com\/wp\/producto\/odu-orisa-volumen-1\/","og_locale":"en_US","og_type":"article","og_title":"Odu Orisa volumen 1 - E-book Ifa Store","og_description":"Obra basada en la tradici\u00f3n del or\u00e1culo de \u00f2r\u00ecs\u00e0 de los 16 caur\u00edes del subgrupo yor\u00f9b\u00e1-nag\u00f3, las historias son las originales","og_url":"https:\/\/ebookifa.com\/wp\/producto\/odu-orisa-volumen-1\/","og_site_name":"E-book Ifa Store","article_modified_time":"2021-12-28T23:13:48+00:00","og_image":[{"width":575,"height":727,"url":"https:\/\/ebookifa.com\/wp\/wp-content\/uploads\/2021\/05\/Captura-de-Pantalla-2021-05-12-a-las-5.43.27-p.-m..png","type":"image\/png"}],"twitter_card":"summary_large_image","twitter_misc":{"Est. reading time":"1 minute"},"schema":{"@context":"https:\/\/schema.org","@graph":[{"@type":"WebPage","@id":"https:\/\/ebookifa.com\/wp\/producto\/odu-orisa-volumen-1\/","url":"https:\/\/ebookifa.com\/wp\/producto\/odu-orisa-volumen-1\/","name":"Odu Orisa volumen 1 - E-book Ifa Store","isPartOf":{"@id":"https:\/\/ebookifa.com\/wp\/#website"},"primaryImageOfPage":{"@id":"https:\/\/ebookifa.com\/wp\/producto\/odu-orisa-volumen-1\/#primaryimage"},"image":{"@id":"https:\/\/ebookifa.com\/wp\/producto\/odu-orisa-volumen-1\/#primaryimage"},"thumbnailUrl":"https:\/\/ebookifa.com\/wp\/wp-content\/uploads\/2021\/05\/Captura-de-Pantalla-2021-05-12-a-las-5.43.27-p.-m..png","datePublished":"2021-05-12T21:48:59+00:00","dateModified":"2021-12-28T23:13:48+00:00","description":"Obra basada en la tradici\u00f3n del or\u00e1culo de \u00f2r\u00ecs\u00e0 de los 16 caur\u00edes del subgrupo yor\u00f9b\u00e1-nag\u00f3, las historias son las originales","breadcrumb":{"@id":"https:\/\/ebookifa.com\/wp\/producto\/odu-orisa-volumen-1\/#breadcrumb"},"inLanguage":"en-US","potentialAction":[{"@type":"ReadAction","target":["https:\/\/ebookifa.com\/wp\/producto\/odu-orisa-volumen-1\/"]}]},{"@type":"ImageObject","inLanguage":"en-US","@id":"https:\/\/ebookifa.com\/wp\/producto\/odu-orisa-volumen-1\/#primaryimage","url":"https:\/\/ebookifa.com\/wp\/wp-content\/uploads\/2021\/05\/Captura-de-Pantalla-2021-05-12-a-las-5.43.27-p.-m..png","contentUrl":"https:\/\/ebookifa.com\/wp\/wp-content\/uploads\/2021\/05\/Captura-de-Pantalla-2021-05-12-a-las-5.43.27-p.-m..png","width":575,"height":727},{"@type":"BreadcrumbList","@id":"https:\/\/ebookifa.com\/wp\/producto\/odu-orisa-volumen-1\/#breadcrumb","itemListElement":[{"@type":"ListItem","position":1,"name":"Portada","item":"https:\/\/ebookifa.com\/wp\/"},{"@type":"ListItem","position":2,"name":"Store","item":"https:\/\/ebookifa.com\/wp\/tienda\/"},{"@type":"ListItem","position":3,"name":"Odu Orisa volumen 1"}]},{"@type":"WebSite","@id":"https:\/\/ebookifa.com\/wp\/#website","url":"https:\/\/ebookifa.com\/wp\/","name":"E-book Ifa Store","description":"My WordPress Blog","publisher":{"@id":"https:\/\/ebookifa.com\/wp\/#\/schema\/person\/f9caa434d3fd96bdb215d86e20928259"},"potentialAction":[{"@type":"SearchAction","target":{"@type":"EntryPoint","urlTemplate":"https:\/\/ebookifa.com\/wp\/?s={search_term_string}"},"query-input":{"@type":"PropertyValueSpecification","valueRequired":true,"valueName":"search_term_string"}}],"inLanguage":"en-US"},{"@type":["Person","Organization"],"@id":"https:\/\/ebookifa.com\/wp\/#\/schema\/person\/f9caa434d3fd96bdb215d86e20928259","name":"admin","image":{"@type":"ImageObject","inLanguage":"en-US","@id":"https:\/\/ebookifa.com\/wp\/wp-content\/uploads\/2021\/04\/cropped-large-2.png","url":"https:\/\/ebookifa.com\/wp\/wp-content\/uploads\/2021\/04\/cropped-large-2.png","contentUrl":"https:\/\/ebookifa.com\/wp\/wp-content\/uploads\/2021\/04\/cropped-large-2.png","width":600,"height":391,"caption":"admin"},"logo":{"@id":"https:\/\/ebookifa.com\/wp\/wp-content\/uploads\/2021\/04\/cropped-large-2.png"},"sameAs":["https:\/\/ebookifa.com\/wp"]}]}},"_links":{"self":[{"href":"https:\/\/ebookifa.com\/wp\/wp-json\/wp\/v2\/product\/280","targetHints":{"allow":["GET"]}}],"collection":[{"href":"https:\/\/ebookifa.com\/wp\/wp-json\/wp\/v2\/product"}],"about":[{"href":"https:\/\/ebookifa.com\/wp\/wp-json\/wp\/v2\/types\/product"}],"replies":[{"embeddable":true,"href":"https:\/\/ebookifa.com\/wp\/wp-json\/wp\/v2\/comments?post=280"}],"wp:featuredmedia":[{"embeddable":true,"href":"https:\/\/ebookifa.com\/wp\/wp-json\/wp\/v2\/media\/281"}],"wp:attachment":[{"href":"https:\/\/ebookifa.com\/wp\/wp-json\/wp\/v2\/media?parent=280"}],"wp:term":[{"taxonomy":"product_brand","embeddable":true,"href":"https:\/\/ebookifa.com\/wp\/wp-json\/wp\/v2\/product_brand?post=280"},{"taxonomy":"product_cat","embeddable":true,"href":"https:\/\/ebookifa.com\/wp\/wp-json\/wp\/v2\/product_cat?post=280"},{"taxonomy":"product_tag","embeddable":true,"href":"https:\/\/ebookifa.com\/wp\/wp-json\/wp\/v2\/product_tag?post=280"}],"curies":[{"name":"wp","href":"https:\/\/api.w.org\/{rel}","templated":true}]}}