{"id":2338,"date":"2024-07-26T00:15:34","date_gmt":"2024-07-26T00:15:34","guid":{"rendered":"https:\/\/ebookifa.com\/wp\/?post_type=product&#038;p=2338"},"modified":"2024-07-26T00:15:35","modified_gmt":"2024-07-26T00:15:35","slug":"sagrado-odu-ifa-guia-de-referencia-contextual-del-omo-awo","status":"publish","type":"product","link":"https:\/\/ebookifa.com\/wp\/producto\/sagrado-odu-ifa-guia-de-referencia-contextual-del-omo-awo\/","title":{"rendered":"Sagrado Odu If\u00e1: Gu\u00eda de referencia contextual del Omo Awo"},"content":{"rendered":"<p>Este libro es una Gu\u00eda de Referencia Contextual que proporciona una breve sinopsis de la energ\u00eda general del Odu Ifa. Ha sido compilado en base a mi investigaci\u00f3n en profundidad en la literatura escrita y la gu\u00eda proporcionada por Babalawo y Awo establecidos y competentes. Se compone de la personalidad descriptiva de los versos sagrados, as\u00ed como algunos tab\u00faes y sacrificios. Esta Gu\u00eda de Referencia Contextual no es de ninguna manera exhaustiva y debe usarse junto con informaci\u00f3n e investigaci\u00f3n enfocada principalmente en los rituales, medicinas y sacrificios del Odu Ifa. Las futuras publicaciones relacionadas con esta Gu\u00eda de Referencia Contextual pueden incluir rituales, medicinas y sacrificios espec\u00edficos, sin embargo, vendr\u00e1n con m\u00e1s investigaci\u00f3n y, por supuesto, la gu\u00eda de Babalawo, Iyanifa y Awo bien establecidos y competentes. Este libro ha sido escrito con la esperanza de que ayude a los nacidos en la di\u00e1spora occidental a contextualizar y digerir la informaci\u00f3n presentada en los textos originales de las Sagradas Escrituras del Odu Ifa. Muchos de nosotros viajamos leg\u00edtimamente a Nigeria para nuestras iniciaciones, sin embargo, el estilo de vida occidental no suele proporcionar el tiempo que se necesita para estudiar con nuestros mayores durante el tiempo suficiente como para obtener una comprensi\u00f3n integral de estos versos. Este libro es mi intento de ayudarnos con este trabajo. Ruego que sea aceptado por mis mayores y respetado por mis colegas en Ifa. Como Iyanifa estadounidense, es con respeto por esta tradici\u00f3n que he asumido esta tarea pesada y muy importante y no lo he hecho solo. Me gustar\u00eda dar las gracias a aquellos sacerdotes que han contribuido con su conocimiento y sabidur\u00eda a mi trabajo. Gracias y disfr\u00fatenlo.<\/p>\n<p><strong>CONTIENE LOS 256 ODU DE IFA<\/strong><\/p>\n","protected":false},"excerpt":{"rendered":"<p>Este libro es una Gu\u00eda de Referencia Contextual que proporciona una breve sinopsis de la energ\u00eda general del Odu Ifa. Ha sido compilado en base a mi investigaci\u00f3n en profundidad en la literatura escrita y la gu\u00eda proporcionada por Babalawo y Awo establecidos y competentes. Se compone de la personalidad descriptiva de los versos sagrados, [&hellip;]<\/p>\n","protected":false},"featured_media":2339,"comment_status":"open","ping_status":"closed","template":"","meta":{"_eb_attr":"","site-sidebar-layout":"default","site-content-layout":"","ast-site-content-layout":"default","site-content-style":"default","site-sidebar-style":"default","ast-global-header-display":"","ast-banner-title-visibility":"","ast-main-header-display":"","ast-hfb-above-header-display":"","ast-hfb-below-header-display":"","ast-hfb-mobile-header-display":"","site-post-title":"","ast-breadcrumbs-content":"","ast-featured-img":"","footer-sml-layout":"","ast-disable-related-posts":"","theme-transparent-header-meta":"default","adv-header-id-meta":"","stick-header-meta":"","header-above-stick-meta":"","header-main-stick-meta":"","header-below-stick-meta":"","astra-migrate-meta-layouts":"set","ast-page-background-enabled":"default","ast-page-background-meta":{"desktop":{"background-color":"","background-image":"","background-repeat":"repeat","background-position":"center center","background-size":"auto","background-attachment":"scroll","background-type":"","background-media":"","overlay-type":"","overlay-color":"","overlay-opacity":"","overlay-gradient":""},"tablet":{"background-color":"","background-image":"","background-repeat":"repeat","background-position":"center center","background-size":"auto","background-attachment":"scroll","background-type":"","background-media":"","overlay-type":"","overlay-color":"","overlay-opacity":"","overlay-gradient":""},"mobile":{"background-color":"","background-image":"","background-repeat":"repeat","background-position":"center center","background-size":"auto","background-attachment":"scroll","background-type":"","background-media":"","overlay-type":"","overlay-color":"","overlay-opacity":"","overlay-gradient":""}},"ast-content-background-meta":{"desktop":{"background-color":"var(--ast-global-color-5)","background-image":"","background-repeat":"repeat","background-position":"center center","background-size":"auto","background-attachment":"scroll","background-type":"","background-media":"","overlay-type":"","overlay-color":"","overlay-opacity":"","overlay-gradient":""},"tablet":{"background-color":"var(--ast-global-color-5)","background-image":"","background-repeat":"repeat","background-position":"center center","background-size":"auto","background-attachment":"scroll","background-type":"","background-media":"","overlay-type":"","overlay-color":"","overlay-opacity":"","overlay-gradient":""},"mobile":{"background-color":"var(--ast-global-color-5)","background-image":"","background-repeat":"repeat","background-position":"center center","background-size":"auto","background-attachment":"scroll","background-type":"","background-media":"","overlay-type":"","overlay-color":"","overlay-opacity":"","overlay-gradient":""}}},"product_brand":[],"product_cat":[77],"product_tag":[],"class_list":{"0":"post-2338","1":"product","2":"type-product","3":"status-publish","4":"has-post-thumbnail","6":"product_cat-libros-en-espanol","7":"desktop-align-left","8":"tablet-align-left","9":"mobile-align-left","11":"first","12":"instock","13":"sale","14":"shipping-taxable","15":"purchasable","16":"product-type-simple"},"yoast_head":"<!-- This site is optimized with the Yoast SEO plugin v27.4 - https:\/\/yoast.com\/product\/yoast-seo-wordpress\/ -->\n<title>Sagrado Odu If\u00e1: Gu\u00eda de referencia contextual del Omo Awo - E-book Ifa Store<\/title>\n<meta name=\"robots\" content=\"index, follow, max-snippet:-1, max-image-preview:large, max-video-preview:-1\" \/>\n<link rel=\"canonical\" href=\"https:\/\/ebookifa.com\/wp\/producto\/sagrado-odu-ifa-guia-de-referencia-contextual-del-omo-awo\/\" \/>\n<meta property=\"og:locale\" content=\"en_US\" \/>\n<meta property=\"og:type\" content=\"article\" \/>\n<meta property=\"og:title\" content=\"Sagrado Odu If\u00e1: Gu\u00eda de referencia contextual del Omo Awo - E-book Ifa Store\" \/>\n<meta property=\"og:description\" content=\"Este libro es una Gu\u00eda de Referencia Contextual que proporciona una breve sinopsis de la energ\u00eda general del Odu Ifa. Ha sido compilado en base a mi investigaci\u00f3n en profundidad en la literatura escrita y la gu\u00eda proporcionada por Babalawo y Awo establecidos y competentes. Se compone de la personalidad descriptiva de los versos sagrados, [&hellip;]\" \/>\n<meta property=\"og:url\" content=\"https:\/\/ebookifa.com\/wp\/producto\/sagrado-odu-ifa-guia-de-referencia-contextual-del-omo-awo\/\" \/>\n<meta property=\"og:site_name\" content=\"E-book Ifa Store\" \/>\n<meta property=\"article:modified_time\" content=\"2024-07-26T00:15:35+00:00\" \/>\n<meta property=\"og:image\" content=\"https:\/\/ebookifa.com\/wp\/wp-content\/uploads\/2024\/07\/sagrado.jpeg\" \/>\n\t<meta property=\"og:image:width\" content=\"182\" \/>\n\t<meta property=\"og:image:height\" content=\"277\" \/>\n\t<meta property=\"og:image:type\" content=\"image\/jpeg\" \/>\n<meta name=\"twitter:card\" content=\"summary_large_image\" \/>\n<meta name=\"twitter:label1\" content=\"Est. reading time\" \/>\n\t<meta name=\"twitter:data1\" content=\"2 minutes\" \/>\n<script type=\"application\/ld+json\" class=\"yoast-schema-graph\">{\"@context\":\"https:\\\/\\\/schema.org\",\"@graph\":[{\"@type\":\"WebPage\",\"@id\":\"https:\\\/\\\/ebookifa.com\\\/wp\\\/producto\\\/sagrado-odu-ifa-guia-de-referencia-contextual-del-omo-awo\\\/\",\"url\":\"https:\\\/\\\/ebookifa.com\\\/wp\\\/producto\\\/sagrado-odu-ifa-guia-de-referencia-contextual-del-omo-awo\\\/\",\"name\":\"Sagrado Odu If\u00e1: Gu\u00eda de referencia contextual del Omo Awo - E-book Ifa Store\",\"isPartOf\":{\"@id\":\"https:\\\/\\\/ebookifa.com\\\/wp\\\/#website\"},\"primaryImageOfPage\":{\"@id\":\"https:\\\/\\\/ebookifa.com\\\/wp\\\/producto\\\/sagrado-odu-ifa-guia-de-referencia-contextual-del-omo-awo\\\/#primaryimage\"},\"image\":{\"@id\":\"https:\\\/\\\/ebookifa.com\\\/wp\\\/producto\\\/sagrado-odu-ifa-guia-de-referencia-contextual-del-omo-awo\\\/#primaryimage\"},\"thumbnailUrl\":\"https:\\\/\\\/ebookifa.com\\\/wp\\\/wp-content\\\/uploads\\\/2024\\\/07\\\/sagrado.jpeg\",\"datePublished\":\"2024-07-26T00:15:34+00:00\",\"dateModified\":\"2024-07-26T00:15:35+00:00\",\"breadcrumb\":{\"@id\":\"https:\\\/\\\/ebookifa.com\\\/wp\\\/producto\\\/sagrado-odu-ifa-guia-de-referencia-contextual-del-omo-awo\\\/#breadcrumb\"},\"inLanguage\":\"en-US\",\"potentialAction\":[{\"@type\":\"ReadAction\",\"target\":[\"https:\\\/\\\/ebookifa.com\\\/wp\\\/producto\\\/sagrado-odu-ifa-guia-de-referencia-contextual-del-omo-awo\\\/\"]}]},{\"@type\":\"ImageObject\",\"inLanguage\":\"en-US\",\"@id\":\"https:\\\/\\\/ebookifa.com\\\/wp\\\/producto\\\/sagrado-odu-ifa-guia-de-referencia-contextual-del-omo-awo\\\/#primaryimage\",\"url\":\"https:\\\/\\\/ebookifa.com\\\/wp\\\/wp-content\\\/uploads\\\/2024\\\/07\\\/sagrado.jpeg\",\"contentUrl\":\"https:\\\/\\\/ebookifa.com\\\/wp\\\/wp-content\\\/uploads\\\/2024\\\/07\\\/sagrado.jpeg\",\"width\":182,\"height\":277},{\"@type\":\"BreadcrumbList\",\"@id\":\"https:\\\/\\\/ebookifa.com\\\/wp\\\/producto\\\/sagrado-odu-ifa-guia-de-referencia-contextual-del-omo-awo\\\/#breadcrumb\",\"itemListElement\":[{\"@type\":\"ListItem\",\"position\":1,\"name\":\"Portada\",\"item\":\"https:\\\/\\\/ebookifa.com\\\/wp\\\/\"},{\"@type\":\"ListItem\",\"position\":2,\"name\":\"Store\",\"item\":\"https:\\\/\\\/ebookifa.com\\\/wp\\\/tienda\\\/\"},{\"@type\":\"ListItem\",\"position\":3,\"name\":\"Sagrado Odu If\u00e1: Gu\u00eda de referencia contextual del Omo Awo\"}]},{\"@type\":\"WebSite\",\"@id\":\"https:\\\/\\\/ebookifa.com\\\/wp\\\/#website\",\"url\":\"https:\\\/\\\/ebookifa.com\\\/wp\\\/\",\"name\":\"E-book Ifa Store\",\"description\":\"My WordPress Blog\",\"publisher\":{\"@id\":\"https:\\\/\\\/ebookifa.com\\\/wp\\\/#\\\/schema\\\/person\\\/f9caa434d3fd96bdb215d86e20928259\"},\"potentialAction\":[{\"@type\":\"SearchAction\",\"target\":{\"@type\":\"EntryPoint\",\"urlTemplate\":\"https:\\\/\\\/ebookifa.com\\\/wp\\\/?s={search_term_string}\"},\"query-input\":{\"@type\":\"PropertyValueSpecification\",\"valueRequired\":true,\"valueName\":\"search_term_string\"}}],\"inLanguage\":\"en-US\"},{\"@type\":[\"Person\",\"Organization\"],\"@id\":\"https:\\\/\\\/ebookifa.com\\\/wp\\\/#\\\/schema\\\/person\\\/f9caa434d3fd96bdb215d86e20928259\",\"name\":\"admin\",\"image\":{\"@type\":\"ImageObject\",\"inLanguage\":\"en-US\",\"@id\":\"https:\\\/\\\/ebookifa.com\\\/wp\\\/wp-content\\\/uploads\\\/2021\\\/04\\\/cropped-large-2.png\",\"url\":\"https:\\\/\\\/ebookifa.com\\\/wp\\\/wp-content\\\/uploads\\\/2021\\\/04\\\/cropped-large-2.png\",\"contentUrl\":\"https:\\\/\\\/ebookifa.com\\\/wp\\\/wp-content\\\/uploads\\\/2021\\\/04\\\/cropped-large-2.png\",\"width\":600,\"height\":391,\"caption\":\"admin\"},\"logo\":{\"@id\":\"https:\\\/\\\/ebookifa.com\\\/wp\\\/wp-content\\\/uploads\\\/2021\\\/04\\\/cropped-large-2.png\"},\"sameAs\":[\"https:\\\/\\\/ebookifa.com\\\/wp\"]}]}<\/script>\n<!-- \/ Yoast SEO plugin. -->","yoast_head_json":{"title":"Sagrado Odu If\u00e1: Gu\u00eda de referencia contextual del Omo Awo - E-book Ifa Store","robots":{"index":"index","follow":"follow","max-snippet":"max-snippet:-1","max-image-preview":"max-image-preview:large","max-video-preview":"max-video-preview:-1"},"canonical":"https:\/\/ebookifa.com\/wp\/producto\/sagrado-odu-ifa-guia-de-referencia-contextual-del-omo-awo\/","og_locale":"en_US","og_type":"article","og_title":"Sagrado Odu If\u00e1: Gu\u00eda de referencia contextual del Omo Awo - E-book Ifa Store","og_description":"Este libro es una Gu\u00eda de Referencia Contextual que proporciona una breve sinopsis de la energ\u00eda general del Odu Ifa. Ha sido compilado en base a mi investigaci\u00f3n en profundidad en la literatura escrita y la gu\u00eda proporcionada por Babalawo y Awo establecidos y competentes. Se compone de la personalidad descriptiva de los versos sagrados, [&hellip;]","og_url":"https:\/\/ebookifa.com\/wp\/producto\/sagrado-odu-ifa-guia-de-referencia-contextual-del-omo-awo\/","og_site_name":"E-book Ifa Store","article_modified_time":"2024-07-26T00:15:35+00:00","og_image":[{"width":182,"height":277,"url":"https:\/\/ebookifa.com\/wp\/wp-content\/uploads\/2024\/07\/sagrado.jpeg","type":"image\/jpeg"}],"twitter_card":"summary_large_image","twitter_misc":{"Est. reading time":"2 minutes"},"schema":{"@context":"https:\/\/schema.org","@graph":[{"@type":"WebPage","@id":"https:\/\/ebookifa.com\/wp\/producto\/sagrado-odu-ifa-guia-de-referencia-contextual-del-omo-awo\/","url":"https:\/\/ebookifa.com\/wp\/producto\/sagrado-odu-ifa-guia-de-referencia-contextual-del-omo-awo\/","name":"Sagrado Odu If\u00e1: Gu\u00eda de referencia contextual del Omo Awo - E-book Ifa Store","isPartOf":{"@id":"https:\/\/ebookifa.com\/wp\/#website"},"primaryImageOfPage":{"@id":"https:\/\/ebookifa.com\/wp\/producto\/sagrado-odu-ifa-guia-de-referencia-contextual-del-omo-awo\/#primaryimage"},"image":{"@id":"https:\/\/ebookifa.com\/wp\/producto\/sagrado-odu-ifa-guia-de-referencia-contextual-del-omo-awo\/#primaryimage"},"thumbnailUrl":"https:\/\/ebookifa.com\/wp\/wp-content\/uploads\/2024\/07\/sagrado.jpeg","datePublished":"2024-07-26T00:15:34+00:00","dateModified":"2024-07-26T00:15:35+00:00","breadcrumb":{"@id":"https:\/\/ebookifa.com\/wp\/producto\/sagrado-odu-ifa-guia-de-referencia-contextual-del-omo-awo\/#breadcrumb"},"inLanguage":"en-US","potentialAction":[{"@type":"ReadAction","target":["https:\/\/ebookifa.com\/wp\/producto\/sagrado-odu-ifa-guia-de-referencia-contextual-del-omo-awo\/"]}]},{"@type":"ImageObject","inLanguage":"en-US","@id":"https:\/\/ebookifa.com\/wp\/producto\/sagrado-odu-ifa-guia-de-referencia-contextual-del-omo-awo\/#primaryimage","url":"https:\/\/ebookifa.com\/wp\/wp-content\/uploads\/2024\/07\/sagrado.jpeg","contentUrl":"https:\/\/ebookifa.com\/wp\/wp-content\/uploads\/2024\/07\/sagrado.jpeg","width":182,"height":277},{"@type":"BreadcrumbList","@id":"https:\/\/ebookifa.com\/wp\/producto\/sagrado-odu-ifa-guia-de-referencia-contextual-del-omo-awo\/#breadcrumb","itemListElement":[{"@type":"ListItem","position":1,"name":"Portada","item":"https:\/\/ebookifa.com\/wp\/"},{"@type":"ListItem","position":2,"name":"Store","item":"https:\/\/ebookifa.com\/wp\/tienda\/"},{"@type":"ListItem","position":3,"name":"Sagrado Odu If\u00e1: Gu\u00eda de referencia contextual del Omo Awo"}]},{"@type":"WebSite","@id":"https:\/\/ebookifa.com\/wp\/#website","url":"https:\/\/ebookifa.com\/wp\/","name":"E-book Ifa Store","description":"My WordPress Blog","publisher":{"@id":"https:\/\/ebookifa.com\/wp\/#\/schema\/person\/f9caa434d3fd96bdb215d86e20928259"},"potentialAction":[{"@type":"SearchAction","target":{"@type":"EntryPoint","urlTemplate":"https:\/\/ebookifa.com\/wp\/?s={search_term_string}"},"query-input":{"@type":"PropertyValueSpecification","valueRequired":true,"valueName":"search_term_string"}}],"inLanguage":"en-US"},{"@type":["Person","Organization"],"@id":"https:\/\/ebookifa.com\/wp\/#\/schema\/person\/f9caa434d3fd96bdb215d86e20928259","name":"admin","image":{"@type":"ImageObject","inLanguage":"en-US","@id":"https:\/\/ebookifa.com\/wp\/wp-content\/uploads\/2021\/04\/cropped-large-2.png","url":"https:\/\/ebookifa.com\/wp\/wp-content\/uploads\/2021\/04\/cropped-large-2.png","contentUrl":"https:\/\/ebookifa.com\/wp\/wp-content\/uploads\/2021\/04\/cropped-large-2.png","width":600,"height":391,"caption":"admin"},"logo":{"@id":"https:\/\/ebookifa.com\/wp\/wp-content\/uploads\/2021\/04\/cropped-large-2.png"},"sameAs":["https:\/\/ebookifa.com\/wp"]}]}},"_links":{"self":[{"href":"https:\/\/ebookifa.com\/wp\/wp-json\/wp\/v2\/product\/2338","targetHints":{"allow":["GET"]}}],"collection":[{"href":"https:\/\/ebookifa.com\/wp\/wp-json\/wp\/v2\/product"}],"about":[{"href":"https:\/\/ebookifa.com\/wp\/wp-json\/wp\/v2\/types\/product"}],"replies":[{"embeddable":true,"href":"https:\/\/ebookifa.com\/wp\/wp-json\/wp\/v2\/comments?post=2338"}],"wp:featuredmedia":[{"embeddable":true,"href":"https:\/\/ebookifa.com\/wp\/wp-json\/wp\/v2\/media\/2339"}],"wp:attachment":[{"href":"https:\/\/ebookifa.com\/wp\/wp-json\/wp\/v2\/media?parent=2338"}],"wp:term":[{"taxonomy":"product_brand","embeddable":true,"href":"https:\/\/ebookifa.com\/wp\/wp-json\/wp\/v2\/product_brand?post=2338"},{"taxonomy":"product_cat","embeddable":true,"href":"https:\/\/ebookifa.com\/wp\/wp-json\/wp\/v2\/product_cat?post=2338"},{"taxonomy":"product_tag","embeddable":true,"href":"https:\/\/ebookifa.com\/wp\/wp-json\/wp\/v2\/product_tag?post=2338"}],"curies":[{"name":"wp","href":"https:\/\/api.w.org\/{rel}","templated":true}]}}