{"id":2255,"date":"2024-05-03T20:44:59","date_gmt":"2024-05-03T20:44:59","guid":{"rendered":"https:\/\/ebookifa.com\/wp\/?post_type=product&#038;p=2255"},"modified":"2024-05-03T20:46:39","modified_gmt":"2024-05-03T20:46:39","slug":"iyami-aje-our-mothers-owners-of-the-womb-of-the-world","status":"publish","type":"product","link":"https:\/\/ebookifa.com\/wp\/producto\/iyami-aje-our-mothers-owners-of-the-womb-of-the-world\/","title":{"rendered":"\u00ccy\u00e0mi-\u00c0j\u00e9 Our Mothers: Owners of the Womb of the World"},"content":{"rendered":"<p>The Divinity Od\u00f9 and \u00ccy\u00e0mi \u00d2\u1e63\u00f2r\u00f2ng\u00e0 are the highest forms of female power and Divine \u00e0\u1e63\u1eb9. They are the owners of a potent energy that can only be compared to that of the Supreme God Ol\u00f3d\u00f9mar\u00e8-\u1eccl\u00f3\u00f2run and of Orisha \u00c8\u1e63\u00f9. No other Yor\u00f9b\u00e1 deity has more power over procreation than the Divinity Od\u00f9 and \u00ccy\u00e0mi \u00d2\u1e63\u00f2r\u00f2ng\u00e0. All \u00c0j\u00e9 women on Earth are their subordinates and make use of their intensely unique \u00e0\u1e63\u1eb9 powers which was given to them by Ol\u00f3d\u00f9mar\u00e8-\u1eccl\u00f3\u00f2run at the time of creation.Given our times and the crises we face, the power of women and what they represent today is more evident than ever. This work reflects not only the power of the Divinity Od\u00f9, \u00ccy\u00e0mi \u00d2\u1e63\u00f2r\u00f2ng\u00e0, and \u00c0j\u00e9 but also their presence and influence in our daily lives; what they have represented in the past, in the present, and what they will continue to represent in the future.The mythical aspect of the Divinity Od\u00f9, \u00ccy\u00e0mi \u00d2\u1e63\u00f2r\u00f2ng\u00e0, and \u00c0j\u00e9 has become a current topic of many books. In this work, the author included 40 \u00cct\u00e0ns to give the reader a small window into the mythical realm of these Powerful Divinities. Following the \u00cct\u00e0ns, there is a look into the G\u00e8l\u00e9d\u00e9 Rituals and Societies of Western Nigeria and K\u00e9tu. It is followed by the topics of \u00c0j\u00e9 Sorceresses, examples of Or\u00edk\u00ec Praises to \u00ccy\u00e0mi-\u00c0j\u00e9-\u1eb8l\u1eb9y\u1eb9 and the Divinity Od\u00f9, Sacrifices, 236 Sacred Leaves, 15 Sacred Trees, 21 Sacred Birds, the Orishas and \u00ccy\u00e0mi-\u00c0j\u00e9, the Od\u00f9-If\u00e1 and \u00ccy\u00e0mi-\u00c0j\u00e9, \u00d2\u00f2g\u00f9n: Yor\u00f9b\u00e1 Magical Medicines, a few examples of \u00ccy\u00e0mi-\u00c0j\u00e9 \u00d2\u00f2g\u00f9n Works and \u1eccf\u00f2 Incantations, Power and Rituals, Symbols, Names of \u00ccy\u00e0mi, Sacred Rivers, and The Hunting of \u00c0j\u00e9 by the malicious Atinga Society. Next, the reader will find two thematic Poems about \u00ccy\u00e0mi-\u00c0j\u00e9-\u1eb8l\u1eb9y\u1eb9 and the Divinity Od\u00f9, as a form of salute and final reverence to Our Mothers. Following the poems, there is a review of the controversy of \u00ccy\u00e0mi-\u00c0j\u00e9 Initiations, Shrines, and Colors. The book closes with the Conclusion and a Selected Glossary of Yor\u00f9b\u00e1 words and topics.In <span class=\"a-text-italic\">\u00ccy\u00e0mi-\u00c0j\u00e9 Our Mothers: Owners of the Womb of the World<\/span>, author Alex Cuoco shares forty stories of the powerful Yor\u00f9b\u00e1 sorceresses \u00ccy\u00e0mi-\u00c0j\u00e9, from how they created the world to how they continue to use their powers to benefit humanity.Speaking directly to those descended from the peoples of West Africa, Cuoco shares what he learned from studying Yor\u00f9b\u00e1 Indigenous and traditional religious cultures for forty-five years, including seventeen years living and traveling in West Africa and throughout the African continent.He does this to combat the large amount of misleading information on the internet about the \u00ccy\u00e0mi-\u00c0j\u00e9 and to help readers understand the true nature of West African rituals and worship practices, based on his own firsthand experiences of them.<\/p>\n<p><strong>CONTENTS<\/strong><\/p>\n<p>INTRODUCTION<br \/>\nOPENING SALUTE<br \/>\nIT\u00c0NS OF IY\u00c0MI-\u00c0J\u00c9-ELEYE-DIVINITY OD\u00d9<br \/>\nG\u00c8L\u00c8D\u00c9 SOCIETY<br \/>\n\u00c0J\u00c9 SORCERESSES<br \/>\nOR\u00cdK\u00cc PRAISES: Y\u00c0MI-\u00c0J\u00c9-ELEYE-DIVINITY OD\u00d9<br \/>\nSACRIFICES OFFERED TO Y\u00c0MI<br \/>\nSACRED LEAVES OF IY\u00c0MI-\u00c0I\u00c9<br \/>\nOTHER SACRED LEAVES OF IF\u00c1<br \/>\nSACRED TREES OF IY\u00c0MI-\u00c0J\u00c9<br \/>\nBIRDS OF IY\u00c0MI-\u00c0J\u00c9<br \/>\nTHE ORISHAS AND TY\u00c0MI-\u00c0I\u00c9<br \/>\nOD\u00d9-IF\u00c1 AND IY\u00c0MI-\u00c0J\u00c9<br \/>\n\u00d2\u00d2G\u00d9N: YOR\u00d9B\u00c1 MAGICAL MEDICINES<br \/>\nIY\u00c0MI-\u00c0I\u00c9 O\u00d2G\u00d9N WORKS<br \/>\n\u00ccY\u00c0MI-\u00c0J\u00c9: POWER AND RITUALS<br \/>\nIY\u00c0MI-\u00c0J\u00c9: SYMBOLS, NAMES, RIVERS<br \/>\nTHE HUNTING OF JE: THE MALICIOUS ATINGA SOCIETY<br \/>\n\u00ccY\u00c0MI-\u00c0J\u00c9 POEMS<br \/>\nIY\u00c0MI-\u00c0J\u00c9: INITIATIONS, SHRINES AND COLORS<br \/>\nCONCLUSION<br \/>\nBIBLIOGRAPHY<br \/>\nSELECTED GLOSSARY<br \/>\nOTHER WORKS BY THE AUTHOR.<\/p>\n","protected":false},"excerpt":{"rendered":"<p>The Divinity Od\u00f9 and \u00ccy\u00e0mi \u00d2\u1e63\u00f2r\u00f2ng\u00e0 are the highest forms of female power and Divine \u00e0\u1e63\u1eb9. They are the owners of a potent energy that can only be compared to that of the Supreme God Ol\u00f3d\u00f9mar\u00e8-\u1eccl\u00f3\u00f2run and of Orisha \u00c8\u1e63\u00f9. No other Yor\u00f9b\u00e1 deity has more power over procreation than the Divinity Od\u00f9 and \u00ccy\u00e0mi [&hellip;]<\/p>\n","protected":false},"featured_media":2257,"comment_status":"open","ping_status":"closed","template":"","meta":{"_eb_attr":"","site-sidebar-layout":"default","site-content-layout":"","ast-site-content-layout":"default","site-content-style":"default","site-sidebar-style":"default","ast-global-header-display":"","ast-banner-title-visibility":"","ast-main-header-display":"","ast-hfb-above-header-display":"","ast-hfb-below-header-display":"","ast-hfb-mobile-header-display":"","site-post-title":"","ast-breadcrumbs-content":"","ast-featured-img":"","footer-sml-layout":"","ast-disable-related-posts":"","theme-transparent-header-meta":"default","adv-header-id-meta":"","stick-header-meta":"","header-above-stick-meta":"","header-main-stick-meta":"","header-below-stick-meta":"","astra-migrate-meta-layouts":"set","ast-page-background-enabled":"default","ast-page-background-meta":{"desktop":{"background-color":"","background-image":"","background-repeat":"repeat","background-position":"center center","background-size":"auto","background-attachment":"scroll","background-type":"","background-media":"","overlay-type":"","overlay-color":"","overlay-opacity":"","overlay-gradient":""},"tablet":{"background-color":"","background-image":"","background-repeat":"repeat","background-position":"center center","background-size":"auto","background-attachment":"scroll","background-type":"","background-media":"","overlay-type":"","overlay-color":"","overlay-opacity":"","overlay-gradient":""},"mobile":{"background-color":"","background-image":"","background-repeat":"repeat","background-position":"center center","background-size":"auto","background-attachment":"scroll","background-type":"","background-media":"","overlay-type":"","overlay-color":"","overlay-opacity":"","overlay-gradient":""}},"ast-content-background-meta":{"desktop":{"background-color":"var(--ast-global-color-5)","background-image":"","background-repeat":"repeat","background-position":"center center","background-size":"auto","background-attachment":"scroll","background-type":"","background-media":"","overlay-type":"","overlay-color":"","overlay-opacity":"","overlay-gradient":""},"tablet":{"background-color":"var(--ast-global-color-5)","background-image":"","background-repeat":"repeat","background-position":"center center","background-size":"auto","background-attachment":"scroll","background-type":"","background-media":"","overlay-type":"","overlay-color":"","overlay-opacity":"","overlay-gradient":""},"mobile":{"background-color":"var(--ast-global-color-5)","background-image":"","background-repeat":"repeat","background-position":"center center","background-size":"auto","background-attachment":"scroll","background-type":"","background-media":"","overlay-type":"","overlay-color":"","overlay-opacity":"","overlay-gradient":""}}},"product_brand":[],"product_cat":[82],"product_tag":[],"class_list":{"0":"post-2255","1":"product","2":"type-product","3":"status-publish","4":"has-post-thumbnail","6":"product_cat-e-books-in-english","7":"desktop-align-left","8":"tablet-align-left","9":"mobile-align-left","11":"first","12":"instock","13":"sale","14":"shipping-taxable","15":"purchasable","16":"product-type-simple"},"yoast_head":"<!-- This site is optimized with the Yoast SEO plugin v27.4 - https:\/\/yoast.com\/product\/yoast-seo-wordpress\/ -->\n<title>\u00ccy\u00e0mi-\u00c0j\u00e9 Our Mothers: Owners of the Womb of the World - E-book Ifa Store<\/title>\n<meta name=\"robots\" content=\"index, follow, max-snippet:-1, max-image-preview:large, max-video-preview:-1\" \/>\n<link rel=\"canonical\" href=\"https:\/\/ebookifa.com\/wp\/producto\/iyami-aje-our-mothers-owners-of-the-womb-of-the-world\/\" \/>\n<meta property=\"og:locale\" content=\"en_US\" \/>\n<meta property=\"og:type\" content=\"article\" \/>\n<meta property=\"og:title\" content=\"\u00ccy\u00e0mi-\u00c0j\u00e9 Our Mothers: Owners of the Womb of the World - E-book Ifa Store\" \/>\n<meta property=\"og:description\" content=\"The Divinity Od\u00f9 and \u00ccy\u00e0mi \u00d2\u1e63\u00f2r\u00f2ng\u00e0 are the highest forms of female power and Divine \u00e0\u1e63\u1eb9. They are the owners of a potent energy that can only be compared to that of the Supreme God Ol\u00f3d\u00f9mar\u00e8-\u1eccl\u00f3\u00f2run and of Orisha \u00c8\u1e63\u00f9. No other Yor\u00f9b\u00e1 deity has more power over procreation than the Divinity Od\u00f9 and \u00ccy\u00e0mi [&hellip;]\" \/>\n<meta property=\"og:url\" content=\"https:\/\/ebookifa.com\/wp\/producto\/iyami-aje-our-mothers-owners-of-the-womb-of-the-world\/\" \/>\n<meta property=\"og:site_name\" content=\"E-book Ifa Store\" \/>\n<meta property=\"article:modified_time\" content=\"2024-05-03T20:46:39+00:00\" \/>\n<meta property=\"og:image\" content=\"https:\/\/ebookifa.com\/wp\/wp-content\/uploads\/2024\/05\/iYAMI.jpeg\" \/>\n\t<meta property=\"og:image:width\" content=\"1005\" \/>\n\t<meta property=\"og:image:height\" content=\"1360\" \/>\n\t<meta property=\"og:image:type\" content=\"image\/jpeg\" \/>\n<meta name=\"twitter:card\" content=\"summary_large_image\" \/>\n<meta name=\"twitter:label1\" content=\"Est. reading time\" \/>\n\t<meta name=\"twitter:data1\" content=\"3 minutes\" \/>\n<script type=\"application\/ld+json\" class=\"yoast-schema-graph\">{\"@context\":\"https:\\\/\\\/schema.org\",\"@graph\":[{\"@type\":\"WebPage\",\"@id\":\"https:\\\/\\\/ebookifa.com\\\/wp\\\/producto\\\/iyami-aje-our-mothers-owners-of-the-womb-of-the-world\\\/\",\"url\":\"https:\\\/\\\/ebookifa.com\\\/wp\\\/producto\\\/iyami-aje-our-mothers-owners-of-the-womb-of-the-world\\\/\",\"name\":\"\u00ccy\u00e0mi-\u00c0j\u00e9 Our Mothers: Owners of the Womb of the World - E-book Ifa Store\",\"isPartOf\":{\"@id\":\"https:\\\/\\\/ebookifa.com\\\/wp\\\/#website\"},\"primaryImageOfPage\":{\"@id\":\"https:\\\/\\\/ebookifa.com\\\/wp\\\/producto\\\/iyami-aje-our-mothers-owners-of-the-womb-of-the-world\\\/#primaryimage\"},\"image\":{\"@id\":\"https:\\\/\\\/ebookifa.com\\\/wp\\\/producto\\\/iyami-aje-our-mothers-owners-of-the-womb-of-the-world\\\/#primaryimage\"},\"thumbnailUrl\":\"https:\\\/\\\/ebookifa.com\\\/wp\\\/wp-content\\\/uploads\\\/2024\\\/05\\\/iYAMI.jpeg\",\"datePublished\":\"2024-05-03T20:44:59+00:00\",\"dateModified\":\"2024-05-03T20:46:39+00:00\",\"breadcrumb\":{\"@id\":\"https:\\\/\\\/ebookifa.com\\\/wp\\\/producto\\\/iyami-aje-our-mothers-owners-of-the-womb-of-the-world\\\/#breadcrumb\"},\"inLanguage\":\"en-US\",\"potentialAction\":[{\"@type\":\"ReadAction\",\"target\":[\"https:\\\/\\\/ebookifa.com\\\/wp\\\/producto\\\/iyami-aje-our-mothers-owners-of-the-womb-of-the-world\\\/\"]}]},{\"@type\":\"ImageObject\",\"inLanguage\":\"en-US\",\"@id\":\"https:\\\/\\\/ebookifa.com\\\/wp\\\/producto\\\/iyami-aje-our-mothers-owners-of-the-womb-of-the-world\\\/#primaryimage\",\"url\":\"https:\\\/\\\/ebookifa.com\\\/wp\\\/wp-content\\\/uploads\\\/2024\\\/05\\\/iYAMI.jpeg\",\"contentUrl\":\"https:\\\/\\\/ebookifa.com\\\/wp\\\/wp-content\\\/uploads\\\/2024\\\/05\\\/iYAMI.jpeg\",\"width\":1005,\"height\":1360},{\"@type\":\"BreadcrumbList\",\"@id\":\"https:\\\/\\\/ebookifa.com\\\/wp\\\/producto\\\/iyami-aje-our-mothers-owners-of-the-womb-of-the-world\\\/#breadcrumb\",\"itemListElement\":[{\"@type\":\"ListItem\",\"position\":1,\"name\":\"Portada\",\"item\":\"https:\\\/\\\/ebookifa.com\\\/wp\\\/\"},{\"@type\":\"ListItem\",\"position\":2,\"name\":\"Store\",\"item\":\"https:\\\/\\\/ebookifa.com\\\/wp\\\/tienda\\\/\"},{\"@type\":\"ListItem\",\"position\":3,\"name\":\"\u00ccy\u00e0mi-\u00c0j\u00e9 Our Mothers: Owners of the Womb of the World\"}]},{\"@type\":\"WebSite\",\"@id\":\"https:\\\/\\\/ebookifa.com\\\/wp\\\/#website\",\"url\":\"https:\\\/\\\/ebookifa.com\\\/wp\\\/\",\"name\":\"E-book Ifa Store\",\"description\":\"My WordPress Blog\",\"publisher\":{\"@id\":\"https:\\\/\\\/ebookifa.com\\\/wp\\\/#\\\/schema\\\/person\\\/f9caa434d3fd96bdb215d86e20928259\"},\"potentialAction\":[{\"@type\":\"SearchAction\",\"target\":{\"@type\":\"EntryPoint\",\"urlTemplate\":\"https:\\\/\\\/ebookifa.com\\\/wp\\\/?s={search_term_string}\"},\"query-input\":{\"@type\":\"PropertyValueSpecification\",\"valueRequired\":true,\"valueName\":\"search_term_string\"}}],\"inLanguage\":\"en-US\"},{\"@type\":[\"Person\",\"Organization\"],\"@id\":\"https:\\\/\\\/ebookifa.com\\\/wp\\\/#\\\/schema\\\/person\\\/f9caa434d3fd96bdb215d86e20928259\",\"name\":\"admin\",\"image\":{\"@type\":\"ImageObject\",\"inLanguage\":\"en-US\",\"@id\":\"https:\\\/\\\/ebookifa.com\\\/wp\\\/wp-content\\\/uploads\\\/2021\\\/04\\\/cropped-large-2.png\",\"url\":\"https:\\\/\\\/ebookifa.com\\\/wp\\\/wp-content\\\/uploads\\\/2021\\\/04\\\/cropped-large-2.png\",\"contentUrl\":\"https:\\\/\\\/ebookifa.com\\\/wp\\\/wp-content\\\/uploads\\\/2021\\\/04\\\/cropped-large-2.png\",\"width\":600,\"height\":391,\"caption\":\"admin\"},\"logo\":{\"@id\":\"https:\\\/\\\/ebookifa.com\\\/wp\\\/wp-content\\\/uploads\\\/2021\\\/04\\\/cropped-large-2.png\"},\"sameAs\":[\"https:\\\/\\\/ebookifa.com\\\/wp\"]}]}<\/script>\n<!-- \/ Yoast SEO plugin. -->","yoast_head_json":{"title":"\u00ccy\u00e0mi-\u00c0j\u00e9 Our Mothers: Owners of the Womb of the World - E-book Ifa Store","robots":{"index":"index","follow":"follow","max-snippet":"max-snippet:-1","max-image-preview":"max-image-preview:large","max-video-preview":"max-video-preview:-1"},"canonical":"https:\/\/ebookifa.com\/wp\/producto\/iyami-aje-our-mothers-owners-of-the-womb-of-the-world\/","og_locale":"en_US","og_type":"article","og_title":"\u00ccy\u00e0mi-\u00c0j\u00e9 Our Mothers: Owners of the Womb of the World - E-book Ifa Store","og_description":"The Divinity Od\u00f9 and \u00ccy\u00e0mi \u00d2\u1e63\u00f2r\u00f2ng\u00e0 are the highest forms of female power and Divine \u00e0\u1e63\u1eb9. They are the owners of a potent energy that can only be compared to that of the Supreme God Ol\u00f3d\u00f9mar\u00e8-\u1eccl\u00f3\u00f2run and of Orisha \u00c8\u1e63\u00f9. No other Yor\u00f9b\u00e1 deity has more power over procreation than the Divinity Od\u00f9 and \u00ccy\u00e0mi [&hellip;]","og_url":"https:\/\/ebookifa.com\/wp\/producto\/iyami-aje-our-mothers-owners-of-the-womb-of-the-world\/","og_site_name":"E-book Ifa Store","article_modified_time":"2024-05-03T20:46:39+00:00","og_image":[{"width":1005,"height":1360,"url":"https:\/\/ebookifa.com\/wp\/wp-content\/uploads\/2024\/05\/iYAMI.jpeg","type":"image\/jpeg"}],"twitter_card":"summary_large_image","twitter_misc":{"Est. reading time":"3 minutes"},"schema":{"@context":"https:\/\/schema.org","@graph":[{"@type":"WebPage","@id":"https:\/\/ebookifa.com\/wp\/producto\/iyami-aje-our-mothers-owners-of-the-womb-of-the-world\/","url":"https:\/\/ebookifa.com\/wp\/producto\/iyami-aje-our-mothers-owners-of-the-womb-of-the-world\/","name":"\u00ccy\u00e0mi-\u00c0j\u00e9 Our Mothers: Owners of the Womb of the World - E-book Ifa Store","isPartOf":{"@id":"https:\/\/ebookifa.com\/wp\/#website"},"primaryImageOfPage":{"@id":"https:\/\/ebookifa.com\/wp\/producto\/iyami-aje-our-mothers-owners-of-the-womb-of-the-world\/#primaryimage"},"image":{"@id":"https:\/\/ebookifa.com\/wp\/producto\/iyami-aje-our-mothers-owners-of-the-womb-of-the-world\/#primaryimage"},"thumbnailUrl":"https:\/\/ebookifa.com\/wp\/wp-content\/uploads\/2024\/05\/iYAMI.jpeg","datePublished":"2024-05-03T20:44:59+00:00","dateModified":"2024-05-03T20:46:39+00:00","breadcrumb":{"@id":"https:\/\/ebookifa.com\/wp\/producto\/iyami-aje-our-mothers-owners-of-the-womb-of-the-world\/#breadcrumb"},"inLanguage":"en-US","potentialAction":[{"@type":"ReadAction","target":["https:\/\/ebookifa.com\/wp\/producto\/iyami-aje-our-mothers-owners-of-the-womb-of-the-world\/"]}]},{"@type":"ImageObject","inLanguage":"en-US","@id":"https:\/\/ebookifa.com\/wp\/producto\/iyami-aje-our-mothers-owners-of-the-womb-of-the-world\/#primaryimage","url":"https:\/\/ebookifa.com\/wp\/wp-content\/uploads\/2024\/05\/iYAMI.jpeg","contentUrl":"https:\/\/ebookifa.com\/wp\/wp-content\/uploads\/2024\/05\/iYAMI.jpeg","width":1005,"height":1360},{"@type":"BreadcrumbList","@id":"https:\/\/ebookifa.com\/wp\/producto\/iyami-aje-our-mothers-owners-of-the-womb-of-the-world\/#breadcrumb","itemListElement":[{"@type":"ListItem","position":1,"name":"Portada","item":"https:\/\/ebookifa.com\/wp\/"},{"@type":"ListItem","position":2,"name":"Store","item":"https:\/\/ebookifa.com\/wp\/tienda\/"},{"@type":"ListItem","position":3,"name":"\u00ccy\u00e0mi-\u00c0j\u00e9 Our Mothers: Owners of the Womb of the World"}]},{"@type":"WebSite","@id":"https:\/\/ebookifa.com\/wp\/#website","url":"https:\/\/ebookifa.com\/wp\/","name":"E-book Ifa Store","description":"My WordPress Blog","publisher":{"@id":"https:\/\/ebookifa.com\/wp\/#\/schema\/person\/f9caa434d3fd96bdb215d86e20928259"},"potentialAction":[{"@type":"SearchAction","target":{"@type":"EntryPoint","urlTemplate":"https:\/\/ebookifa.com\/wp\/?s={search_term_string}"},"query-input":{"@type":"PropertyValueSpecification","valueRequired":true,"valueName":"search_term_string"}}],"inLanguage":"en-US"},{"@type":["Person","Organization"],"@id":"https:\/\/ebookifa.com\/wp\/#\/schema\/person\/f9caa434d3fd96bdb215d86e20928259","name":"admin","image":{"@type":"ImageObject","inLanguage":"en-US","@id":"https:\/\/ebookifa.com\/wp\/wp-content\/uploads\/2021\/04\/cropped-large-2.png","url":"https:\/\/ebookifa.com\/wp\/wp-content\/uploads\/2021\/04\/cropped-large-2.png","contentUrl":"https:\/\/ebookifa.com\/wp\/wp-content\/uploads\/2021\/04\/cropped-large-2.png","width":600,"height":391,"caption":"admin"},"logo":{"@id":"https:\/\/ebookifa.com\/wp\/wp-content\/uploads\/2021\/04\/cropped-large-2.png"},"sameAs":["https:\/\/ebookifa.com\/wp"]}]}},"_links":{"self":[{"href":"https:\/\/ebookifa.com\/wp\/wp-json\/wp\/v2\/product\/2255","targetHints":{"allow":["GET"]}}],"collection":[{"href":"https:\/\/ebookifa.com\/wp\/wp-json\/wp\/v2\/product"}],"about":[{"href":"https:\/\/ebookifa.com\/wp\/wp-json\/wp\/v2\/types\/product"}],"replies":[{"embeddable":true,"href":"https:\/\/ebookifa.com\/wp\/wp-json\/wp\/v2\/comments?post=2255"}],"wp:featuredmedia":[{"embeddable":true,"href":"https:\/\/ebookifa.com\/wp\/wp-json\/wp\/v2\/media\/2257"}],"wp:attachment":[{"href":"https:\/\/ebookifa.com\/wp\/wp-json\/wp\/v2\/media?parent=2255"}],"wp:term":[{"taxonomy":"product_brand","embeddable":true,"href":"https:\/\/ebookifa.com\/wp\/wp-json\/wp\/v2\/product_brand?post=2255"},{"taxonomy":"product_cat","embeddable":true,"href":"https:\/\/ebookifa.com\/wp\/wp-json\/wp\/v2\/product_cat?post=2255"},{"taxonomy":"product_tag","embeddable":true,"href":"https:\/\/ebookifa.com\/wp\/wp-json\/wp\/v2\/product_tag?post=2255"}],"curies":[{"name":"wp","href":"https:\/\/api.w.org\/{rel}","templated":true}]}}