{"id":2196,"date":"2024-02-27T16:25:50","date_gmt":"2024-02-27T16:25:50","guid":{"rendered":"https:\/\/ebookifa.com\/wp\/?post_type=product&#038;p=2196"},"modified":"2025-07-06T20:43:32","modified_gmt":"2025-07-06T20:43:32","slug":"el-libro-sagrado-de-ifa-adimula-la-sagrada-voz-de-dios-256-odu-de-ifa","status":"publish","type":"product","link":"https:\/\/ebookifa.com\/wp\/producto\/el-libro-sagrado-de-ifa-adimula-la-sagrada-voz-de-dios-256-odu-de-ifa\/","title":{"rendered":"El Libro Sagrado de Ifa Adimula la Sagrada Voz de Dios (256 Odu de Ifa)"},"content":{"rendered":"<p>Este libro est\u00e1 escrito para el beneficio del pueblo yoruba y de otras personas que aprecian la religi\u00f3n tradicional yoruba pero que no saben c\u00f3mo adquirir conocimientos relacionados con ella y con todas las religiones tradicionales africanas. Este libro sagrado es un indicador de los 256 Odus en el corpus literario de If\u00e1.<br \/>\nPor lo tanto, este libro est\u00e1 escrito para cerrar esa brecha. Estoy bastante seguro de que este libro ser\u00e1 de inmenso beneficio para quien lo lea, ya que este libro es una exposici\u00f3n de las religiones tradicionales africanas, particularmente la religi\u00f3n tradicional yoruba en la que If\u00e1 ocupa un lugar de honor. Este libro est\u00e1 recomendado a todos los amantes del conocimiento, la Religi\u00f3n Tradicional Yoruba y If\u00e1.<\/p>\n","protected":false},"excerpt":{"rendered":"<p>Este libro est\u00e1 escrito para el beneficio del pueblo yoruba y de otras personas que aprecian la religi\u00f3n tradicional yoruba pero que no saben c\u00f3mo adquirir conocimientos relacionados con ella y con todas las religiones tradicionales africanas. Este libro sagrado es un indicador de los 256 Odus en el corpus literario de If\u00e1. Por lo [&hellip;]<\/p>\n","protected":false},"featured_media":2012,"comment_status":"open","ping_status":"closed","template":"","meta":{"_eb_attr":"","site-sidebar-layout":"default","site-content-layout":"","ast-site-content-layout":"default","site-content-style":"default","site-sidebar-style":"default","ast-global-header-display":"","ast-banner-title-visibility":"","ast-main-header-display":"","ast-hfb-above-header-display":"","ast-hfb-below-header-display":"","ast-hfb-mobile-header-display":"","site-post-title":"","ast-breadcrumbs-content":"","ast-featured-img":"","footer-sml-layout":"","ast-disable-related-posts":"","theme-transparent-header-meta":"default","adv-header-id-meta":"","stick-header-meta":"","header-above-stick-meta":"","header-main-stick-meta":"","header-below-stick-meta":"","astra-migrate-meta-layouts":"set","ast-page-background-enabled":"default","ast-page-background-meta":{"desktop":{"background-color":"","background-image":"","background-repeat":"repeat","background-position":"center center","background-size":"auto","background-attachment":"scroll","background-type":"","background-media":"","overlay-type":"","overlay-color":"","overlay-opacity":"","overlay-gradient":""},"tablet":{"background-color":"","background-image":"","background-repeat":"repeat","background-position":"center center","background-size":"auto","background-attachment":"scroll","background-type":"","background-media":"","overlay-type":"","overlay-color":"","overlay-opacity":"","overlay-gradient":""},"mobile":{"background-color":"","background-image":"","background-repeat":"repeat","background-position":"center center","background-size":"auto","background-attachment":"scroll","background-type":"","background-media":"","overlay-type":"","overlay-color":"","overlay-opacity":"","overlay-gradient":""}},"ast-content-background-meta":{"desktop":{"background-color":"var(--ast-global-color-5)","background-image":"","background-repeat":"repeat","background-position":"center center","background-size":"auto","background-attachment":"scroll","background-type":"","background-media":"","overlay-type":"","overlay-color":"","overlay-opacity":"","overlay-gradient":""},"tablet":{"background-color":"var(--ast-global-color-5)","background-image":"","background-repeat":"repeat","background-position":"center center","background-size":"auto","background-attachment":"scroll","background-type":"","background-media":"","overlay-type":"","overlay-color":"","overlay-opacity":"","overlay-gradient":""},"mobile":{"background-color":"var(--ast-global-color-5)","background-image":"","background-repeat":"repeat","background-position":"center center","background-size":"auto","background-attachment":"scroll","background-type":"","background-media":"","overlay-type":"","overlay-color":"","overlay-opacity":"","overlay-gradient":""}}},"product_brand":[],"product_cat":[77],"product_tag":[],"class_list":{"0":"post-2196","1":"product","2":"type-product","3":"status-publish","4":"has-post-thumbnail","6":"product_cat-libros-en-espanol","7":"desktop-align-left","8":"tablet-align-left","9":"mobile-align-left","11":"first","12":"instock","13":"sale","14":"shipping-taxable","15":"purchasable","16":"product-type-simple"},"yoast_head":"<!-- This site is optimized with the Yoast SEO plugin v27.4 - https:\/\/yoast.com\/product\/yoast-seo-wordpress\/ -->\n<title>El Libro Sagrado de Ifa Adimula la Sagrada Voz de Dios (256 Odu de Ifa) - E-book Ifa Store<\/title>\n<meta name=\"description\" content=\"Contiene dos versos por cada odu la lecci\u00f3n aprendida y el mensaje para el cliente totalmente en espa\u00f1ol\" \/>\n<meta name=\"robots\" content=\"index, follow, max-snippet:-1, max-image-preview:large, max-video-preview:-1\" \/>\n<link rel=\"canonical\" href=\"https:\/\/ebookifa.com\/wp\/producto\/el-libro-sagrado-de-ifa-adimula-la-sagrada-voz-de-dios-256-odu-de-ifa\/\" \/>\n<meta property=\"og:locale\" content=\"en_US\" \/>\n<meta property=\"og:type\" content=\"article\" \/>\n<meta property=\"og:title\" content=\"El Libro Sagrado de Ifa Adimula la Sagrada Voz de Dios (256 Odu de Ifa) - E-book Ifa Store\" \/>\n<meta property=\"og:description\" content=\"Contiene dos versos por cada odu la lecci\u00f3n aprendida y el mensaje para el cliente totalmente en espa\u00f1ol\" \/>\n<meta property=\"og:url\" content=\"https:\/\/ebookifa.com\/wp\/producto\/el-libro-sagrado-de-ifa-adimula-la-sagrada-voz-de-dios-256-odu-de-ifa\/\" \/>\n<meta property=\"og:site_name\" content=\"E-book Ifa Store\" \/>\n<meta property=\"article:modified_time\" content=\"2025-07-06T20:43:32+00:00\" \/>\n<meta property=\"og:image\" content=\"https:\/\/ebookifa.com\/wp\/wp-content\/uploads\/2023\/10\/adimula.jpg\" \/>\n\t<meta property=\"og:image:width\" content=\"181\" \/>\n\t<meta property=\"og:image:height\" content=\"279\" \/>\n\t<meta property=\"og:image:type\" content=\"image\/jpeg\" \/>\n<meta name=\"twitter:card\" content=\"summary_large_image\" \/>\n<meta name=\"twitter:label1\" content=\"Est. reading time\" \/>\n\t<meta name=\"twitter:data1\" content=\"1 minute\" \/>\n<script type=\"application\/ld+json\" class=\"yoast-schema-graph\">{\"@context\":\"https:\\\/\\\/schema.org\",\"@graph\":[{\"@type\":\"WebPage\",\"@id\":\"https:\\\/\\\/ebookifa.com\\\/wp\\\/producto\\\/el-libro-sagrado-de-ifa-adimula-la-sagrada-voz-de-dios-256-odu-de-ifa\\\/\",\"url\":\"https:\\\/\\\/ebookifa.com\\\/wp\\\/producto\\\/el-libro-sagrado-de-ifa-adimula-la-sagrada-voz-de-dios-256-odu-de-ifa\\\/\",\"name\":\"El Libro Sagrado de Ifa Adimula la Sagrada Voz de Dios (256 Odu de Ifa) - E-book Ifa Store\",\"isPartOf\":{\"@id\":\"https:\\\/\\\/ebookifa.com\\\/wp\\\/#website\"},\"primaryImageOfPage\":{\"@id\":\"https:\\\/\\\/ebookifa.com\\\/wp\\\/producto\\\/el-libro-sagrado-de-ifa-adimula-la-sagrada-voz-de-dios-256-odu-de-ifa\\\/#primaryimage\"},\"image\":{\"@id\":\"https:\\\/\\\/ebookifa.com\\\/wp\\\/producto\\\/el-libro-sagrado-de-ifa-adimula-la-sagrada-voz-de-dios-256-odu-de-ifa\\\/#primaryimage\"},\"thumbnailUrl\":\"https:\\\/\\\/ebookifa.com\\\/wp\\\/wp-content\\\/uploads\\\/2023\\\/10\\\/adimula.jpg\",\"datePublished\":\"2024-02-27T16:25:50+00:00\",\"dateModified\":\"2025-07-06T20:43:32+00:00\",\"description\":\"Contiene dos versos por cada odu la lecci\u00f3n aprendida y el mensaje para el cliente totalmente en espa\u00f1ol\",\"breadcrumb\":{\"@id\":\"https:\\\/\\\/ebookifa.com\\\/wp\\\/producto\\\/el-libro-sagrado-de-ifa-adimula-la-sagrada-voz-de-dios-256-odu-de-ifa\\\/#breadcrumb\"},\"inLanguage\":\"en-US\",\"potentialAction\":[{\"@type\":\"ReadAction\",\"target\":[\"https:\\\/\\\/ebookifa.com\\\/wp\\\/producto\\\/el-libro-sagrado-de-ifa-adimula-la-sagrada-voz-de-dios-256-odu-de-ifa\\\/\"]}]},{\"@type\":\"ImageObject\",\"inLanguage\":\"en-US\",\"@id\":\"https:\\\/\\\/ebookifa.com\\\/wp\\\/producto\\\/el-libro-sagrado-de-ifa-adimula-la-sagrada-voz-de-dios-256-odu-de-ifa\\\/#primaryimage\",\"url\":\"https:\\\/\\\/ebookifa.com\\\/wp\\\/wp-content\\\/uploads\\\/2023\\\/10\\\/adimula.jpg\",\"contentUrl\":\"https:\\\/\\\/ebookifa.com\\\/wp\\\/wp-content\\\/uploads\\\/2023\\\/10\\\/adimula.jpg\",\"width\":181,\"height\":279},{\"@type\":\"BreadcrumbList\",\"@id\":\"https:\\\/\\\/ebookifa.com\\\/wp\\\/producto\\\/el-libro-sagrado-de-ifa-adimula-la-sagrada-voz-de-dios-256-odu-de-ifa\\\/#breadcrumb\",\"itemListElement\":[{\"@type\":\"ListItem\",\"position\":1,\"name\":\"Portada\",\"item\":\"https:\\\/\\\/ebookifa.com\\\/wp\\\/\"},{\"@type\":\"ListItem\",\"position\":2,\"name\":\"Store\",\"item\":\"https:\\\/\\\/ebookifa.com\\\/wp\\\/tienda\\\/\"},{\"@type\":\"ListItem\",\"position\":3,\"name\":\"El Libro Sagrado de Ifa Adimula la Sagrada Voz de Dios (256 Odu de Ifa)\"}]},{\"@type\":\"WebSite\",\"@id\":\"https:\\\/\\\/ebookifa.com\\\/wp\\\/#website\",\"url\":\"https:\\\/\\\/ebookifa.com\\\/wp\\\/\",\"name\":\"E-book Ifa Store\",\"description\":\"My WordPress Blog\",\"publisher\":{\"@id\":\"https:\\\/\\\/ebookifa.com\\\/wp\\\/#\\\/schema\\\/person\\\/f9caa434d3fd96bdb215d86e20928259\"},\"potentialAction\":[{\"@type\":\"SearchAction\",\"target\":{\"@type\":\"EntryPoint\",\"urlTemplate\":\"https:\\\/\\\/ebookifa.com\\\/wp\\\/?s={search_term_string}\"},\"query-input\":{\"@type\":\"PropertyValueSpecification\",\"valueRequired\":true,\"valueName\":\"search_term_string\"}}],\"inLanguage\":\"en-US\"},{\"@type\":[\"Person\",\"Organization\"],\"@id\":\"https:\\\/\\\/ebookifa.com\\\/wp\\\/#\\\/schema\\\/person\\\/f9caa434d3fd96bdb215d86e20928259\",\"name\":\"admin\",\"image\":{\"@type\":\"ImageObject\",\"inLanguage\":\"en-US\",\"@id\":\"https:\\\/\\\/ebookifa.com\\\/wp\\\/wp-content\\\/uploads\\\/2021\\\/04\\\/cropped-large-2.png\",\"url\":\"https:\\\/\\\/ebookifa.com\\\/wp\\\/wp-content\\\/uploads\\\/2021\\\/04\\\/cropped-large-2.png\",\"contentUrl\":\"https:\\\/\\\/ebookifa.com\\\/wp\\\/wp-content\\\/uploads\\\/2021\\\/04\\\/cropped-large-2.png\",\"width\":600,\"height\":391,\"caption\":\"admin\"},\"logo\":{\"@id\":\"https:\\\/\\\/ebookifa.com\\\/wp\\\/wp-content\\\/uploads\\\/2021\\\/04\\\/cropped-large-2.png\"},\"sameAs\":[\"https:\\\/\\\/ebookifa.com\\\/wp\"]}]}<\/script>\n<!-- \/ Yoast SEO plugin. -->","yoast_head_json":{"title":"El Libro Sagrado de Ifa Adimula la Sagrada Voz de Dios (256 Odu de Ifa) - E-book Ifa Store","description":"Contiene dos versos por cada odu la lecci\u00f3n aprendida y el mensaje para el cliente totalmente en espa\u00f1ol","robots":{"index":"index","follow":"follow","max-snippet":"max-snippet:-1","max-image-preview":"max-image-preview:large","max-video-preview":"max-video-preview:-1"},"canonical":"https:\/\/ebookifa.com\/wp\/producto\/el-libro-sagrado-de-ifa-adimula-la-sagrada-voz-de-dios-256-odu-de-ifa\/","og_locale":"en_US","og_type":"article","og_title":"El Libro Sagrado de Ifa Adimula la Sagrada Voz de Dios (256 Odu de Ifa) - E-book Ifa Store","og_description":"Contiene dos versos por cada odu la lecci\u00f3n aprendida y el mensaje para el cliente totalmente en espa\u00f1ol","og_url":"https:\/\/ebookifa.com\/wp\/producto\/el-libro-sagrado-de-ifa-adimula-la-sagrada-voz-de-dios-256-odu-de-ifa\/","og_site_name":"E-book Ifa Store","article_modified_time":"2025-07-06T20:43:32+00:00","og_image":[{"width":181,"height":279,"url":"https:\/\/ebookifa.com\/wp\/wp-content\/uploads\/2023\/10\/adimula.jpg","type":"image\/jpeg"}],"twitter_card":"summary_large_image","twitter_misc":{"Est. reading time":"1 minute"},"schema":{"@context":"https:\/\/schema.org","@graph":[{"@type":"WebPage","@id":"https:\/\/ebookifa.com\/wp\/producto\/el-libro-sagrado-de-ifa-adimula-la-sagrada-voz-de-dios-256-odu-de-ifa\/","url":"https:\/\/ebookifa.com\/wp\/producto\/el-libro-sagrado-de-ifa-adimula-la-sagrada-voz-de-dios-256-odu-de-ifa\/","name":"El Libro Sagrado de Ifa Adimula la Sagrada Voz de Dios (256 Odu de Ifa) - E-book Ifa Store","isPartOf":{"@id":"https:\/\/ebookifa.com\/wp\/#website"},"primaryImageOfPage":{"@id":"https:\/\/ebookifa.com\/wp\/producto\/el-libro-sagrado-de-ifa-adimula-la-sagrada-voz-de-dios-256-odu-de-ifa\/#primaryimage"},"image":{"@id":"https:\/\/ebookifa.com\/wp\/producto\/el-libro-sagrado-de-ifa-adimula-la-sagrada-voz-de-dios-256-odu-de-ifa\/#primaryimage"},"thumbnailUrl":"https:\/\/ebookifa.com\/wp\/wp-content\/uploads\/2023\/10\/adimula.jpg","datePublished":"2024-02-27T16:25:50+00:00","dateModified":"2025-07-06T20:43:32+00:00","description":"Contiene dos versos por cada odu la lecci\u00f3n aprendida y el mensaje para el cliente totalmente en espa\u00f1ol","breadcrumb":{"@id":"https:\/\/ebookifa.com\/wp\/producto\/el-libro-sagrado-de-ifa-adimula-la-sagrada-voz-de-dios-256-odu-de-ifa\/#breadcrumb"},"inLanguage":"en-US","potentialAction":[{"@type":"ReadAction","target":["https:\/\/ebookifa.com\/wp\/producto\/el-libro-sagrado-de-ifa-adimula-la-sagrada-voz-de-dios-256-odu-de-ifa\/"]}]},{"@type":"ImageObject","inLanguage":"en-US","@id":"https:\/\/ebookifa.com\/wp\/producto\/el-libro-sagrado-de-ifa-adimula-la-sagrada-voz-de-dios-256-odu-de-ifa\/#primaryimage","url":"https:\/\/ebookifa.com\/wp\/wp-content\/uploads\/2023\/10\/adimula.jpg","contentUrl":"https:\/\/ebookifa.com\/wp\/wp-content\/uploads\/2023\/10\/adimula.jpg","width":181,"height":279},{"@type":"BreadcrumbList","@id":"https:\/\/ebookifa.com\/wp\/producto\/el-libro-sagrado-de-ifa-adimula-la-sagrada-voz-de-dios-256-odu-de-ifa\/#breadcrumb","itemListElement":[{"@type":"ListItem","position":1,"name":"Portada","item":"https:\/\/ebookifa.com\/wp\/"},{"@type":"ListItem","position":2,"name":"Store","item":"https:\/\/ebookifa.com\/wp\/tienda\/"},{"@type":"ListItem","position":3,"name":"El Libro Sagrado de Ifa Adimula la Sagrada Voz de Dios (256 Odu de Ifa)"}]},{"@type":"WebSite","@id":"https:\/\/ebookifa.com\/wp\/#website","url":"https:\/\/ebookifa.com\/wp\/","name":"E-book Ifa Store","description":"My WordPress Blog","publisher":{"@id":"https:\/\/ebookifa.com\/wp\/#\/schema\/person\/f9caa434d3fd96bdb215d86e20928259"},"potentialAction":[{"@type":"SearchAction","target":{"@type":"EntryPoint","urlTemplate":"https:\/\/ebookifa.com\/wp\/?s={search_term_string}"},"query-input":{"@type":"PropertyValueSpecification","valueRequired":true,"valueName":"search_term_string"}}],"inLanguage":"en-US"},{"@type":["Person","Organization"],"@id":"https:\/\/ebookifa.com\/wp\/#\/schema\/person\/f9caa434d3fd96bdb215d86e20928259","name":"admin","image":{"@type":"ImageObject","inLanguage":"en-US","@id":"https:\/\/ebookifa.com\/wp\/wp-content\/uploads\/2021\/04\/cropped-large-2.png","url":"https:\/\/ebookifa.com\/wp\/wp-content\/uploads\/2021\/04\/cropped-large-2.png","contentUrl":"https:\/\/ebookifa.com\/wp\/wp-content\/uploads\/2021\/04\/cropped-large-2.png","width":600,"height":391,"caption":"admin"},"logo":{"@id":"https:\/\/ebookifa.com\/wp\/wp-content\/uploads\/2021\/04\/cropped-large-2.png"},"sameAs":["https:\/\/ebookifa.com\/wp"]}]}},"_links":{"self":[{"href":"https:\/\/ebookifa.com\/wp\/wp-json\/wp\/v2\/product\/2196","targetHints":{"allow":["GET"]}}],"collection":[{"href":"https:\/\/ebookifa.com\/wp\/wp-json\/wp\/v2\/product"}],"about":[{"href":"https:\/\/ebookifa.com\/wp\/wp-json\/wp\/v2\/types\/product"}],"replies":[{"embeddable":true,"href":"https:\/\/ebookifa.com\/wp\/wp-json\/wp\/v2\/comments?post=2196"}],"wp:featuredmedia":[{"embeddable":true,"href":"https:\/\/ebookifa.com\/wp\/wp-json\/wp\/v2\/media\/2012"}],"wp:attachment":[{"href":"https:\/\/ebookifa.com\/wp\/wp-json\/wp\/v2\/media?parent=2196"}],"wp:term":[{"taxonomy":"product_brand","embeddable":true,"href":"https:\/\/ebookifa.com\/wp\/wp-json\/wp\/v2\/product_brand?post=2196"},{"taxonomy":"product_cat","embeddable":true,"href":"https:\/\/ebookifa.com\/wp\/wp-json\/wp\/v2\/product_cat?post=2196"},{"taxonomy":"product_tag","embeddable":true,"href":"https:\/\/ebookifa.com\/wp\/wp-json\/wp\/v2\/product_tag?post=2196"}],"curies":[{"name":"wp","href":"https:\/\/api.w.org\/{rel}","templated":true}]}}