{"id":1927,"date":"2023-09-12T22:13:50","date_gmt":"2023-09-12T22:13:50","guid":{"rendered":"https:\/\/ebookifa.com\/wp\/?post_type=product&#038;p=1927"},"modified":"2024-02-11T00:11:41","modified_gmt":"2024-02-11T00:11:41","slug":"reciting-ifa-identity-difference-and-heterogeneity","status":"publish","type":"product","link":"https:\/\/ebookifa.com\/wp\/producto\/reciting-ifa-identity-difference-and-heterogeneity\/","title":{"rendered":"Reciting IFA: Identity, Difference and Heterogeneity"},"content":{"rendered":"<p><strong>TABLE OF CONTENTS\u00a0<\/strong><br \/>\nAcknowledgements<br \/>\n<strong>Chapter 1. <\/strong><\/p>\n<p>Introduction<\/p>\n<p><strong>Chapter .2 <\/strong><\/p>\n<p>If\u00e1 ni \u00d4d\u00e8 R\u00e9mo<br \/>\n\u00d4d\u00e8 R\u00e9mo and Its Babal\u00e1wo Organization<br \/>\nOd\u00f9 Seniority<br \/>\n<strong>Chapter 3. <\/strong><\/p>\n<p>Transcriptions and D\u00edd\u00e1f\u00e1<br \/>\nThe Relationship of Od\u00fb. It\u00e4n, and Ese Transcription<br \/>\nInterpellation, Consciousness, and Ir\u00fanmale<br \/>\nAnalysis ofInterpellation ni If\u00e1 d\u00edd\u00e1<\/p>\n<p>Refraction of Ideologies:Is\u00e8se Heterogeneity<br \/>\n<strong>Chapter 4.<\/strong><\/p>\n<p>Certainty, Matter, and Time Certainty<br \/>\nImplications on Matter<br \/>\nImplications on Time Chapter 5. Metonymy<br \/>\nInterlocution Aethel Situation<br \/>\nPredication<br \/>\nEllipses of Contexture Titles<br \/>\nGenre<br \/>\nAesthetics<\/p>\n<p>Responsive Hearers andRelevance<\/p>\n<p><strong>Chapter 6. <\/strong><\/p>\n<p>Voices in the Text Discourses<br \/>\nDirect, Indirect, and Quasi-Direct Discourse<br \/>\nIteration and Presence<\/p>\n<p><strong> Chapter .7 <\/strong><\/p>\n<p>Reiterating the Past<br \/>\nIf\u00e1 Temporality Re-marking Experience<br \/>\nIp\u00e9ru R\u00e9mo: Origin and idi M\u00e9jl<br \/>\n\u00d4de R\u00e9mo: Origin and \u00d6k\u00e2nr\u00e2nsode<br \/>\nExperience as Reiteration: Origin&#8217;s Effacement and Anamnesis If&#8217;s Own Origin<br \/>\n<strong>Chapter 8. <\/strong><\/p>\n<p>Conclusion<\/p>\n<p>Bibliograp<\/p>\n","protected":false},"excerpt":{"rendered":"<p>TABLE OF CONTENTS\u00a0 Acknowledgements Chapter 1. Introduction Chapter .2 If\u00e1 ni \u00d4d\u00e8 R\u00e9mo \u00d4d\u00e8 R\u00e9mo and Its Babal\u00e1wo Organization Od\u00f9 Seniority Chapter 3. Transcriptions and D\u00edd\u00e1f\u00e1 The Relationship of Od\u00fb. It\u00e4n, and Ese Transcription Interpellation, Consciousness, and Ir\u00fanmale Analysis ofInterpellation ni If\u00e1 d\u00edd\u00e1 Refraction of Ideologies:Is\u00e8se Heterogeneity Chapter 4. Certainty, Matter, and Time Certainty Implications [&hellip;]<\/p>\n","protected":false},"featured_media":1928,"comment_status":"open","ping_status":"closed","template":"","meta":{"_eb_attr":"","site-sidebar-layout":"default","site-content-layout":"","ast-site-content-layout":"default","site-content-style":"default","site-sidebar-style":"default","ast-global-header-display":"","ast-banner-title-visibility":"","ast-main-header-display":"","ast-hfb-above-header-display":"","ast-hfb-below-header-display":"","ast-hfb-mobile-header-display":"","site-post-title":"","ast-breadcrumbs-content":"","ast-featured-img":"","footer-sml-layout":"","ast-disable-related-posts":"","theme-transparent-header-meta":"default","adv-header-id-meta":"","stick-header-meta":"","header-above-stick-meta":"","header-main-stick-meta":"","header-below-stick-meta":"","astra-migrate-meta-layouts":"set","ast-page-background-enabled":"default","ast-page-background-meta":{"desktop":{"background-color":"","background-image":"","background-repeat":"repeat","background-position":"center center","background-size":"auto","background-attachment":"scroll","background-type":"","background-media":"","overlay-type":"","overlay-color":"","overlay-opacity":"","overlay-gradient":""},"tablet":{"background-color":"","background-image":"","background-repeat":"repeat","background-position":"center center","background-size":"auto","background-attachment":"scroll","background-type":"","background-media":"","overlay-type":"","overlay-color":"","overlay-opacity":"","overlay-gradient":""},"mobile":{"background-color":"","background-image":"","background-repeat":"repeat","background-position":"center center","background-size":"auto","background-attachment":"scroll","background-type":"","background-media":"","overlay-type":"","overlay-color":"","overlay-opacity":"","overlay-gradient":""}},"ast-content-background-meta":{"desktop":{"background-color":"var(--ast-global-color-5)","background-image":"","background-repeat":"repeat","background-position":"center center","background-size":"auto","background-attachment":"scroll","background-type":"","background-media":"","overlay-type":"","overlay-color":"","overlay-opacity":"","overlay-gradient":""},"tablet":{"background-color":"var(--ast-global-color-5)","background-image":"","background-repeat":"repeat","background-position":"center center","background-size":"auto","background-attachment":"scroll","background-type":"","background-media":"","overlay-type":"","overlay-color":"","overlay-opacity":"","overlay-gradient":""},"mobile":{"background-color":"var(--ast-global-color-5)","background-image":"","background-repeat":"repeat","background-position":"center center","background-size":"auto","background-attachment":"scroll","background-type":"","background-media":"","overlay-type":"","overlay-color":"","overlay-opacity":"","overlay-gradient":""}}},"product_brand":[],"product_cat":[82],"product_tag":[],"class_list":{"0":"post-1927","1":"product","2":"type-product","3":"status-publish","4":"has-post-thumbnail","6":"product_cat-e-books-in-english","7":"desktop-align-left","8":"tablet-align-left","9":"mobile-align-left","11":"first","12":"instock","13":"sale","14":"shipping-taxable","15":"purchasable","16":"product-type-simple"},"yoast_head":"<!-- This site is optimized with the Yoast SEO plugin v27.4 - https:\/\/yoast.com\/product\/yoast-seo-wordpress\/ -->\n<title>Reciting IFA: Identity, Difference and Heterogeneity - E-book Ifa Store<\/title>\n<meta name=\"description\" content=\"This book generates a critical Ifa poetics and analysis that emphasizes Ifa as a philosophical heritage that privileges heterogeneity of discourses, texts, and worlds. The book foregrounds and elucidates the practices and explications of Ifa thinkers (individual babalawo and their personal elaborations and explanations) and achieves this by its detailed transcription, translation, and analysis of an actual divination that took place in Ijebu Remo, Nigeria\" \/>\n<meta name=\"robots\" content=\"index, follow, max-snippet:-1, max-image-preview:large, max-video-preview:-1\" \/>\n<link rel=\"canonical\" href=\"https:\/\/ebookifa.com\/wp\/producto\/reciting-ifa-identity-difference-and-heterogeneity\/\" \/>\n<meta property=\"og:locale\" content=\"en_US\" \/>\n<meta property=\"og:type\" content=\"article\" \/>\n<meta property=\"og:title\" content=\"Reciting IFA: Identity, Difference and Heterogeneity - E-book Ifa Store\" \/>\n<meta property=\"og:description\" content=\"This book generates a critical Ifa poetics and analysis that emphasizes Ifa as a philosophical heritage that privileges heterogeneity of discourses, texts, and worlds. The book foregrounds and elucidates the practices and explications of Ifa thinkers (individual babalawo and their personal elaborations and explanations) and achieves this by its detailed transcription, translation, and analysis of an actual divination that took place in Ijebu Remo, Nigeria\" \/>\n<meta property=\"og:url\" content=\"https:\/\/ebookifa.com\/wp\/producto\/reciting-ifa-identity-difference-and-heterogeneity\/\" \/>\n<meta property=\"og:site_name\" content=\"E-book Ifa Store\" \/>\n<meta property=\"article:modified_time\" content=\"2024-02-11T00:11:41+00:00\" \/>\n<meta property=\"og:image\" content=\"https:\/\/ebookifa.com\/wp\/wp-content\/uploads\/2023\/09\/reciting.jpeg\" \/>\n\t<meta property=\"og:image:width\" content=\"258\" \/>\n\t<meta property=\"og:image:height\" content=\"436\" \/>\n\t<meta property=\"og:image:type\" content=\"image\/jpeg\" \/>\n<meta name=\"twitter:card\" content=\"summary_large_image\" \/>\n<meta name=\"twitter:label1\" content=\"Est. reading time\" \/>\n\t<meta name=\"twitter:data1\" content=\"1 minute\" \/>\n<script type=\"application\/ld+json\" class=\"yoast-schema-graph\">{\"@context\":\"https:\\\/\\\/schema.org\",\"@graph\":[{\"@type\":\"WebPage\",\"@id\":\"https:\\\/\\\/ebookifa.com\\\/wp\\\/producto\\\/reciting-ifa-identity-difference-and-heterogeneity\\\/\",\"url\":\"https:\\\/\\\/ebookifa.com\\\/wp\\\/producto\\\/reciting-ifa-identity-difference-and-heterogeneity\\\/\",\"name\":\"Reciting IFA: Identity, Difference and Heterogeneity - E-book Ifa Store\",\"isPartOf\":{\"@id\":\"https:\\\/\\\/ebookifa.com\\\/wp\\\/#website\"},\"primaryImageOfPage\":{\"@id\":\"https:\\\/\\\/ebookifa.com\\\/wp\\\/producto\\\/reciting-ifa-identity-difference-and-heterogeneity\\\/#primaryimage\"},\"image\":{\"@id\":\"https:\\\/\\\/ebookifa.com\\\/wp\\\/producto\\\/reciting-ifa-identity-difference-and-heterogeneity\\\/#primaryimage\"},\"thumbnailUrl\":\"https:\\\/\\\/ebookifa.com\\\/wp\\\/wp-content\\\/uploads\\\/2023\\\/09\\\/reciting.jpeg\",\"datePublished\":\"2023-09-12T22:13:50+00:00\",\"dateModified\":\"2024-02-11T00:11:41+00:00\",\"description\":\"This book generates a critical Ifa poetics and analysis that emphasizes Ifa as a philosophical heritage that privileges heterogeneity of discourses, texts, and worlds. The book foregrounds and elucidates the practices and explications of Ifa thinkers (individual babalawo and their personal elaborations and explanations) and achieves this by its detailed transcription, translation, and analysis of an actual divination that took place in Ijebu Remo, Nigeria\",\"breadcrumb\":{\"@id\":\"https:\\\/\\\/ebookifa.com\\\/wp\\\/producto\\\/reciting-ifa-identity-difference-and-heterogeneity\\\/#breadcrumb\"},\"inLanguage\":\"en-US\",\"potentialAction\":[{\"@type\":\"ReadAction\",\"target\":[\"https:\\\/\\\/ebookifa.com\\\/wp\\\/producto\\\/reciting-ifa-identity-difference-and-heterogeneity\\\/\"]}]},{\"@type\":\"ImageObject\",\"inLanguage\":\"en-US\",\"@id\":\"https:\\\/\\\/ebookifa.com\\\/wp\\\/producto\\\/reciting-ifa-identity-difference-and-heterogeneity\\\/#primaryimage\",\"url\":\"https:\\\/\\\/ebookifa.com\\\/wp\\\/wp-content\\\/uploads\\\/2023\\\/09\\\/reciting.jpeg\",\"contentUrl\":\"https:\\\/\\\/ebookifa.com\\\/wp\\\/wp-content\\\/uploads\\\/2023\\\/09\\\/reciting.jpeg\",\"width\":258,\"height\":436},{\"@type\":\"BreadcrumbList\",\"@id\":\"https:\\\/\\\/ebookifa.com\\\/wp\\\/producto\\\/reciting-ifa-identity-difference-and-heterogeneity\\\/#breadcrumb\",\"itemListElement\":[{\"@type\":\"ListItem\",\"position\":1,\"name\":\"Portada\",\"item\":\"https:\\\/\\\/ebookifa.com\\\/wp\\\/\"},{\"@type\":\"ListItem\",\"position\":2,\"name\":\"Store\",\"item\":\"https:\\\/\\\/ebookifa.com\\\/wp\\\/tienda\\\/\"},{\"@type\":\"ListItem\",\"position\":3,\"name\":\"Reciting IFA: Identity, Difference and Heterogeneity\"}]},{\"@type\":\"WebSite\",\"@id\":\"https:\\\/\\\/ebookifa.com\\\/wp\\\/#website\",\"url\":\"https:\\\/\\\/ebookifa.com\\\/wp\\\/\",\"name\":\"E-book Ifa Store\",\"description\":\"My WordPress Blog\",\"publisher\":{\"@id\":\"https:\\\/\\\/ebookifa.com\\\/wp\\\/#\\\/schema\\\/person\\\/f9caa434d3fd96bdb215d86e20928259\"},\"potentialAction\":[{\"@type\":\"SearchAction\",\"target\":{\"@type\":\"EntryPoint\",\"urlTemplate\":\"https:\\\/\\\/ebookifa.com\\\/wp\\\/?s={search_term_string}\"},\"query-input\":{\"@type\":\"PropertyValueSpecification\",\"valueRequired\":true,\"valueName\":\"search_term_string\"}}],\"inLanguage\":\"en-US\"},{\"@type\":[\"Person\",\"Organization\"],\"@id\":\"https:\\\/\\\/ebookifa.com\\\/wp\\\/#\\\/schema\\\/person\\\/f9caa434d3fd96bdb215d86e20928259\",\"name\":\"admin\",\"image\":{\"@type\":\"ImageObject\",\"inLanguage\":\"en-US\",\"@id\":\"https:\\\/\\\/ebookifa.com\\\/wp\\\/wp-content\\\/uploads\\\/2021\\\/04\\\/cropped-large-2.png\",\"url\":\"https:\\\/\\\/ebookifa.com\\\/wp\\\/wp-content\\\/uploads\\\/2021\\\/04\\\/cropped-large-2.png\",\"contentUrl\":\"https:\\\/\\\/ebookifa.com\\\/wp\\\/wp-content\\\/uploads\\\/2021\\\/04\\\/cropped-large-2.png\",\"width\":600,\"height\":391,\"caption\":\"admin\"},\"logo\":{\"@id\":\"https:\\\/\\\/ebookifa.com\\\/wp\\\/wp-content\\\/uploads\\\/2021\\\/04\\\/cropped-large-2.png\"},\"sameAs\":[\"https:\\\/\\\/ebookifa.com\\\/wp\"]}]}<\/script>\n<!-- \/ Yoast SEO plugin. -->","yoast_head_json":{"title":"Reciting IFA: Identity, Difference and Heterogeneity - E-book Ifa Store","description":"This book generates a critical Ifa poetics and analysis that emphasizes Ifa as a philosophical heritage that privileges heterogeneity of discourses, texts, and worlds. The book foregrounds and elucidates the practices and explications of Ifa thinkers (individual babalawo and their personal elaborations and explanations) and achieves this by its detailed transcription, translation, and analysis of an actual divination that took place in Ijebu Remo, Nigeria","robots":{"index":"index","follow":"follow","max-snippet":"max-snippet:-1","max-image-preview":"max-image-preview:large","max-video-preview":"max-video-preview:-1"},"canonical":"https:\/\/ebookifa.com\/wp\/producto\/reciting-ifa-identity-difference-and-heterogeneity\/","og_locale":"en_US","og_type":"article","og_title":"Reciting IFA: Identity, Difference and Heterogeneity - E-book Ifa Store","og_description":"This book generates a critical Ifa poetics and analysis that emphasizes Ifa as a philosophical heritage that privileges heterogeneity of discourses, texts, and worlds. The book foregrounds and elucidates the practices and explications of Ifa thinkers (individual babalawo and their personal elaborations and explanations) and achieves this by its detailed transcription, translation, and analysis of an actual divination that took place in Ijebu Remo, Nigeria","og_url":"https:\/\/ebookifa.com\/wp\/producto\/reciting-ifa-identity-difference-and-heterogeneity\/","og_site_name":"E-book Ifa Store","article_modified_time":"2024-02-11T00:11:41+00:00","og_image":[{"width":258,"height":436,"url":"https:\/\/ebookifa.com\/wp\/wp-content\/uploads\/2023\/09\/reciting.jpeg","type":"image\/jpeg"}],"twitter_card":"summary_large_image","twitter_misc":{"Est. reading time":"1 minute"},"schema":{"@context":"https:\/\/schema.org","@graph":[{"@type":"WebPage","@id":"https:\/\/ebookifa.com\/wp\/producto\/reciting-ifa-identity-difference-and-heterogeneity\/","url":"https:\/\/ebookifa.com\/wp\/producto\/reciting-ifa-identity-difference-and-heterogeneity\/","name":"Reciting IFA: Identity, Difference and Heterogeneity - E-book Ifa Store","isPartOf":{"@id":"https:\/\/ebookifa.com\/wp\/#website"},"primaryImageOfPage":{"@id":"https:\/\/ebookifa.com\/wp\/producto\/reciting-ifa-identity-difference-and-heterogeneity\/#primaryimage"},"image":{"@id":"https:\/\/ebookifa.com\/wp\/producto\/reciting-ifa-identity-difference-and-heterogeneity\/#primaryimage"},"thumbnailUrl":"https:\/\/ebookifa.com\/wp\/wp-content\/uploads\/2023\/09\/reciting.jpeg","datePublished":"2023-09-12T22:13:50+00:00","dateModified":"2024-02-11T00:11:41+00:00","description":"This book generates a critical Ifa poetics and analysis that emphasizes Ifa as a philosophical heritage that privileges heterogeneity of discourses, texts, and worlds. The book foregrounds and elucidates the practices and explications of Ifa thinkers (individual babalawo and their personal elaborations and explanations) and achieves this by its detailed transcription, translation, and analysis of an actual divination that took place in Ijebu Remo, Nigeria","breadcrumb":{"@id":"https:\/\/ebookifa.com\/wp\/producto\/reciting-ifa-identity-difference-and-heterogeneity\/#breadcrumb"},"inLanguage":"en-US","potentialAction":[{"@type":"ReadAction","target":["https:\/\/ebookifa.com\/wp\/producto\/reciting-ifa-identity-difference-and-heterogeneity\/"]}]},{"@type":"ImageObject","inLanguage":"en-US","@id":"https:\/\/ebookifa.com\/wp\/producto\/reciting-ifa-identity-difference-and-heterogeneity\/#primaryimage","url":"https:\/\/ebookifa.com\/wp\/wp-content\/uploads\/2023\/09\/reciting.jpeg","contentUrl":"https:\/\/ebookifa.com\/wp\/wp-content\/uploads\/2023\/09\/reciting.jpeg","width":258,"height":436},{"@type":"BreadcrumbList","@id":"https:\/\/ebookifa.com\/wp\/producto\/reciting-ifa-identity-difference-and-heterogeneity\/#breadcrumb","itemListElement":[{"@type":"ListItem","position":1,"name":"Portada","item":"https:\/\/ebookifa.com\/wp\/"},{"@type":"ListItem","position":2,"name":"Store","item":"https:\/\/ebookifa.com\/wp\/tienda\/"},{"@type":"ListItem","position":3,"name":"Reciting IFA: Identity, Difference and Heterogeneity"}]},{"@type":"WebSite","@id":"https:\/\/ebookifa.com\/wp\/#website","url":"https:\/\/ebookifa.com\/wp\/","name":"E-book Ifa Store","description":"My WordPress Blog","publisher":{"@id":"https:\/\/ebookifa.com\/wp\/#\/schema\/person\/f9caa434d3fd96bdb215d86e20928259"},"potentialAction":[{"@type":"SearchAction","target":{"@type":"EntryPoint","urlTemplate":"https:\/\/ebookifa.com\/wp\/?s={search_term_string}"},"query-input":{"@type":"PropertyValueSpecification","valueRequired":true,"valueName":"search_term_string"}}],"inLanguage":"en-US"},{"@type":["Person","Organization"],"@id":"https:\/\/ebookifa.com\/wp\/#\/schema\/person\/f9caa434d3fd96bdb215d86e20928259","name":"admin","image":{"@type":"ImageObject","inLanguage":"en-US","@id":"https:\/\/ebookifa.com\/wp\/wp-content\/uploads\/2021\/04\/cropped-large-2.png","url":"https:\/\/ebookifa.com\/wp\/wp-content\/uploads\/2021\/04\/cropped-large-2.png","contentUrl":"https:\/\/ebookifa.com\/wp\/wp-content\/uploads\/2021\/04\/cropped-large-2.png","width":600,"height":391,"caption":"admin"},"logo":{"@id":"https:\/\/ebookifa.com\/wp\/wp-content\/uploads\/2021\/04\/cropped-large-2.png"},"sameAs":["https:\/\/ebookifa.com\/wp"]}]}},"_links":{"self":[{"href":"https:\/\/ebookifa.com\/wp\/wp-json\/wp\/v2\/product\/1927","targetHints":{"allow":["GET"]}}],"collection":[{"href":"https:\/\/ebookifa.com\/wp\/wp-json\/wp\/v2\/product"}],"about":[{"href":"https:\/\/ebookifa.com\/wp\/wp-json\/wp\/v2\/types\/product"}],"replies":[{"embeddable":true,"href":"https:\/\/ebookifa.com\/wp\/wp-json\/wp\/v2\/comments?post=1927"}],"wp:featuredmedia":[{"embeddable":true,"href":"https:\/\/ebookifa.com\/wp\/wp-json\/wp\/v2\/media\/1928"}],"wp:attachment":[{"href":"https:\/\/ebookifa.com\/wp\/wp-json\/wp\/v2\/media?parent=1927"}],"wp:term":[{"taxonomy":"product_brand","embeddable":true,"href":"https:\/\/ebookifa.com\/wp\/wp-json\/wp\/v2\/product_brand?post=1927"},{"taxonomy":"product_cat","embeddable":true,"href":"https:\/\/ebookifa.com\/wp\/wp-json\/wp\/v2\/product_cat?post=1927"},{"taxonomy":"product_tag","embeddable":true,"href":"https:\/\/ebookifa.com\/wp\/wp-json\/wp\/v2\/product_tag?post=1927"}],"curies":[{"name":"wp","href":"https:\/\/api.w.org\/{rel}","templated":true}]}}