{"id":1788,"date":"2023-06-04T21:55:52","date_gmt":"2023-06-04T21:55:52","guid":{"rendered":"https:\/\/ebookifa.com\/wp\/?post_type=product&#038;p=1788"},"modified":"2023-06-04T22:02:17","modified_gmt":"2023-06-04T22:02:17","slug":"guia-practica-de-ifa-lineamientos-de-ifa-sobre-como-manifestar-lo-que-quieres","status":"publish","type":"product","link":"https:\/\/ebookifa.com\/wp\/producto\/guia-practica-de-ifa-lineamientos-de-ifa-sobre-como-manifestar-lo-que-quieres\/","title":{"rendered":"GU\u00cdA PR\u00c1CTICA DE IFA: LINEAMIENTOS DE IF\u00c1 SOBRE C\u00d3MO MANIFESTAR LO QUE QUIERES"},"content":{"rendered":"<div class=\"page\" title=\"Page 1\">\n<div class=\"layoutArea\">\n<div class=\"column\">\n<p>GUI\u0301A PRA\u0301CTICA DE IFA:<\/p>\n<p>LINEAMIENTOS DE IFA\u0301 SOBRE CO\u0301MO MANIFESTAR LO QUE QUIERES<\/p>\n<p>Informacio\u0301n sobre co\u0301mo nutrir el deseo aute\u0301ntico hasta que se manifieste.<\/p>\n<p>DESEOS MATERIALES MADUREZ ESPIRITUAL<\/p>\n<div class=\"page\" title=\"Page 1\">\n<div class=\"layoutArea\">\n<div class=\"column\">\n<p>Libro adicional en el interior: El consejo de IFA volumen 1<\/p>\n<div class=\"page\" title=\"Page 3\">\n<div class=\"layoutArea\">\n<div class=\"column\">\n<p><strong>Tabla de contenido:<\/strong><\/p>\n<p>AGRADECIMIENTO<\/p>\n<p>\u2022INTRODUCCIO\u0301N<br \/>\n<strong>&#8220;CAPI\u0301TULO UNO<\/strong><br \/>\nI \u00bfSignificado de DESEO segu\u0301n IFA?<\/p>\n<p>II \u00bfPor que\u0301 DESEAMOS<\/p>\n<p>III \u00bfQue\u0301 desencadena los DESEOS segu\u0301n IFA\u0301?<br \/>\nIV Clases de DESEOS<br \/>\nV \u00bfQue\u0301 se necesita para manifestar DESEOS segu\u0301n IFA\u0301?<\/p>\n<p><strong>\u2022CAPITULO DOS<\/strong><\/p>\n<p>RECONOCER &#8216;LAS SEIS VERDADES DIVINAS<\/p>\n<p><strong>\u2022CAPI\u0301TULO TRES<\/strong><\/p>\n<p>\u00a1 Directrices de IFA\u0301 sobre co\u0301mo manifestar DESEOS MATERIALES<\/p>\n<p>II Ejercicios transformacionales diarios<\/p>\n<p><strong>&#8220;CAPI\u0301TULO CUATRO<\/strong><\/p>\n<p>Directrices de IFA\u0301 sobre co\u0301mo manifestar la MADUREZ ESPIRITUAL<\/p>\n<p>Oraciones diarias de transformacio\u0301n<\/p>\n<p><strong>\u2022CAPI\u0301TULO CINCO<\/strong><\/p>\n<p>&#8216;EL CONSEJO DE IFA\u0301 Volumen 1<\/p>\n<p><strong>&#8220;CAPI\u0301TULO SEIS&#8221;<\/strong><\/p>\n<p>MA\u0301S CONSEJOS SOBRE LA ADIVINACIO\u0301N DE IFA\u0301<\/p>\n<\/div>\n<\/div>\n<\/div>\n<\/div>\n<\/div>\n<\/div>\n<\/div>\n<\/div>\n<\/div>\n","protected":false},"excerpt":{"rendered":"<p>GUI\u0301A PRA\u0301CTICA DE IFA: LINEAMIENTOS DE IFA\u0301 SOBRE CO\u0301MO MANIFESTAR LO QUE QUIERES Informacio\u0301n sobre co\u0301mo nutrir el deseo aute\u0301ntico hasta que se manifieste. DESEOS MATERIALES MADUREZ ESPIRITUAL Libro adicional en el interior: El consejo de IFA volumen 1 Tabla de contenido: AGRADECIMIENTO \u2022INTRODUCCIO\u0301N &#8220;CAPI\u0301TULO UNO I \u00bfSignificado de DESEO segu\u0301n IFA? II \u00bfPor que\u0301 [&hellip;]<\/p>\n","protected":false},"featured_media":1752,"comment_status":"open","ping_status":"closed","template":"","meta":{"_eb_attr":"","site-sidebar-layout":"default","site-content-layout":"default","ast-site-content-layout":"default","site-content-style":"default","site-sidebar-style":"default","ast-global-header-display":"","ast-banner-title-visibility":"","ast-main-header-display":"","ast-hfb-above-header-display":"","ast-hfb-below-header-display":"","ast-hfb-mobile-header-display":"","site-post-title":"","ast-breadcrumbs-content":"","ast-featured-img":"","footer-sml-layout":"","ast-disable-related-posts":"","theme-transparent-header-meta":"default","adv-header-id-meta":"","stick-header-meta":"","header-above-stick-meta":"","header-main-stick-meta":"","header-below-stick-meta":"","astra-migrate-meta-layouts":"default","ast-page-background-enabled":"default","ast-page-background-meta":{"desktop":{"background-color":"","background-image":"","background-repeat":"repeat","background-position":"center center","background-size":"auto","background-attachment":"scroll","background-type":"","background-media":"","overlay-type":"","overlay-color":"","overlay-opacity":"","overlay-gradient":""},"tablet":{"background-color":"","background-image":"","background-repeat":"repeat","background-position":"center center","background-size":"auto","background-attachment":"scroll","background-type":"","background-media":"","overlay-type":"","overlay-color":"","overlay-opacity":"","overlay-gradient":""},"mobile":{"background-color":"","background-image":"","background-repeat":"repeat","background-position":"center center","background-size":"auto","background-attachment":"scroll","background-type":"","background-media":"","overlay-type":"","overlay-color":"","overlay-opacity":"","overlay-gradient":""}},"ast-content-background-meta":{"desktop":{"background-color":"var(--ast-global-color-5)","background-image":"","background-repeat":"repeat","background-position":"center center","background-size":"auto","background-attachment":"scroll","background-type":"","background-media":"","overlay-type":"","overlay-color":"","overlay-opacity":"","overlay-gradient":""},"tablet":{"background-color":"var(--ast-global-color-5)","background-image":"","background-repeat":"repeat","background-position":"center center","background-size":"auto","background-attachment":"scroll","background-type":"","background-media":"","overlay-type":"","overlay-color":"","overlay-opacity":"","overlay-gradient":""},"mobile":{"background-color":"var(--ast-global-color-5)","background-image":"","background-repeat":"repeat","background-position":"center center","background-size":"auto","background-attachment":"scroll","background-type":"","background-media":"","overlay-type":"","overlay-color":"","overlay-opacity":"","overlay-gradient":""}}},"product_brand":[],"product_cat":[77],"product_tag":[],"class_list":{"0":"post-1788","1":"product","2":"type-product","3":"status-publish","4":"has-post-thumbnail","6":"product_cat-libros-en-espanol","7":"desktop-align-left","8":"tablet-align-left","9":"mobile-align-left","11":"first","12":"instock","13":"sale","14":"shipping-taxable","15":"purchasable","16":"product-type-simple"},"yoast_head":"<!-- This site is optimized with the Yoast SEO plugin v27.4 - https:\/\/yoast.com\/product\/yoast-seo-wordpress\/ -->\n<title>GU\u00cdA PR\u00c1CTICA DE IFA: LINEAMIENTOS DE IF\u00c1 SOBRE C\u00d3MO MANIFESTAR LO QUE QUIERES - E-book Ifa Store<\/title>\n<meta name=\"robots\" content=\"index, follow, max-snippet:-1, max-image-preview:large, max-video-preview:-1\" \/>\n<link rel=\"canonical\" href=\"https:\/\/ebookifa.com\/wp\/producto\/guia-practica-de-ifa-lineamientos-de-ifa-sobre-como-manifestar-lo-que-quieres\/\" \/>\n<meta property=\"og:locale\" content=\"en_US\" \/>\n<meta property=\"og:type\" content=\"article\" \/>\n<meta property=\"og:title\" content=\"GU\u00cdA PR\u00c1CTICA DE IFA: LINEAMIENTOS DE IF\u00c1 SOBRE C\u00d3MO MANIFESTAR LO QUE QUIERES - E-book Ifa Store\" \/>\n<meta property=\"og:description\" content=\"GUI\u0301A PRA\u0301CTICA DE IFA: LINEAMIENTOS DE IFA\u0301 SOBRE CO\u0301MO MANIFESTAR LO QUE QUIERES Informacio\u0301n sobre co\u0301mo nutrir el deseo aute\u0301ntico hasta que se manifieste. DESEOS MATERIALES MADUREZ ESPIRITUAL Libro adicional en el interior: El consejo de IFA volumen 1 Tabla de contenido: AGRADECIMIENTO \u2022INTRODUCCIO\u0301N &#8220;CAPI\u0301TULO UNO I \u00bfSignificado de DESEO segu\u0301n IFA? II \u00bfPor que\u0301 [&hellip;]\" \/>\n<meta property=\"og:url\" content=\"https:\/\/ebookifa.com\/wp\/producto\/guia-practica-de-ifa-lineamientos-de-ifa-sobre-como-manifestar-lo-que-quieres\/\" \/>\n<meta property=\"og:site_name\" content=\"E-book Ifa Store\" \/>\n<meta property=\"article:modified_time\" content=\"2023-06-04T22:02:17+00:00\" \/>\n<meta property=\"og:image\" content=\"https:\/\/ebookifa.com\/wp\/wp-content\/uploads\/2023\/05\/ifaguidelines.jpeg\" \/>\n\t<meta property=\"og:image:width\" content=\"154\" \/>\n\t<meta property=\"og:image:height\" content=\"218\" \/>\n\t<meta property=\"og:image:type\" content=\"image\/jpeg\" \/>\n<meta name=\"twitter:card\" content=\"summary_large_image\" \/>\n<meta name=\"twitter:label1\" content=\"Est. reading time\" \/>\n\t<meta name=\"twitter:data1\" content=\"1 minute\" \/>\n<script type=\"application\/ld+json\" class=\"yoast-schema-graph\">{\"@context\":\"https:\\\/\\\/schema.org\",\"@graph\":[{\"@type\":\"WebPage\",\"@id\":\"https:\\\/\\\/ebookifa.com\\\/wp\\\/producto\\\/guia-practica-de-ifa-lineamientos-de-ifa-sobre-como-manifestar-lo-que-quieres\\\/\",\"url\":\"https:\\\/\\\/ebookifa.com\\\/wp\\\/producto\\\/guia-practica-de-ifa-lineamientos-de-ifa-sobre-como-manifestar-lo-que-quieres\\\/\",\"name\":\"GU\u00cdA PR\u00c1CTICA DE IFA: LINEAMIENTOS DE IF\u00c1 SOBRE C\u00d3MO MANIFESTAR LO QUE QUIERES - E-book Ifa Store\",\"isPartOf\":{\"@id\":\"https:\\\/\\\/ebookifa.com\\\/wp\\\/#website\"},\"primaryImageOfPage\":{\"@id\":\"https:\\\/\\\/ebookifa.com\\\/wp\\\/producto\\\/guia-practica-de-ifa-lineamientos-de-ifa-sobre-como-manifestar-lo-que-quieres\\\/#primaryimage\"},\"image\":{\"@id\":\"https:\\\/\\\/ebookifa.com\\\/wp\\\/producto\\\/guia-practica-de-ifa-lineamientos-de-ifa-sobre-como-manifestar-lo-que-quieres\\\/#primaryimage\"},\"thumbnailUrl\":\"https:\\\/\\\/ebookifa.com\\\/wp\\\/wp-content\\\/uploads\\\/2023\\\/05\\\/ifaguidelines.jpeg\",\"datePublished\":\"2023-06-04T21:55:52+00:00\",\"dateModified\":\"2023-06-04T22:02:17+00:00\",\"breadcrumb\":{\"@id\":\"https:\\\/\\\/ebookifa.com\\\/wp\\\/producto\\\/guia-practica-de-ifa-lineamientos-de-ifa-sobre-como-manifestar-lo-que-quieres\\\/#breadcrumb\"},\"inLanguage\":\"en-US\",\"potentialAction\":[{\"@type\":\"ReadAction\",\"target\":[\"https:\\\/\\\/ebookifa.com\\\/wp\\\/producto\\\/guia-practica-de-ifa-lineamientos-de-ifa-sobre-como-manifestar-lo-que-quieres\\\/\"]}]},{\"@type\":\"ImageObject\",\"inLanguage\":\"en-US\",\"@id\":\"https:\\\/\\\/ebookifa.com\\\/wp\\\/producto\\\/guia-practica-de-ifa-lineamientos-de-ifa-sobre-como-manifestar-lo-que-quieres\\\/#primaryimage\",\"url\":\"https:\\\/\\\/ebookifa.com\\\/wp\\\/wp-content\\\/uploads\\\/2023\\\/05\\\/ifaguidelines.jpeg\",\"contentUrl\":\"https:\\\/\\\/ebookifa.com\\\/wp\\\/wp-content\\\/uploads\\\/2023\\\/05\\\/ifaguidelines.jpeg\",\"width\":154,\"height\":218},{\"@type\":\"BreadcrumbList\",\"@id\":\"https:\\\/\\\/ebookifa.com\\\/wp\\\/producto\\\/guia-practica-de-ifa-lineamientos-de-ifa-sobre-como-manifestar-lo-que-quieres\\\/#breadcrumb\",\"itemListElement\":[{\"@type\":\"ListItem\",\"position\":1,\"name\":\"Portada\",\"item\":\"https:\\\/\\\/ebookifa.com\\\/wp\\\/\"},{\"@type\":\"ListItem\",\"position\":2,\"name\":\"Store\",\"item\":\"https:\\\/\\\/ebookifa.com\\\/wp\\\/tienda\\\/\"},{\"@type\":\"ListItem\",\"position\":3,\"name\":\"GU\u00cdA PR\u00c1CTICA DE IFA: LINEAMIENTOS DE IF\u00c1 SOBRE C\u00d3MO MANIFESTAR LO QUE QUIERES\"}]},{\"@type\":\"WebSite\",\"@id\":\"https:\\\/\\\/ebookifa.com\\\/wp\\\/#website\",\"url\":\"https:\\\/\\\/ebookifa.com\\\/wp\\\/\",\"name\":\"E-book Ifa Store\",\"description\":\"My WordPress Blog\",\"publisher\":{\"@id\":\"https:\\\/\\\/ebookifa.com\\\/wp\\\/#\\\/schema\\\/person\\\/f9caa434d3fd96bdb215d86e20928259\"},\"potentialAction\":[{\"@type\":\"SearchAction\",\"target\":{\"@type\":\"EntryPoint\",\"urlTemplate\":\"https:\\\/\\\/ebookifa.com\\\/wp\\\/?s={search_term_string}\"},\"query-input\":{\"@type\":\"PropertyValueSpecification\",\"valueRequired\":true,\"valueName\":\"search_term_string\"}}],\"inLanguage\":\"en-US\"},{\"@type\":[\"Person\",\"Organization\"],\"@id\":\"https:\\\/\\\/ebookifa.com\\\/wp\\\/#\\\/schema\\\/person\\\/f9caa434d3fd96bdb215d86e20928259\",\"name\":\"admin\",\"image\":{\"@type\":\"ImageObject\",\"inLanguage\":\"en-US\",\"@id\":\"https:\\\/\\\/ebookifa.com\\\/wp\\\/wp-content\\\/uploads\\\/2021\\\/04\\\/cropped-large-2.png\",\"url\":\"https:\\\/\\\/ebookifa.com\\\/wp\\\/wp-content\\\/uploads\\\/2021\\\/04\\\/cropped-large-2.png\",\"contentUrl\":\"https:\\\/\\\/ebookifa.com\\\/wp\\\/wp-content\\\/uploads\\\/2021\\\/04\\\/cropped-large-2.png\",\"width\":600,\"height\":391,\"caption\":\"admin\"},\"logo\":{\"@id\":\"https:\\\/\\\/ebookifa.com\\\/wp\\\/wp-content\\\/uploads\\\/2021\\\/04\\\/cropped-large-2.png\"},\"sameAs\":[\"https:\\\/\\\/ebookifa.com\\\/wp\"]}]}<\/script>\n<!-- \/ Yoast SEO plugin. -->","yoast_head_json":{"title":"GU\u00cdA PR\u00c1CTICA DE IFA: LINEAMIENTOS DE IF\u00c1 SOBRE C\u00d3MO MANIFESTAR LO QUE QUIERES - E-book Ifa Store","robots":{"index":"index","follow":"follow","max-snippet":"max-snippet:-1","max-image-preview":"max-image-preview:large","max-video-preview":"max-video-preview:-1"},"canonical":"https:\/\/ebookifa.com\/wp\/producto\/guia-practica-de-ifa-lineamientos-de-ifa-sobre-como-manifestar-lo-que-quieres\/","og_locale":"en_US","og_type":"article","og_title":"GU\u00cdA PR\u00c1CTICA DE IFA: LINEAMIENTOS DE IF\u00c1 SOBRE C\u00d3MO MANIFESTAR LO QUE QUIERES - E-book Ifa Store","og_description":"GUI\u0301A PRA\u0301CTICA DE IFA: LINEAMIENTOS DE IFA\u0301 SOBRE CO\u0301MO MANIFESTAR LO QUE QUIERES Informacio\u0301n sobre co\u0301mo nutrir el deseo aute\u0301ntico hasta que se manifieste. DESEOS MATERIALES MADUREZ ESPIRITUAL Libro adicional en el interior: El consejo de IFA volumen 1 Tabla de contenido: AGRADECIMIENTO \u2022INTRODUCCIO\u0301N &#8220;CAPI\u0301TULO UNO I \u00bfSignificado de DESEO segu\u0301n IFA? II \u00bfPor que\u0301 [&hellip;]","og_url":"https:\/\/ebookifa.com\/wp\/producto\/guia-practica-de-ifa-lineamientos-de-ifa-sobre-como-manifestar-lo-que-quieres\/","og_site_name":"E-book Ifa Store","article_modified_time":"2023-06-04T22:02:17+00:00","og_image":[{"width":154,"height":218,"url":"https:\/\/ebookifa.com\/wp\/wp-content\/uploads\/2023\/05\/ifaguidelines.jpeg","type":"image\/jpeg"}],"twitter_card":"summary_large_image","twitter_misc":{"Est. reading time":"1 minute"},"schema":{"@context":"https:\/\/schema.org","@graph":[{"@type":"WebPage","@id":"https:\/\/ebookifa.com\/wp\/producto\/guia-practica-de-ifa-lineamientos-de-ifa-sobre-como-manifestar-lo-que-quieres\/","url":"https:\/\/ebookifa.com\/wp\/producto\/guia-practica-de-ifa-lineamientos-de-ifa-sobre-como-manifestar-lo-que-quieres\/","name":"GU\u00cdA PR\u00c1CTICA DE IFA: LINEAMIENTOS DE IF\u00c1 SOBRE C\u00d3MO MANIFESTAR LO QUE QUIERES - E-book Ifa Store","isPartOf":{"@id":"https:\/\/ebookifa.com\/wp\/#website"},"primaryImageOfPage":{"@id":"https:\/\/ebookifa.com\/wp\/producto\/guia-practica-de-ifa-lineamientos-de-ifa-sobre-como-manifestar-lo-que-quieres\/#primaryimage"},"image":{"@id":"https:\/\/ebookifa.com\/wp\/producto\/guia-practica-de-ifa-lineamientos-de-ifa-sobre-como-manifestar-lo-que-quieres\/#primaryimage"},"thumbnailUrl":"https:\/\/ebookifa.com\/wp\/wp-content\/uploads\/2023\/05\/ifaguidelines.jpeg","datePublished":"2023-06-04T21:55:52+00:00","dateModified":"2023-06-04T22:02:17+00:00","breadcrumb":{"@id":"https:\/\/ebookifa.com\/wp\/producto\/guia-practica-de-ifa-lineamientos-de-ifa-sobre-como-manifestar-lo-que-quieres\/#breadcrumb"},"inLanguage":"en-US","potentialAction":[{"@type":"ReadAction","target":["https:\/\/ebookifa.com\/wp\/producto\/guia-practica-de-ifa-lineamientos-de-ifa-sobre-como-manifestar-lo-que-quieres\/"]}]},{"@type":"ImageObject","inLanguage":"en-US","@id":"https:\/\/ebookifa.com\/wp\/producto\/guia-practica-de-ifa-lineamientos-de-ifa-sobre-como-manifestar-lo-que-quieres\/#primaryimage","url":"https:\/\/ebookifa.com\/wp\/wp-content\/uploads\/2023\/05\/ifaguidelines.jpeg","contentUrl":"https:\/\/ebookifa.com\/wp\/wp-content\/uploads\/2023\/05\/ifaguidelines.jpeg","width":154,"height":218},{"@type":"BreadcrumbList","@id":"https:\/\/ebookifa.com\/wp\/producto\/guia-practica-de-ifa-lineamientos-de-ifa-sobre-como-manifestar-lo-que-quieres\/#breadcrumb","itemListElement":[{"@type":"ListItem","position":1,"name":"Portada","item":"https:\/\/ebookifa.com\/wp\/"},{"@type":"ListItem","position":2,"name":"Store","item":"https:\/\/ebookifa.com\/wp\/tienda\/"},{"@type":"ListItem","position":3,"name":"GU\u00cdA PR\u00c1CTICA DE IFA: LINEAMIENTOS DE IF\u00c1 SOBRE C\u00d3MO MANIFESTAR LO QUE QUIERES"}]},{"@type":"WebSite","@id":"https:\/\/ebookifa.com\/wp\/#website","url":"https:\/\/ebookifa.com\/wp\/","name":"E-book Ifa Store","description":"My WordPress Blog","publisher":{"@id":"https:\/\/ebookifa.com\/wp\/#\/schema\/person\/f9caa434d3fd96bdb215d86e20928259"},"potentialAction":[{"@type":"SearchAction","target":{"@type":"EntryPoint","urlTemplate":"https:\/\/ebookifa.com\/wp\/?s={search_term_string}"},"query-input":{"@type":"PropertyValueSpecification","valueRequired":true,"valueName":"search_term_string"}}],"inLanguage":"en-US"},{"@type":["Person","Organization"],"@id":"https:\/\/ebookifa.com\/wp\/#\/schema\/person\/f9caa434d3fd96bdb215d86e20928259","name":"admin","image":{"@type":"ImageObject","inLanguage":"en-US","@id":"https:\/\/ebookifa.com\/wp\/wp-content\/uploads\/2021\/04\/cropped-large-2.png","url":"https:\/\/ebookifa.com\/wp\/wp-content\/uploads\/2021\/04\/cropped-large-2.png","contentUrl":"https:\/\/ebookifa.com\/wp\/wp-content\/uploads\/2021\/04\/cropped-large-2.png","width":600,"height":391,"caption":"admin"},"logo":{"@id":"https:\/\/ebookifa.com\/wp\/wp-content\/uploads\/2021\/04\/cropped-large-2.png"},"sameAs":["https:\/\/ebookifa.com\/wp"]}]}},"_links":{"self":[{"href":"https:\/\/ebookifa.com\/wp\/wp-json\/wp\/v2\/product\/1788","targetHints":{"allow":["GET"]}}],"collection":[{"href":"https:\/\/ebookifa.com\/wp\/wp-json\/wp\/v2\/product"}],"about":[{"href":"https:\/\/ebookifa.com\/wp\/wp-json\/wp\/v2\/types\/product"}],"replies":[{"embeddable":true,"href":"https:\/\/ebookifa.com\/wp\/wp-json\/wp\/v2\/comments?post=1788"}],"wp:featuredmedia":[{"embeddable":true,"href":"https:\/\/ebookifa.com\/wp\/wp-json\/wp\/v2\/media\/1752"}],"wp:attachment":[{"href":"https:\/\/ebookifa.com\/wp\/wp-json\/wp\/v2\/media?parent=1788"}],"wp:term":[{"taxonomy":"product_brand","embeddable":true,"href":"https:\/\/ebookifa.com\/wp\/wp-json\/wp\/v2\/product_brand?post=1788"},{"taxonomy":"product_cat","embeddable":true,"href":"https:\/\/ebookifa.com\/wp\/wp-json\/wp\/v2\/product_cat?post=1788"},{"taxonomy":"product_tag","embeddable":true,"href":"https:\/\/ebookifa.com\/wp\/wp-json\/wp\/v2\/product_tag?post=1788"}],"curies":[{"name":"wp","href":"https:\/\/api.w.org\/{rel}","templated":true}]}}