{"id":161,"date":"2021-04-13T00:59:59","date_gmt":"2021-04-13T00:59:59","guid":{"rendered":"https:\/\/ebookifa.com\/wp\/?post_type=product&#038;p=161"},"modified":"2021-05-10T01:59:02","modified_gmt":"2021-05-10T01:59:02","slug":"iwure-efficacious-prayer-to-olodumare-the-supreme","status":"publish","type":"product","link":"https:\/\/ebookifa.com\/wp\/producto\/iwure-efficacious-prayer-to-olodumare-the-supreme\/","title":{"rendered":"Iwure Efficacious Prayer to OLODUMARE The Supreme Force"},"content":{"rendered":"<div class=\"page\" title=\"Page 16\">\n<div class=\"layoutArea\">\n<div class=\"column\">\n<p style=\"text-align: center;\"><strong>TABLE OF CONTENTS<\/strong><\/p>\n<p><strong>Dedication <\/strong><\/p>\n<p><strong>Homage<\/strong><br \/>\n<strong>About the Author <\/strong><\/p>\n<p><strong>Acknowledgment <\/strong><\/p>\n<p><strong>Preface <\/strong><\/p>\n<p><strong>Introduction<\/strong><\/p>\n<\/div>\n<\/div>\n<div class=\"layoutArea\">\n<div class=\"column\">\n<p><strong>Chapter One<\/strong><\/p>\n<p>PRAYER (IW\u00daRE)<\/p>\n<p><strong>1.1<\/strong> When to Pray<br \/>\n<strong>1.2<\/strong> In What Condition should one pray<br \/>\n<strong>1.3<\/strong> Places for Prayer<\/p>\n<p><strong>Chapter Two<\/strong><\/p>\n<p><strong>2.1<\/strong> Offering, Sacrifice and \u00c1k\u00f3se<\/p>\n<p><strong>2.2<\/strong> Be a true Devotee<\/p>\n<p><strong>2.3<\/strong> Honesty&#8217; Righteousness<\/p>\n<p><strong> i<\/strong> Honesty to Oneself<\/p>\n<p><strong>ii <\/strong>Honesty to On\u00ebs neighbours<\/p>\n<p><strong> iii<\/strong> Honesty to the \u00d3risa<\/p>\n<p><strong>2.4<\/strong> Purity of Body<\/p>\n<p><strong> 2.5<\/strong> Abstinence<\/p>\n<p><strong>i<\/strong> Abstinence from Eriwo<\/p>\n<p><strong>ii<\/strong> Abstinence on Eating<\/p>\n<p><strong>iii<\/strong> Abstinence on Male &#8211; Female Relation<\/p>\n<p><strong>2.6<\/strong> &#8216; Faith<\/p>\n<p><strong>i<\/strong> Do not lose hope<\/p>\n<\/div>\n<\/div>\n<div class=\"layoutArea\">\n<div class=\"column\">\n<p><strong>ii<\/strong> Perseverance<br \/>\n<strong>iii<\/strong> Pray with optimism<br \/>\n<strong>2.7<\/strong> Positions for Prayer<br \/>\n<strong>2.8<\/strong> Concentration<br \/>\n<strong>Chapter three<\/strong><\/p>\n<p><span style=\"font-size: 16px;\">PRAYER STEPS<\/span><\/p>\n<\/div>\n<\/div>\n<div class=\"layoutArea\">\n<div class=\"column\">\n<p><strong>3.1<\/strong> \u00a0Reverence<\/p>\n<p><strong>3.2<\/strong> \u00a0Invocation<\/p>\n<p><strong>3.3<\/strong> \u00a0Libation<\/p>\n<p><strong>3.4<\/strong> \u00a0Oriki (Eulogy)<\/p>\n<p><strong>3.5<\/strong> \u00a0If\u00e1 Verses for the concerned 86<\/p>\n<p><strong>3.6 \u00a0<\/strong>Thanksgiving 96<\/p>\n<p><strong>3.7<\/strong> \u00a0Forgiveness 99<\/p>\n<p><strong>3.8<\/strong> \u00a0Prayer Request(s)<\/p>\n<p><strong>I<\/strong> Quotation of If\u00e1 Verse(s) for the\u00a0Prayer Request<\/p>\n<p><strong>II<\/strong> Items for prayer<\/p>\n<p><span style=\"font-size: 16px;\"><strong>3.9 \u00a0<\/strong>Promise<\/span><\/p>\n<p><strong>Chapter four<\/strong><\/p>\n<p><strong>(4)<\/strong> HOW OL\u00d3D\u00daMAR\u00ca ANSWERS PRAYERS<\/p>\n<p><strong>4.1 <\/strong>Immediate Answering<\/p>\n<p><strong>4.2 <\/strong>Delayed Answering<\/p>\n<p><strong>4.3 <\/strong>Reasons for Delayed Answering<\/p>\n<p><strong>i<\/strong> For On\u00ebs Protection<br \/>\n<strong>ii<\/strong> Human Character<\/p>\n<p><strong>iii<\/strong> Unseen Negative Energy<\/p>\n<p><strong>a.<\/strong> Eriwo<\/p>\n<p><strong>b.<\/strong> Iy\u00e1mi \u00c1j\u00e9<\/p>\n<p><strong>c.<\/strong> El\u00e9riini<\/p>\n<p><strong>d.<\/strong> \u00cbg\u00fan (Curse)<\/p>\n<p><strong>iv.<\/strong> Unrealistic Request<\/p>\n<p><strong>V.<\/strong> Human Destiny<\/p>\n<p><strong>Chapter five<\/strong><\/p>\n<p>WHEN YOUR PRAYER IS ANSWERED<\/p>\n<p><strong>Chapter six<\/strong><\/p>\n<p>SPECIAL NOTES<\/p>\n<p><strong>i<\/strong> Items for prayers<\/p>\n<p><strong>ii<\/strong> Intentional Interpolation<\/p>\n<p><strong>iii<\/strong> Sacred Name of The Supreme Force<\/p>\n<p><strong>iv<\/strong> Reactivation<\/p>\n<p><strong>A.<\/strong> Reactivation of \u00d3risa Temple And or Orisa Paraphernalias<\/p>\n<p><strong>B.<\/strong> Reactivation of Tongue<\/p>\n<p><strong>V\u00a0<\/strong>\u00a0\u00c1k\u00f3se<\/p>\n<p>GLOSSARY<\/p>\n<p>REFERENCES<\/p>\n<p>INTERVIEW<\/p>\n<p>BIBLIOGRAPHY<\/p>\n<p>&nbsp;<\/p>\n<p>&nbsp;<\/p>\n<p>&nbsp;<\/p>\n<p>&nbsp;<\/p>\n<p>&nbsp;<\/p>\n<p>&nbsp;<\/p>\n<p>&nbsp;<\/p>\n<p>&nbsp;<\/p>\n<p>&nbsp;<\/p>\n<p>&nbsp;<\/p>\n<p>&nbsp;<\/p>\n<p>&nbsp;<\/p>\n<p>&nbsp;<\/p>\n<p>&nbsp;<\/p>\n<p>&nbsp;<\/p>\n<p>&nbsp;<\/p>\n<p>&nbsp;<\/p>\n<p>&nbsp;<\/p>\n<p>&nbsp;<\/p>\n<\/div>\n<\/div>\n<div class=\"layoutArea\">\n<div class=\"column\">\n<p>&nbsp;<\/p>\n<\/div>\n<\/div>\n<div class=\"layoutArea\">\n<div class=\"column\"><\/div>\n<\/div>\n<\/div>\n<div class=\"page\" title=\"Page 17\">\n<div class=\"layoutArea\">\n<div class=\"column\">\n<p>&nbsp;<\/p>\n<\/div>\n<\/div>\n<\/div>\n","protected":false},"excerpt":{"rendered":"<p>Iwure Efficacious Prayer to OLODUMARE The Supreme Force<\/p>\n<div class=\"page\" title=\"Page 4\">\n<div class=\"layoutArea\">\n<div class=\"column\">\n<p>F\u00e1yeml F\u00e1t\u00fand\u00e9 F\u00c1K\u00c1Y\u00d3D<\/p>\n<\/div>\n<\/div>\n<\/div>\n","protected":false},"featured_media":163,"comment_status":"open","ping_status":"closed","template":"","meta":{"_eb_attr":"","site-sidebar-layout":"default","site-content-layout":"default","ast-site-content-layout":"default","site-content-style":"default","site-sidebar-style":"default","ast-global-header-display":"","ast-banner-title-visibility":"","ast-main-header-display":"","ast-hfb-above-header-display":"","ast-hfb-below-header-display":"","ast-hfb-mobile-header-display":"","site-post-title":"","ast-breadcrumbs-content":"","ast-featured-img":"","footer-sml-layout":"","ast-disable-related-posts":"","theme-transparent-header-meta":"default","adv-header-id-meta":"","stick-header-meta":"","header-above-stick-meta":"","header-main-stick-meta":"","header-below-stick-meta":"","astra-migrate-meta-layouts":"default","ast-page-background-enabled":"default","ast-page-background-meta":{"desktop":{"background-color":"","background-image":"","background-repeat":"repeat","background-position":"center center","background-size":"auto","background-attachment":"scroll","background-type":"","background-media":"","overlay-type":"","overlay-color":"","overlay-opacity":"","overlay-gradient":""},"tablet":{"background-color":"","background-image":"","background-repeat":"repeat","background-position":"center center","background-size":"auto","background-attachment":"scroll","background-type":"","background-media":"","overlay-type":"","overlay-color":"","overlay-opacity":"","overlay-gradient":""},"mobile":{"background-color":"","background-image":"","background-repeat":"repeat","background-position":"center center","background-size":"auto","background-attachment":"scroll","background-type":"","background-media":"","overlay-type":"","overlay-color":"","overlay-opacity":"","overlay-gradient":""}},"ast-content-background-meta":{"desktop":{"background-color":"var(--ast-global-color-5)","background-image":"","background-repeat":"repeat","background-position":"center center","background-size":"auto","background-attachment":"scroll","background-type":"","background-media":"","overlay-type":"","overlay-color":"","overlay-opacity":"","overlay-gradient":""},"tablet":{"background-color":"var(--ast-global-color-5)","background-image":"","background-repeat":"repeat","background-position":"center center","background-size":"auto","background-attachment":"scroll","background-type":"","background-media":"","overlay-type":"","overlay-color":"","overlay-opacity":"","overlay-gradient":""},"mobile":{"background-color":"var(--ast-global-color-5)","background-image":"","background-repeat":"repeat","background-position":"center center","background-size":"auto","background-attachment":"scroll","background-type":"","background-media":"","overlay-type":"","overlay-color":"","overlay-opacity":"","overlay-gradient":""}}},"product_brand":[],"product_cat":[82],"product_tag":[24,34,36,37,35],"class_list":{"0":"post-161","1":"product","2":"type-product","3":"status-publish","4":"has-post-thumbnail","6":"product_cat-e-books-in-english","7":"product_tag-ifa","8":"product_tag-iwure","9":"product_tag-oriki","10":"product_tag-orin","11":"product_tag-prayers","12":"desktop-align-left","13":"tablet-align-left","14":"mobile-align-left","16":"first","17":"instock","18":"sale","19":"shipping-taxable","20":"purchasable","21":"product-type-simple"},"yoast_head":"<!-- This site is optimized with the Yoast SEO plugin v27.5 - https:\/\/yoast.com\/product\/yoast-seo-wordpress\/ -->\n<title>Iwure Efficacious Prayer to OLODUMARE The Supreme Force - E-book Ifa Store<\/title>\n<meta name=\"description\" content=\"PRAYER (IW\u00daRE), When to Pray, In What Condition should one pray, Places for Prayer, Offering, Sacrifice and \u00c1k\u00f3se\" \/>\n<meta name=\"robots\" content=\"index, follow, max-snippet:-1, max-image-preview:large, max-video-preview:-1\" \/>\n<link rel=\"canonical\" href=\"https:\/\/ebookifa.com\/wp\/producto\/iwure-efficacious-prayer-to-olodumare-the-supreme\/\" \/>\n<meta property=\"og:locale\" content=\"en_US\" \/>\n<meta property=\"og:type\" content=\"article\" \/>\n<meta property=\"og:title\" content=\"Iwure Efficacious Prayer to OLODUMARE The Supreme Force - E-book Ifa Store\" \/>\n<meta property=\"og:description\" content=\"PRAYER (IW\u00daRE), When to Pray, In What Condition should one pray, Places for Prayer, Offering, Sacrifice and \u00c1k\u00f3se\" \/>\n<meta property=\"og:url\" content=\"https:\/\/ebookifa.com\/wp\/producto\/iwure-efficacious-prayer-to-olodumare-the-supreme\/\" \/>\n<meta property=\"og:site_name\" content=\"E-book Ifa Store\" \/>\n<meta property=\"article:modified_time\" content=\"2021-05-10T01:59:02+00:00\" \/>\n<meta property=\"og:image\" content=\"https:\/\/ebookifa.com\/wp\/wp-content\/uploads\/2021\/04\/IWURE.jpg\" \/>\n\t<meta property=\"og:image:width\" content=\"191\" \/>\n\t<meta property=\"og:image:height\" content=\"264\" \/>\n\t<meta property=\"og:image:type\" content=\"image\/jpeg\" \/>\n<meta name=\"twitter:card\" content=\"summary_large_image\" \/>\n<meta name=\"twitter:label1\" content=\"Est. reading time\" \/>\n\t<meta name=\"twitter:data1\" content=\"1 minute\" \/>\n<script type=\"application\/ld+json\" class=\"yoast-schema-graph\">{\"@context\":\"https:\\\/\\\/schema.org\",\"@graph\":[{\"@type\":\"WebPage\",\"@id\":\"https:\\\/\\\/ebookifa.com\\\/wp\\\/producto\\\/iwure-efficacious-prayer-to-olodumare-the-supreme\\\/\",\"url\":\"https:\\\/\\\/ebookifa.com\\\/wp\\\/producto\\\/iwure-efficacious-prayer-to-olodumare-the-supreme\\\/\",\"name\":\"Iwure Efficacious Prayer to OLODUMARE The Supreme Force - E-book Ifa Store\",\"isPartOf\":{\"@id\":\"https:\\\/\\\/ebookifa.com\\\/wp\\\/#website\"},\"primaryImageOfPage\":{\"@id\":\"https:\\\/\\\/ebookifa.com\\\/wp\\\/producto\\\/iwure-efficacious-prayer-to-olodumare-the-supreme\\\/#primaryimage\"},\"image\":{\"@id\":\"https:\\\/\\\/ebookifa.com\\\/wp\\\/producto\\\/iwure-efficacious-prayer-to-olodumare-the-supreme\\\/#primaryimage\"},\"thumbnailUrl\":\"https:\\\/\\\/ebookifa.com\\\/wp\\\/wp-content\\\/uploads\\\/2021\\\/04\\\/IWURE.jpg\",\"datePublished\":\"2021-04-13T00:59:59+00:00\",\"dateModified\":\"2021-05-10T01:59:02+00:00\",\"description\":\"PRAYER (IW\u00daRE), When to Pray, In What Condition should one pray, Places for Prayer, Offering, Sacrifice and \u00c1k\u00f3se\",\"breadcrumb\":{\"@id\":\"https:\\\/\\\/ebookifa.com\\\/wp\\\/producto\\\/iwure-efficacious-prayer-to-olodumare-the-supreme\\\/#breadcrumb\"},\"inLanguage\":\"en-US\",\"potentialAction\":[{\"@type\":\"ReadAction\",\"target\":[\"https:\\\/\\\/ebookifa.com\\\/wp\\\/producto\\\/iwure-efficacious-prayer-to-olodumare-the-supreme\\\/\"]}]},{\"@type\":\"ImageObject\",\"inLanguage\":\"en-US\",\"@id\":\"https:\\\/\\\/ebookifa.com\\\/wp\\\/producto\\\/iwure-efficacious-prayer-to-olodumare-the-supreme\\\/#primaryimage\",\"url\":\"https:\\\/\\\/ebookifa.com\\\/wp\\\/wp-content\\\/uploads\\\/2021\\\/04\\\/IWURE.jpg\",\"contentUrl\":\"https:\\\/\\\/ebookifa.com\\\/wp\\\/wp-content\\\/uploads\\\/2021\\\/04\\\/IWURE.jpg\",\"width\":191,\"height\":264},{\"@type\":\"BreadcrumbList\",\"@id\":\"https:\\\/\\\/ebookifa.com\\\/wp\\\/producto\\\/iwure-efficacious-prayer-to-olodumare-the-supreme\\\/#breadcrumb\",\"itemListElement\":[{\"@type\":\"ListItem\",\"position\":1,\"name\":\"Portada\",\"item\":\"https:\\\/\\\/ebookifa.com\\\/wp\\\/\"},{\"@type\":\"ListItem\",\"position\":2,\"name\":\"Store\",\"item\":\"https:\\\/\\\/ebookifa.com\\\/wp\\\/tienda\\\/\"},{\"@type\":\"ListItem\",\"position\":3,\"name\":\"Iwure Efficacious Prayer to OLODUMARE The Supreme Force\"}]},{\"@type\":\"WebSite\",\"@id\":\"https:\\\/\\\/ebookifa.com\\\/wp\\\/#website\",\"url\":\"https:\\\/\\\/ebookifa.com\\\/wp\\\/\",\"name\":\"E-book Ifa Store\",\"description\":\"My WordPress Blog\",\"publisher\":{\"@id\":\"https:\\\/\\\/ebookifa.com\\\/wp\\\/#\\\/schema\\\/person\\\/f9caa434d3fd96bdb215d86e20928259\"},\"potentialAction\":[{\"@type\":\"SearchAction\",\"target\":{\"@type\":\"EntryPoint\",\"urlTemplate\":\"https:\\\/\\\/ebookifa.com\\\/wp\\\/?s={search_term_string}\"},\"query-input\":{\"@type\":\"PropertyValueSpecification\",\"valueRequired\":true,\"valueName\":\"search_term_string\"}}],\"inLanguage\":\"en-US\"},{\"@type\":[\"Person\",\"Organization\"],\"@id\":\"https:\\\/\\\/ebookifa.com\\\/wp\\\/#\\\/schema\\\/person\\\/f9caa434d3fd96bdb215d86e20928259\",\"name\":\"admin\",\"image\":{\"@type\":\"ImageObject\",\"inLanguage\":\"en-US\",\"@id\":\"https:\\\/\\\/ebookifa.com\\\/wp\\\/wp-content\\\/uploads\\\/2021\\\/04\\\/cropped-large-2.png\",\"url\":\"https:\\\/\\\/ebookifa.com\\\/wp\\\/wp-content\\\/uploads\\\/2021\\\/04\\\/cropped-large-2.png\",\"contentUrl\":\"https:\\\/\\\/ebookifa.com\\\/wp\\\/wp-content\\\/uploads\\\/2021\\\/04\\\/cropped-large-2.png\",\"width\":600,\"height\":391,\"caption\":\"admin\"},\"logo\":{\"@id\":\"https:\\\/\\\/ebookifa.com\\\/wp\\\/wp-content\\\/uploads\\\/2021\\\/04\\\/cropped-large-2.png\"},\"sameAs\":[\"https:\\\/\\\/ebookifa.com\\\/wp\"]}]}<\/script>\n<!-- \/ Yoast SEO plugin. -->","yoast_head_json":{"title":"Iwure Efficacious Prayer to OLODUMARE The Supreme Force - E-book Ifa Store","description":"PRAYER (IW\u00daRE), When to Pray, In What Condition should one pray, Places for Prayer, Offering, Sacrifice and \u00c1k\u00f3se","robots":{"index":"index","follow":"follow","max-snippet":"max-snippet:-1","max-image-preview":"max-image-preview:large","max-video-preview":"max-video-preview:-1"},"canonical":"https:\/\/ebookifa.com\/wp\/producto\/iwure-efficacious-prayer-to-olodumare-the-supreme\/","og_locale":"en_US","og_type":"article","og_title":"Iwure Efficacious Prayer to OLODUMARE The Supreme Force - E-book Ifa Store","og_description":"PRAYER (IW\u00daRE), When to Pray, In What Condition should one pray, Places for Prayer, Offering, Sacrifice and \u00c1k\u00f3se","og_url":"https:\/\/ebookifa.com\/wp\/producto\/iwure-efficacious-prayer-to-olodumare-the-supreme\/","og_site_name":"E-book Ifa Store","article_modified_time":"2021-05-10T01:59:02+00:00","og_image":[{"width":191,"height":264,"url":"https:\/\/ebookifa.com\/wp\/wp-content\/uploads\/2021\/04\/IWURE.jpg","type":"image\/jpeg"}],"twitter_card":"summary_large_image","twitter_misc":{"Est. reading time":"1 minute"},"schema":{"@context":"https:\/\/schema.org","@graph":[{"@type":"WebPage","@id":"https:\/\/ebookifa.com\/wp\/producto\/iwure-efficacious-prayer-to-olodumare-the-supreme\/","url":"https:\/\/ebookifa.com\/wp\/producto\/iwure-efficacious-prayer-to-olodumare-the-supreme\/","name":"Iwure Efficacious Prayer to OLODUMARE The Supreme Force - E-book Ifa Store","isPartOf":{"@id":"https:\/\/ebookifa.com\/wp\/#website"},"primaryImageOfPage":{"@id":"https:\/\/ebookifa.com\/wp\/producto\/iwure-efficacious-prayer-to-olodumare-the-supreme\/#primaryimage"},"image":{"@id":"https:\/\/ebookifa.com\/wp\/producto\/iwure-efficacious-prayer-to-olodumare-the-supreme\/#primaryimage"},"thumbnailUrl":"https:\/\/ebookifa.com\/wp\/wp-content\/uploads\/2021\/04\/IWURE.jpg","datePublished":"2021-04-13T00:59:59+00:00","dateModified":"2021-05-10T01:59:02+00:00","description":"PRAYER (IW\u00daRE), When to Pray, In What Condition should one pray, Places for Prayer, Offering, Sacrifice and \u00c1k\u00f3se","breadcrumb":{"@id":"https:\/\/ebookifa.com\/wp\/producto\/iwure-efficacious-prayer-to-olodumare-the-supreme\/#breadcrumb"},"inLanguage":"en-US","potentialAction":[{"@type":"ReadAction","target":["https:\/\/ebookifa.com\/wp\/producto\/iwure-efficacious-prayer-to-olodumare-the-supreme\/"]}]},{"@type":"ImageObject","inLanguage":"en-US","@id":"https:\/\/ebookifa.com\/wp\/producto\/iwure-efficacious-prayer-to-olodumare-the-supreme\/#primaryimage","url":"https:\/\/ebookifa.com\/wp\/wp-content\/uploads\/2021\/04\/IWURE.jpg","contentUrl":"https:\/\/ebookifa.com\/wp\/wp-content\/uploads\/2021\/04\/IWURE.jpg","width":191,"height":264},{"@type":"BreadcrumbList","@id":"https:\/\/ebookifa.com\/wp\/producto\/iwure-efficacious-prayer-to-olodumare-the-supreme\/#breadcrumb","itemListElement":[{"@type":"ListItem","position":1,"name":"Portada","item":"https:\/\/ebookifa.com\/wp\/"},{"@type":"ListItem","position":2,"name":"Store","item":"https:\/\/ebookifa.com\/wp\/tienda\/"},{"@type":"ListItem","position":3,"name":"Iwure Efficacious Prayer to OLODUMARE The Supreme Force"}]},{"@type":"WebSite","@id":"https:\/\/ebookifa.com\/wp\/#website","url":"https:\/\/ebookifa.com\/wp\/","name":"E-book Ifa Store","description":"My WordPress Blog","publisher":{"@id":"https:\/\/ebookifa.com\/wp\/#\/schema\/person\/f9caa434d3fd96bdb215d86e20928259"},"potentialAction":[{"@type":"SearchAction","target":{"@type":"EntryPoint","urlTemplate":"https:\/\/ebookifa.com\/wp\/?s={search_term_string}"},"query-input":{"@type":"PropertyValueSpecification","valueRequired":true,"valueName":"search_term_string"}}],"inLanguage":"en-US"},{"@type":["Person","Organization"],"@id":"https:\/\/ebookifa.com\/wp\/#\/schema\/person\/f9caa434d3fd96bdb215d86e20928259","name":"admin","image":{"@type":"ImageObject","inLanguage":"en-US","@id":"https:\/\/ebookifa.com\/wp\/wp-content\/uploads\/2021\/04\/cropped-large-2.png","url":"https:\/\/ebookifa.com\/wp\/wp-content\/uploads\/2021\/04\/cropped-large-2.png","contentUrl":"https:\/\/ebookifa.com\/wp\/wp-content\/uploads\/2021\/04\/cropped-large-2.png","width":600,"height":391,"caption":"admin"},"logo":{"@id":"https:\/\/ebookifa.com\/wp\/wp-content\/uploads\/2021\/04\/cropped-large-2.png"},"sameAs":["https:\/\/ebookifa.com\/wp"]}]}},"_links":{"self":[{"href":"https:\/\/ebookifa.com\/wp\/wp-json\/wp\/v2\/product\/161","targetHints":{"allow":["GET"]}}],"collection":[{"href":"https:\/\/ebookifa.com\/wp\/wp-json\/wp\/v2\/product"}],"about":[{"href":"https:\/\/ebookifa.com\/wp\/wp-json\/wp\/v2\/types\/product"}],"replies":[{"embeddable":true,"href":"https:\/\/ebookifa.com\/wp\/wp-json\/wp\/v2\/comments?post=161"}],"wp:featuredmedia":[{"embeddable":true,"href":"https:\/\/ebookifa.com\/wp\/wp-json\/wp\/v2\/media\/163"}],"wp:attachment":[{"href":"https:\/\/ebookifa.com\/wp\/wp-json\/wp\/v2\/media?parent=161"}],"wp:term":[{"taxonomy":"product_brand","embeddable":true,"href":"https:\/\/ebookifa.com\/wp\/wp-json\/wp\/v2\/product_brand?post=161"},{"taxonomy":"product_cat","embeddable":true,"href":"https:\/\/ebookifa.com\/wp\/wp-json\/wp\/v2\/product_cat?post=161"},{"taxonomy":"product_tag","embeddable":true,"href":"https:\/\/ebookifa.com\/wp\/wp-json\/wp\/v2\/product_tag?post=161"}],"curies":[{"name":"wp","href":"https:\/\/api.w.org\/{rel}","templated":true}]}}