{"id":1406,"date":"2022-11-23T16:24:50","date_gmt":"2022-11-23T16:24:50","guid":{"rendered":"https:\/\/ebookifa.com\/wp\/?post_type=product&#038;p=1406"},"modified":"2022-11-23T16:44:42","modified_gmt":"2022-11-23T16:44:42","slug":"awo-obi-la-adivinacion-del-obi-en-la-teoria-y-la-practica","status":"publish","type":"product","link":"https:\/\/ebookifa.com\/wp\/producto\/awo-obi-la-adivinacion-del-obi-en-la-teoria-y-la-practica\/","title":{"rendered":"Awo Obi La adivinaci\u00f3n del Obi en la Teor\u00eda y la Practica"},"content":{"rendered":"<div class=\"page\" title=\"Page 3\">\n<div class=\"layoutArea\">\n<div class=\"column\">\n<p><strong>Contenido <\/strong><\/p>\n<p>Agradecimientos<\/p>\n<\/div>\n<\/div>\n<div class=\"layoutArea\">\n<div class=\"column\">\n<p>l. La forma y la funcio\u0301n de la adivinacio\u0301n<\/p>\n<p>2. El papel del adivino<br \/>\n3. Preguntas apropiadas para el Ora\u0301culo<\/p>\n<p>4. Tres reglas de adivinacio\u0301n<\/p>\n<p>5. La anatomi\u0301a del Ora\u0301culo<br \/>\n6. Usando los cuatro Cowries para la adivinacio\u0301n<\/p>\n<p>7. Preparando el Obi<br \/>\n8. Prepara\u0301ndose para lanzar el Ora\u0301culo<br \/>\n9. Lanzamiento del Ora\u0301culo<br \/>\n10. Registrando el lanzamiento<br \/>\n11. Las cinco posiciones ba\u0301sicas<\/p>\n<p><strong>Seccio\u0301n Intermedia<\/strong><\/p>\n<p>12. Las nueve caracteri\u0301sticas<br \/>\n13. Estudiando las direcciones de los segmentos<\/p>\n<p>14. Explorando el Opon Ifa<\/p>\n<p><strong>Seccio\u0301n Avanzada<\/strong><\/p>\n<p>15. La naturaleza de Odu\u0301<br \/>\n16. La anatomi\u0301a de Odu\u0301<br \/>\n17. Los diecise\u0301is Oju Odu\u0301<br \/>\n18. Transponer el reparto a Odu\u0301<br \/>\n19. El Odu\u0301 y las preguntas de Si\u0301\/No<br \/>\n20. Explorando la orientacio\u0301n de un Odu\u0301<\/p>\n<p>21. El Odu\u0301 y la fuerza de una respuesta<\/p>\n<p>22. La naturaleza de Ire e IBI<\/p>\n<p>23. El Odu\u0301 y la adivinacio\u0301n de opciones mu\u0301ltiples<\/p>\n<p>24. Ebo\u0301: Un tiempo para hacer ofrendas<\/p>\n<div class=\"page\" title=\"Page 4\">\n<div class=\"layoutArea\">\n<div class=\"column\">\n<p>25. Descubriendo el Ebo\u0301 apropiado<\/p>\n<p>26. Los Orisa y su Ebo\u0301<br \/>\n27. Cerrar la adivinacio\u0301n<br \/>\n28. Consideraciones avanzadas<\/p>\n<\/div>\n<\/div>\n<div class=\"layoutArea\">\n<div class=\"column\">\n<p><strong>Ape\u0301ndices<\/strong><\/p>\n<\/div>\n<\/div>\n<div class=\"layoutArea\">\n<div class=\"column\">\n<p><strong>Ape\u0301ndice A:<\/strong> Esquema ba\u0301sico de la adivinacio\u0301n<\/p>\n<p><strong>Ape\u0301ndice B:<\/strong> Oracio\u0301n Omi Tutu<br \/>\n<strong>Ape\u0301ndice C:<\/strong> Muestra de adivinacio\u0301n &#8211;<\/p>\n<p><strong>Ba\u0301sica Ape\u0301ndice D:<\/strong> Muestra de adivinacio\u0301n &#8211;<\/p>\n<p><strong>Intermedio Ape\u0301ndice E<\/strong>: Ejemplo de adivinacio\u0301n &#8211;<\/p>\n<p>Avanzado Lecturas recomendadas<\/p>\n<p>Bibliografi\u0301a<\/p>\n<\/div>\n<\/div>\n<\/div>\n<\/div>\n<\/div>\n<\/div>\n","protected":false},"excerpt":{"rendered":"<p>Contenido Agradecimientos l. La forma y la funcio\u0301n de la adivinacio\u0301n 2. El papel del adivino 3. Preguntas apropiadas para el Ora\u0301culo 4. Tres reglas de adivinacio\u0301n 5. La anatomi\u0301a del Ora\u0301culo 6. Usando los cuatro Cowries para la adivinacio\u0301n 7. Preparando el Obi 8. Prepara\u0301ndose para lanzar el Ora\u0301culo 9. Lanzamiento del Ora\u0301culo 10. [&hellip;]<\/p>\n","protected":false},"featured_media":469,"comment_status":"open","ping_status":"closed","template":"","meta":{"_eb_attr":"","site-sidebar-layout":"default","site-content-layout":"default","ast-site-content-layout":"default","site-content-style":"default","site-sidebar-style":"default","ast-global-header-display":"","ast-banner-title-visibility":"","ast-main-header-display":"","ast-hfb-above-header-display":"","ast-hfb-below-header-display":"","ast-hfb-mobile-header-display":"","site-post-title":"","ast-breadcrumbs-content":"","ast-featured-img":"","footer-sml-layout":"","ast-disable-related-posts":"","theme-transparent-header-meta":"default","adv-header-id-meta":"","stick-header-meta":"","header-above-stick-meta":"","header-main-stick-meta":"","header-below-stick-meta":"","astra-migrate-meta-layouts":"default","ast-page-background-enabled":"default","ast-page-background-meta":{"desktop":{"background-color":"","background-image":"","background-repeat":"repeat","background-position":"center center","background-size":"auto","background-attachment":"scroll","background-type":"","background-media":"","overlay-type":"","overlay-color":"","overlay-opacity":"","overlay-gradient":""},"tablet":{"background-color":"","background-image":"","background-repeat":"repeat","background-position":"center center","background-size":"auto","background-attachment":"scroll","background-type":"","background-media":"","overlay-type":"","overlay-color":"","overlay-opacity":"","overlay-gradient":""},"mobile":{"background-color":"","background-image":"","background-repeat":"repeat","background-position":"center center","background-size":"auto","background-attachment":"scroll","background-type":"","background-media":"","overlay-type":"","overlay-color":"","overlay-opacity":"","overlay-gradient":""}},"ast-content-background-meta":{"desktop":{"background-color":"var(--ast-global-color-5)","background-image":"","background-repeat":"repeat","background-position":"center center","background-size":"auto","background-attachment":"scroll","background-type":"","background-media":"","overlay-type":"","overlay-color":"","overlay-opacity":"","overlay-gradient":""},"tablet":{"background-color":"var(--ast-global-color-5)","background-image":"","background-repeat":"repeat","background-position":"center center","background-size":"auto","background-attachment":"scroll","background-type":"","background-media":"","overlay-type":"","overlay-color":"","overlay-opacity":"","overlay-gradient":""},"mobile":{"background-color":"var(--ast-global-color-5)","background-image":"","background-repeat":"repeat","background-position":"center center","background-size":"auto","background-attachment":"scroll","background-type":"","background-media":"","overlay-type":"","overlay-color":"","overlay-opacity":"","overlay-gradient":""}}},"product_brand":[],"product_cat":[77],"product_tag":[],"class_list":{"0":"post-1406","1":"product","2":"type-product","3":"status-publish","4":"has-post-thumbnail","6":"product_cat-libros-en-espanol","7":"desktop-align-left","8":"tablet-align-left","9":"mobile-align-left","11":"first","12":"instock","13":"sale","14":"shipping-taxable","15":"purchasable","16":"product-type-simple"},"yoast_head":"<!-- This site is optimized with the Yoast SEO plugin v27.4 - https:\/\/yoast.com\/product\/yoast-seo-wordpress\/ -->\n<title>Awo Obi La adivinaci\u00f3n del Obi en la Teor\u00eda y la Practica - E-book Ifa Store<\/title>\n<meta name=\"description\" content=\"l. La forma y la funci\u00f3n de la adivinaci\u00f3n2. El papel del adivino\u00a03. Preguntas apropiadas para el Or\u00e1culo4. Tres reglas de adivinaci\u00f3n5. La anatom\u00eda del Or\u00e1culo6. Usando los cuatro Cowries para la adivinaci\u00f3n7. Preparando el Obi8. Prepar\u00e1ndose para lanzar el Or\u00e1culo9. Lanzamiento del Or\u00e1culo10. Registrando el lanzamiento11. Las cinco posiciones b\u00e1sicasSecci\u00f3n Intermedia12. Las nueve caracter\u00edsticas13. Estudiando las direcciones de los segmentos14. Explorando el Opon IfaSecci\u00f3n Avanzada15. La naturaleza de Od\u00fa16. La anatom\u00eda de Od\u00fa17. Los diecis\u00e9is Oju Od\u00fa18. Transponer el reparto a Od\u00fa19. El Od\u00fa y las preguntas de S\u00ed\/No20. Explorando la orientaci\u00f3n de un Od\u00fa21. El Od\u00fa y la fuerza de una respuesta\" \/>\n<meta name=\"robots\" content=\"index, follow, max-snippet:-1, max-image-preview:large, max-video-preview:-1\" \/>\n<link rel=\"canonical\" href=\"https:\/\/ebookifa.com\/wp\/producto\/awo-obi-la-adivinacion-del-obi-en-la-teoria-y-la-practica\/\" \/>\n<meta property=\"og:locale\" content=\"en_US\" \/>\n<meta property=\"og:type\" content=\"article\" \/>\n<meta property=\"og:title\" content=\"Awo Obi La adivinaci\u00f3n del Obi en la Teor\u00eda y la Practica - E-book Ifa Store\" \/>\n<meta property=\"og:description\" content=\"l. La forma y la funci\u00f3n de la adivinaci\u00f3n2. El papel del adivino\u00a03. Preguntas apropiadas para el Or\u00e1culo4. Tres reglas de adivinaci\u00f3n5. La anatom\u00eda del Or\u00e1culo6. Usando los cuatro Cowries para la adivinaci\u00f3n7. Preparando el Obi8. Prepar\u00e1ndose para lanzar el Or\u00e1culo9. Lanzamiento del Or\u00e1culo10. Registrando el lanzamiento11. Las cinco posiciones b\u00e1sicasSecci\u00f3n Intermedia12. Las nueve caracter\u00edsticas13. Estudiando las direcciones de los segmentos14. Explorando el Opon IfaSecci\u00f3n Avanzada15. La naturaleza de Od\u00fa16. La anatom\u00eda de Od\u00fa17. Los diecis\u00e9is Oju Od\u00fa18. Transponer el reparto a Od\u00fa19. El Od\u00fa y las preguntas de S\u00ed\/No20. Explorando la orientaci\u00f3n de un Od\u00fa21. El Od\u00fa y la fuerza de una respuesta\" \/>\n<meta property=\"og:url\" content=\"https:\/\/ebookifa.com\/wp\/producto\/awo-obi-la-adivinacion-del-obi-en-la-teoria-y-la-practica\/\" \/>\n<meta property=\"og:site_name\" content=\"E-book Ifa Store\" \/>\n<meta property=\"article:modified_time\" content=\"2022-11-23T16:44:42+00:00\" \/>\n<meta property=\"og:image\" content=\"https:\/\/ebookifa.com\/wp\/wp-content\/uploads\/2021\/07\/Captura-de-Pantalla-2021-07-18-a-las-7.20.36-p.-m..png\" \/>\n\t<meta property=\"og:image:width\" content=\"561\" \/>\n\t<meta property=\"og:image:height\" content=\"864\" \/>\n\t<meta property=\"og:image:type\" content=\"image\/png\" \/>\n<meta name=\"twitter:card\" content=\"summary_large_image\" \/>\n<meta name=\"twitter:label1\" content=\"Est. reading time\" \/>\n\t<meta name=\"twitter:data1\" content=\"1 minute\" \/>\n<script type=\"application\/ld+json\" class=\"yoast-schema-graph\">{\"@context\":\"https:\\\/\\\/schema.org\",\"@graph\":[{\"@type\":\"WebPage\",\"@id\":\"https:\\\/\\\/ebookifa.com\\\/wp\\\/producto\\\/awo-obi-la-adivinacion-del-obi-en-la-teoria-y-la-practica\\\/\",\"url\":\"https:\\\/\\\/ebookifa.com\\\/wp\\\/producto\\\/awo-obi-la-adivinacion-del-obi-en-la-teoria-y-la-practica\\\/\",\"name\":\"Awo Obi La adivinaci\u00f3n del Obi en la Teor\u00eda y la Practica - E-book Ifa Store\",\"isPartOf\":{\"@id\":\"https:\\\/\\\/ebookifa.com\\\/wp\\\/#website\"},\"primaryImageOfPage\":{\"@id\":\"https:\\\/\\\/ebookifa.com\\\/wp\\\/producto\\\/awo-obi-la-adivinacion-del-obi-en-la-teoria-y-la-practica\\\/#primaryimage\"},\"image\":{\"@id\":\"https:\\\/\\\/ebookifa.com\\\/wp\\\/producto\\\/awo-obi-la-adivinacion-del-obi-en-la-teoria-y-la-practica\\\/#primaryimage\"},\"thumbnailUrl\":\"https:\\\/\\\/ebookifa.com\\\/wp\\\/wp-content\\\/uploads\\\/2021\\\/07\\\/Captura-de-Pantalla-2021-07-18-a-las-7.20.36-p.-m..png\",\"datePublished\":\"2022-11-23T16:24:50+00:00\",\"dateModified\":\"2022-11-23T16:44:42+00:00\",\"description\":\"l. La forma y la funci\u00f3n de la adivinaci\u00f3n2. El papel del adivino\u00a03. Preguntas apropiadas para el Or\u00e1culo4. Tres reglas de adivinaci\u00f3n5. La anatom\u00eda del Or\u00e1culo6. Usando los cuatro Cowries para la adivinaci\u00f3n7. Preparando el Obi8. Prepar\u00e1ndose para lanzar el Or\u00e1culo9. Lanzamiento del Or\u00e1culo10. Registrando el lanzamiento11. Las cinco posiciones b\u00e1sicasSecci\u00f3n Intermedia12. Las nueve caracter\u00edsticas13. Estudiando las direcciones de los segmentos14. Explorando el Opon IfaSecci\u00f3n Avanzada15. La naturaleza de Od\u00fa16. La anatom\u00eda de Od\u00fa17. Los diecis\u00e9is Oju Od\u00fa18. Transponer el reparto a Od\u00fa19. El Od\u00fa y las preguntas de S\u00ed\\\/No20. Explorando la orientaci\u00f3n de un Od\u00fa21. El Od\u00fa y la fuerza de una respuesta\",\"breadcrumb\":{\"@id\":\"https:\\\/\\\/ebookifa.com\\\/wp\\\/producto\\\/awo-obi-la-adivinacion-del-obi-en-la-teoria-y-la-practica\\\/#breadcrumb\"},\"inLanguage\":\"en-US\",\"potentialAction\":[{\"@type\":\"ReadAction\",\"target\":[\"https:\\\/\\\/ebookifa.com\\\/wp\\\/producto\\\/awo-obi-la-adivinacion-del-obi-en-la-teoria-y-la-practica\\\/\"]}]},{\"@type\":\"ImageObject\",\"inLanguage\":\"en-US\",\"@id\":\"https:\\\/\\\/ebookifa.com\\\/wp\\\/producto\\\/awo-obi-la-adivinacion-del-obi-en-la-teoria-y-la-practica\\\/#primaryimage\",\"url\":\"https:\\\/\\\/ebookifa.com\\\/wp\\\/wp-content\\\/uploads\\\/2021\\\/07\\\/Captura-de-Pantalla-2021-07-18-a-las-7.20.36-p.-m..png\",\"contentUrl\":\"https:\\\/\\\/ebookifa.com\\\/wp\\\/wp-content\\\/uploads\\\/2021\\\/07\\\/Captura-de-Pantalla-2021-07-18-a-las-7.20.36-p.-m..png\",\"width\":561,\"height\":864},{\"@type\":\"BreadcrumbList\",\"@id\":\"https:\\\/\\\/ebookifa.com\\\/wp\\\/producto\\\/awo-obi-la-adivinacion-del-obi-en-la-teoria-y-la-practica\\\/#breadcrumb\",\"itemListElement\":[{\"@type\":\"ListItem\",\"position\":1,\"name\":\"Portada\",\"item\":\"https:\\\/\\\/ebookifa.com\\\/wp\\\/\"},{\"@type\":\"ListItem\",\"position\":2,\"name\":\"Store\",\"item\":\"https:\\\/\\\/ebookifa.com\\\/wp\\\/tienda\\\/\"},{\"@type\":\"ListItem\",\"position\":3,\"name\":\"Awo Obi La adivinaci\u00f3n del Obi en la Teor\u00eda y la Practica\"}]},{\"@type\":\"WebSite\",\"@id\":\"https:\\\/\\\/ebookifa.com\\\/wp\\\/#website\",\"url\":\"https:\\\/\\\/ebookifa.com\\\/wp\\\/\",\"name\":\"E-book Ifa Store\",\"description\":\"My WordPress Blog\",\"publisher\":{\"@id\":\"https:\\\/\\\/ebookifa.com\\\/wp\\\/#\\\/schema\\\/person\\\/f9caa434d3fd96bdb215d86e20928259\"},\"potentialAction\":[{\"@type\":\"SearchAction\",\"target\":{\"@type\":\"EntryPoint\",\"urlTemplate\":\"https:\\\/\\\/ebookifa.com\\\/wp\\\/?s={search_term_string}\"},\"query-input\":{\"@type\":\"PropertyValueSpecification\",\"valueRequired\":true,\"valueName\":\"search_term_string\"}}],\"inLanguage\":\"en-US\"},{\"@type\":[\"Person\",\"Organization\"],\"@id\":\"https:\\\/\\\/ebookifa.com\\\/wp\\\/#\\\/schema\\\/person\\\/f9caa434d3fd96bdb215d86e20928259\",\"name\":\"admin\",\"image\":{\"@type\":\"ImageObject\",\"inLanguage\":\"en-US\",\"@id\":\"https:\\\/\\\/ebookifa.com\\\/wp\\\/wp-content\\\/uploads\\\/2021\\\/04\\\/cropped-large-2.png\",\"url\":\"https:\\\/\\\/ebookifa.com\\\/wp\\\/wp-content\\\/uploads\\\/2021\\\/04\\\/cropped-large-2.png\",\"contentUrl\":\"https:\\\/\\\/ebookifa.com\\\/wp\\\/wp-content\\\/uploads\\\/2021\\\/04\\\/cropped-large-2.png\",\"width\":600,\"height\":391,\"caption\":\"admin\"},\"logo\":{\"@id\":\"https:\\\/\\\/ebookifa.com\\\/wp\\\/wp-content\\\/uploads\\\/2021\\\/04\\\/cropped-large-2.png\"},\"sameAs\":[\"https:\\\/\\\/ebookifa.com\\\/wp\"]}]}<\/script>\n<!-- \/ Yoast SEO plugin. -->","yoast_head_json":{"title":"Awo Obi La adivinaci\u00f3n del Obi en la Teor\u00eda y la Practica - E-book Ifa Store","description":"l. La forma y la funci\u00f3n de la adivinaci\u00f3n2. El papel del adivino\u00a03. Preguntas apropiadas para el Or\u00e1culo4. Tres reglas de adivinaci\u00f3n5. La anatom\u00eda del Or\u00e1culo6. Usando los cuatro Cowries para la adivinaci\u00f3n7. Preparando el Obi8. Prepar\u00e1ndose para lanzar el Or\u00e1culo9. Lanzamiento del Or\u00e1culo10. Registrando el lanzamiento11. Las cinco posiciones b\u00e1sicasSecci\u00f3n Intermedia12. Las nueve caracter\u00edsticas13. Estudiando las direcciones de los segmentos14. Explorando el Opon IfaSecci\u00f3n Avanzada15. La naturaleza de Od\u00fa16. La anatom\u00eda de Od\u00fa17. Los diecis\u00e9is Oju Od\u00fa18. Transponer el reparto a Od\u00fa19. El Od\u00fa y las preguntas de S\u00ed\/No20. Explorando la orientaci\u00f3n de un Od\u00fa21. El Od\u00fa y la fuerza de una respuesta","robots":{"index":"index","follow":"follow","max-snippet":"max-snippet:-1","max-image-preview":"max-image-preview:large","max-video-preview":"max-video-preview:-1"},"canonical":"https:\/\/ebookifa.com\/wp\/producto\/awo-obi-la-adivinacion-del-obi-en-la-teoria-y-la-practica\/","og_locale":"en_US","og_type":"article","og_title":"Awo Obi La adivinaci\u00f3n del Obi en la Teor\u00eda y la Practica - E-book Ifa Store","og_description":"l. La forma y la funci\u00f3n de la adivinaci\u00f3n2. El papel del adivino\u00a03. Preguntas apropiadas para el Or\u00e1culo4. Tres reglas de adivinaci\u00f3n5. La anatom\u00eda del Or\u00e1culo6. Usando los cuatro Cowries para la adivinaci\u00f3n7. Preparando el Obi8. Prepar\u00e1ndose para lanzar el Or\u00e1culo9. Lanzamiento del Or\u00e1culo10. Registrando el lanzamiento11. Las cinco posiciones b\u00e1sicasSecci\u00f3n Intermedia12. Las nueve caracter\u00edsticas13. Estudiando las direcciones de los segmentos14. Explorando el Opon IfaSecci\u00f3n Avanzada15. La naturaleza de Od\u00fa16. La anatom\u00eda de Od\u00fa17. Los diecis\u00e9is Oju Od\u00fa18. Transponer el reparto a Od\u00fa19. El Od\u00fa y las preguntas de S\u00ed\/No20. Explorando la orientaci\u00f3n de un Od\u00fa21. El Od\u00fa y la fuerza de una respuesta","og_url":"https:\/\/ebookifa.com\/wp\/producto\/awo-obi-la-adivinacion-del-obi-en-la-teoria-y-la-practica\/","og_site_name":"E-book Ifa Store","article_modified_time":"2022-11-23T16:44:42+00:00","og_image":[{"width":561,"height":864,"url":"https:\/\/ebookifa.com\/wp\/wp-content\/uploads\/2021\/07\/Captura-de-Pantalla-2021-07-18-a-las-7.20.36-p.-m..png","type":"image\/png"}],"twitter_card":"summary_large_image","twitter_misc":{"Est. reading time":"1 minute"},"schema":{"@context":"https:\/\/schema.org","@graph":[{"@type":"WebPage","@id":"https:\/\/ebookifa.com\/wp\/producto\/awo-obi-la-adivinacion-del-obi-en-la-teoria-y-la-practica\/","url":"https:\/\/ebookifa.com\/wp\/producto\/awo-obi-la-adivinacion-del-obi-en-la-teoria-y-la-practica\/","name":"Awo Obi La adivinaci\u00f3n del Obi en la Teor\u00eda y la Practica - E-book Ifa Store","isPartOf":{"@id":"https:\/\/ebookifa.com\/wp\/#website"},"primaryImageOfPage":{"@id":"https:\/\/ebookifa.com\/wp\/producto\/awo-obi-la-adivinacion-del-obi-en-la-teoria-y-la-practica\/#primaryimage"},"image":{"@id":"https:\/\/ebookifa.com\/wp\/producto\/awo-obi-la-adivinacion-del-obi-en-la-teoria-y-la-practica\/#primaryimage"},"thumbnailUrl":"https:\/\/ebookifa.com\/wp\/wp-content\/uploads\/2021\/07\/Captura-de-Pantalla-2021-07-18-a-las-7.20.36-p.-m..png","datePublished":"2022-11-23T16:24:50+00:00","dateModified":"2022-11-23T16:44:42+00:00","description":"l. La forma y la funci\u00f3n de la adivinaci\u00f3n2. El papel del adivino\u00a03. Preguntas apropiadas para el Or\u00e1culo4. Tres reglas de adivinaci\u00f3n5. La anatom\u00eda del Or\u00e1culo6. Usando los cuatro Cowries para la adivinaci\u00f3n7. Preparando el Obi8. Prepar\u00e1ndose para lanzar el Or\u00e1culo9. Lanzamiento del Or\u00e1culo10. Registrando el lanzamiento11. Las cinco posiciones b\u00e1sicasSecci\u00f3n Intermedia12. Las nueve caracter\u00edsticas13. Estudiando las direcciones de los segmentos14. Explorando el Opon IfaSecci\u00f3n Avanzada15. La naturaleza de Od\u00fa16. La anatom\u00eda de Od\u00fa17. Los diecis\u00e9is Oju Od\u00fa18. Transponer el reparto a Od\u00fa19. El Od\u00fa y las preguntas de S\u00ed\/No20. Explorando la orientaci\u00f3n de un Od\u00fa21. El Od\u00fa y la fuerza de una respuesta","breadcrumb":{"@id":"https:\/\/ebookifa.com\/wp\/producto\/awo-obi-la-adivinacion-del-obi-en-la-teoria-y-la-practica\/#breadcrumb"},"inLanguage":"en-US","potentialAction":[{"@type":"ReadAction","target":["https:\/\/ebookifa.com\/wp\/producto\/awo-obi-la-adivinacion-del-obi-en-la-teoria-y-la-practica\/"]}]},{"@type":"ImageObject","inLanguage":"en-US","@id":"https:\/\/ebookifa.com\/wp\/producto\/awo-obi-la-adivinacion-del-obi-en-la-teoria-y-la-practica\/#primaryimage","url":"https:\/\/ebookifa.com\/wp\/wp-content\/uploads\/2021\/07\/Captura-de-Pantalla-2021-07-18-a-las-7.20.36-p.-m..png","contentUrl":"https:\/\/ebookifa.com\/wp\/wp-content\/uploads\/2021\/07\/Captura-de-Pantalla-2021-07-18-a-las-7.20.36-p.-m..png","width":561,"height":864},{"@type":"BreadcrumbList","@id":"https:\/\/ebookifa.com\/wp\/producto\/awo-obi-la-adivinacion-del-obi-en-la-teoria-y-la-practica\/#breadcrumb","itemListElement":[{"@type":"ListItem","position":1,"name":"Portada","item":"https:\/\/ebookifa.com\/wp\/"},{"@type":"ListItem","position":2,"name":"Store","item":"https:\/\/ebookifa.com\/wp\/tienda\/"},{"@type":"ListItem","position":3,"name":"Awo Obi La adivinaci\u00f3n del Obi en la Teor\u00eda y la Practica"}]},{"@type":"WebSite","@id":"https:\/\/ebookifa.com\/wp\/#website","url":"https:\/\/ebookifa.com\/wp\/","name":"E-book Ifa Store","description":"My WordPress Blog","publisher":{"@id":"https:\/\/ebookifa.com\/wp\/#\/schema\/person\/f9caa434d3fd96bdb215d86e20928259"},"potentialAction":[{"@type":"SearchAction","target":{"@type":"EntryPoint","urlTemplate":"https:\/\/ebookifa.com\/wp\/?s={search_term_string}"},"query-input":{"@type":"PropertyValueSpecification","valueRequired":true,"valueName":"search_term_string"}}],"inLanguage":"en-US"},{"@type":["Person","Organization"],"@id":"https:\/\/ebookifa.com\/wp\/#\/schema\/person\/f9caa434d3fd96bdb215d86e20928259","name":"admin","image":{"@type":"ImageObject","inLanguage":"en-US","@id":"https:\/\/ebookifa.com\/wp\/wp-content\/uploads\/2021\/04\/cropped-large-2.png","url":"https:\/\/ebookifa.com\/wp\/wp-content\/uploads\/2021\/04\/cropped-large-2.png","contentUrl":"https:\/\/ebookifa.com\/wp\/wp-content\/uploads\/2021\/04\/cropped-large-2.png","width":600,"height":391,"caption":"admin"},"logo":{"@id":"https:\/\/ebookifa.com\/wp\/wp-content\/uploads\/2021\/04\/cropped-large-2.png"},"sameAs":["https:\/\/ebookifa.com\/wp"]}]}},"_links":{"self":[{"href":"https:\/\/ebookifa.com\/wp\/wp-json\/wp\/v2\/product\/1406","targetHints":{"allow":["GET"]}}],"collection":[{"href":"https:\/\/ebookifa.com\/wp\/wp-json\/wp\/v2\/product"}],"about":[{"href":"https:\/\/ebookifa.com\/wp\/wp-json\/wp\/v2\/types\/product"}],"replies":[{"embeddable":true,"href":"https:\/\/ebookifa.com\/wp\/wp-json\/wp\/v2\/comments?post=1406"}],"wp:featuredmedia":[{"embeddable":true,"href":"https:\/\/ebookifa.com\/wp\/wp-json\/wp\/v2\/media\/469"}],"wp:attachment":[{"href":"https:\/\/ebookifa.com\/wp\/wp-json\/wp\/v2\/media?parent=1406"}],"wp:term":[{"taxonomy":"product_brand","embeddable":true,"href":"https:\/\/ebookifa.com\/wp\/wp-json\/wp\/v2\/product_brand?post=1406"},{"taxonomy":"product_cat","embeddable":true,"href":"https:\/\/ebookifa.com\/wp\/wp-json\/wp\/v2\/product_cat?post=1406"},{"taxonomy":"product_tag","embeddable":true,"href":"https:\/\/ebookifa.com\/wp\/wp-json\/wp\/v2\/product_tag?post=1406"}],"curies":[{"name":"wp","href":"https:\/\/api.w.org\/{rel}","templated":true}]}}